{"id":785247,"date":"2026-03-26T16:46:16","date_gmt":"2026-03-26T13:46:16","guid":{"rendered":"https:\/\/roveyayinevi.com.tr\/index.php\/urun\/barbiecikartmalarla-tarzini-konustur\/"},"modified":"2026-04-15T03:48:48","modified_gmt":"2026-04-15T00:48:48","slug":"barbiecikartmalarla-tarzini-konustur","status":"publish","type":"product","link":"https:\/\/roveyayinevi.com.tr\/index.php\/urun\/barbiecikartmalarla-tarzini-konustur\/","title":{"rendered":"Barbie;\u00c7\u0131kartmalarla Tarz\u0131n\u0131 Konu\u015ftur!"},"content":{"rendered":"<p>Malibu, Brooklyn ve arkada\u015flar\u0131n\u0131 ister hayallerindeki mesle\u011fe g\u00f6re ister en sevdikleri renklerle birer moda ikonuna d\u00f6n\u00fc\u015ft\u00fcr. Benzersiz kombin se\u00e7ene\u011fi ve birbirinden \u015f\u0131k \u00e7\u0131kartmalarla birlikte e\u011flenceli boyamalar ve etkinlikler seni bekliyor!<\/p>\n","protected":false},"excerpt":{"rendered":"<p>Malibu, Brooklyn ve arkada\u015flar\u0131n\u0131 ister hayallerindeki mesle\u011fe g\u00f6re ister en sevdikleri renklerle birer moda ikonuna d\u00f6n\u00fc\u015ft\u00fcr. Benzersiz kombin se\u00e7ene\u011fi ve birbirinden \u015f\u0131k \u00e7\u0131kartmalarla birlikte e\u011flenceli boyamalar<span class=\"excerpt-hellip\"> [\u2026]<\/span><\/p>\n","protected":false},"featured_media":0,"template":"","meta":{"_monsterinsights_skip_tracking":false,"_monsterinsights_sitenote_active":false,"_monsterinsights_sitenote_note":"","_monsterinsights_sitenote_category":0},"product_brand":[],"product_cat":[141304],"product_tag":[],"class_list":{"0":"post-785247","1":"product","2":"type-product","3":"status-publish","5":"product_cat-yeni-cikanlar","6":"pa_cilt-ciltsiz","7":"pa_tur-kitap","8":"pa_yayinevi-dogan-cocuk","9":"pa_yazar-kolektif","11":"first","12":"instock","13":"sale","14":"shipping-taxable","15":"purchasable","16":"product-type-simple"},"_links":{"self":[{"href":"https:\/\/roveyayinevi.com.tr\/index.php\/wp-json\/wp\/v2\/product\/785247","targetHints":{"allow":["GET"]}}],"collection":[{"href":"https:\/\/roveyayinevi.com.tr\/index.php\/wp-json\/wp\/v2\/product"}],"about":[{"href":"https:\/\/roveyayinevi.com.tr\/index.php\/wp-json\/wp\/v2\/types\/product"}],"wp:attachment":[{"href":"https:\/\/roveyayinevi.com.tr\/index.php\/wp-json\/wp\/v2\/media?parent=785247"}],"wp:term":[{"taxonomy":"product_brand","embeddable":true,"href":"https:\/\/roveyayinevi.com.tr\/index.php\/wp-json\/wp\/v2\/product_brand?post=785247"},{"taxonomy":"product_cat","embeddable":true,"href":"https:\/\/roveyayinevi.com.tr\/index.php\/wp-json\/wp\/v2\/product_cat?post=785247"},{"taxonomy":"product_tag","embeddable":true,"href":"https:\/\/roveyayinevi.com.tr\/index.php\/wp-json\/wp\/v2\/product_tag?post=785247"}],"curies":[{"name":"wp","href":"https:\/\/api.w.org\/{rel}","templated":true}]}}