{"id":785246,"date":"2026-03-26T16:46:13","date_gmt":"2026-03-26T13:46:13","guid":{"rendered":"https:\/\/roveyayinevi.com.tr\/index.php\/urun\/disney-stic-dev-cikartmalar-etkinlik-kitabi\/"},"modified":"2026-04-15T03:48:48","modified_gmt":"2026-04-15T00:48:48","slug":"disney-stic-dev-cikartmalar-etkinlik-kitabi","status":"publish","type":"product","link":"https:\/\/roveyayinevi.com.tr\/index.php\/urun\/disney-stic-dev-cikartmalar-etkinlik-kitabi\/","title":{"rendered":"Disney Sti\u00e7 &#8211; Dev \u00c7\u0131kartmalar Etkinlik Kitab\u0131"},"content":{"rendered":"<p>Sti\u00e7 ve s\u0131ra d\u0131\u015f\u0131 arkada\u015flar\u0131n\u0131n kocaman d\u00fcnyas\u0131na ad\u0131m at, etkinliklerle dolu bu maceraya kat\u0131l!  DEVASA metalik \u00e7\u0131kartmalar, saatlerce e\u011flenece\u011fin bulmacalar, oyunlar ve \u00e7ok daha fazlas\u0131 seni bekliyor.<\/p>\n","protected":false},"excerpt":{"rendered":"<p>Sti\u00e7 ve s\u0131ra d\u0131\u015f\u0131 arkada\u015flar\u0131n\u0131n kocaman d\u00fcnyas\u0131na ad\u0131m at, etkinliklerle dolu bu maceraya kat\u0131l! DEVASA metalik \u00e7\u0131kartmalar, saatlerce e\u011flenece\u011fin bulmacalar, oyunlar ve \u00e7ok daha fazlas\u0131 seni<span class=\"excerpt-hellip\"> [\u2026]<\/span><\/p>\n","protected":false},"featured_media":0,"template":"","meta":{"_monsterinsights_skip_tracking":false,"_monsterinsights_sitenote_active":false,"_monsterinsights_sitenote_note":"","_monsterinsights_sitenote_category":0},"product_brand":[],"product_cat":[12554,12274],"product_tag":[],"class_list":{"0":"post-785246","1":"product","2":"type-product","3":"status-publish","5":"product_cat-cikartmali-kitaplar","6":"product_cat-cocuk-ve-genclik-kitaplari","7":"pa_cilt-ciltsiz","8":"pa_tur-kitap","9":"pa_yayinevi-dogan-cocuk","10":"pa_yazar-kolektif","12":"first","13":"instock","14":"sale","15":"shipping-taxable","16":"purchasable","17":"product-type-simple"},"_links":{"self":[{"href":"https:\/\/roveyayinevi.com.tr\/index.php\/wp-json\/wp\/v2\/product\/785246","targetHints":{"allow":["GET"]}}],"collection":[{"href":"https:\/\/roveyayinevi.com.tr\/index.php\/wp-json\/wp\/v2\/product"}],"about":[{"href":"https:\/\/roveyayinevi.com.tr\/index.php\/wp-json\/wp\/v2\/types\/product"}],"wp:attachment":[{"href":"https:\/\/roveyayinevi.com.tr\/index.php\/wp-json\/wp\/v2\/media?parent=785246"}],"wp:term":[{"taxonomy":"product_brand","embeddable":true,"href":"https:\/\/roveyayinevi.com.tr\/index.php\/wp-json\/wp\/v2\/product_brand?post=785246"},{"taxonomy":"product_cat","embeddable":true,"href":"https:\/\/roveyayinevi.com.tr\/index.php\/wp-json\/wp\/v2\/product_cat?post=785246"},{"taxonomy":"product_tag","embeddable":true,"href":"https:\/\/roveyayinevi.com.tr\/index.php\/wp-json\/wp\/v2\/product_tag?post=785246"}],"curies":[{"name":"wp","href":"https:\/\/api.w.org\/{rel}","templated":true}]}}