{"id":785244,"date":"2026-03-26T16:16:00","date_gmt":"2026-03-26T13:16:00","guid":{"rendered":"https:\/\/roveyayinevi.com.tr\/index.php\/urun\/mahi-1-ciltli\/"},"modified":"2026-04-15T03:32:40","modified_gmt":"2026-04-15T00:32:40","slug":"mahi-1-ciltli","status":"publish","type":"product","link":"https:\/\/roveyayinevi.com.tr\/index.php\/urun\/mahi-1-ciltli\/","title":{"rendered":"Mahi &#8211; 1 (Ciltli)"},"content":{"rendered":"<p>Mahinev Koran; kalbinin derinlerine g\u00f6md\u00fc\u011f\u00fc a\u015fkla, herhangi bir beklentisi olmadan hayat\u0131na devam ediyordu. O, a\u015fk\u0131ndan yan\u0131p kavrulurken bu ate\u015fi yakan\u0131nsa hi\u00e7bir \u015feyden haberi yoktu.   Ali Asaf Atalar; Mahinev\u2019in g\u00f6\u011fs\u00fcnde g\u00fcnden g\u00fcne b\u00fcy\u00fcyen bir sevdan\u0131n ad\u0131yd\u0131. Kar\u015f\u0131s\u0131ndaki ki\u015finin duygular\u0131ndan habersiz olmas\u0131 bir yana, onun sevdas\u0131n\u0131n kendi g\u00f6lgesinde solaca\u011f\u0131n\u0131 d\u00fc\u015f\u00fcn\u00fcyordu.   Mahi; bir\u00e7ok duyguyu birlikte ya\u015fayaca\u011f\u0131n\u0131z, s\u0131cac\u0131k bir mahalle hik\u00e2yesi okuman\u0131z i\u00e7in sizi sat\u0131r aralar\u0131na davet ediyor. <\/p>\n","protected":false},"excerpt":{"rendered":"<p>Mahinev Koran; kalbinin derinlerine g\u00f6md\u00fc\u011f\u00fc a\u015fkla, herhangi bir beklentisi olmadan hayat\u0131na devam ediyordu. O, a\u015fk\u0131ndan yan\u0131p kavrulurken bu ate\u015fi yakan\u0131nsa hi\u00e7bir \u015feyden haberi yoktu. Ali Asaf<span class=\"excerpt-hellip\"> [\u2026]<\/span><\/p>\n","protected":false},"featured_media":0,"template":"","meta":{"_monsterinsights_skip_tracking":false,"_monsterinsights_sitenote_active":false,"_monsterinsights_sitenote_note":"","_monsterinsights_sitenote_category":0},"product_brand":[],"product_cat":[12291,12711],"product_tag":[],"class_list":{"0":"post-785244","1":"product","2":"type-product","3":"status-publish","5":"product_cat-edebiyat","6":"product_cat-roman-oyku","7":"pa_cilt-ciltli","8":"pa_tur-kitap","9":"pa_yayinevi-pukka-yayinlari","10":"pa_yazar-tugba-atici-cosar","12":"first","13":"instock","14":"sale","15":"shipping-taxable","16":"purchasable","17":"product-type-simple"},"_links":{"self":[{"href":"https:\/\/roveyayinevi.com.tr\/index.php\/wp-json\/wp\/v2\/product\/785244","targetHints":{"allow":["GET"]}}],"collection":[{"href":"https:\/\/roveyayinevi.com.tr\/index.php\/wp-json\/wp\/v2\/product"}],"about":[{"href":"https:\/\/roveyayinevi.com.tr\/index.php\/wp-json\/wp\/v2\/types\/product"}],"wp:attachment":[{"href":"https:\/\/roveyayinevi.com.tr\/index.php\/wp-json\/wp\/v2\/media?parent=785244"}],"wp:term":[{"taxonomy":"product_brand","embeddable":true,"href":"https:\/\/roveyayinevi.com.tr\/index.php\/wp-json\/wp\/v2\/product_brand?post=785244"},{"taxonomy":"product_cat","embeddable":true,"href":"https:\/\/roveyayinevi.com.tr\/index.php\/wp-json\/wp\/v2\/product_cat?post=785244"},{"taxonomy":"product_tag","embeddable":true,"href":"https:\/\/roveyayinevi.com.tr\/index.php\/wp-json\/wp\/v2\/product_tag?post=785244"}],"curies":[{"name":"wp","href":"https:\/\/api.w.org\/{rel}","templated":true}]}}