{"id":785241,"date":"2026-03-26T15:45:59","date_gmt":"2026-03-26T12:45:59","guid":{"rendered":"https:\/\/roveyayinevi.com.tr\/index.php\/urun\/tersine-dusunmek\/"},"modified":"2026-03-26T15:45:59","modified_gmt":"2026-03-26T12:45:59","slug":"tersine-dusunmek","status":"publish","type":"product","link":"https:\/\/roveyayinevi.com.tr\/index.php\/urun\/tersine-dusunmek\/","title":{"rendered":"Tersine D\u00fc\u015f\u00fcnmek"},"content":{"rendered":"<p>\u2018\u2019Hayat\u0131n\u0131z\u0131 de\u011fi\u015ftirecek bir deneyim.\u2019\u2019 Greg McKeown, Podcast Yay\u0131nc\u0131s\u0131, \u00c7oksatan Yazar     Bir hayal edin, harika bir fikriniz var ama \u00e7evrenizden tek duydu\u011funuz \u201cEvet, ama\u2026\u201d ile ba\u015flayan c\u00fcmleler. \u201cEvet, ama bu daha \u00f6nce denendi, i\u015fe yaramaz.\u201d \u201cEvet, ama bir s\u00fcre daha beklesek daha iyi olmaz m\u0131?\u201d \u201cEvet, ama ya i\u015fe yaramazsa?\u201d   Art\u0131k yeter. Hayata ve f\u0131rsatlara \u201cevet, ama\u2026\u201d demeyi b\u0131rak\u0131p \u201cevet, ve\u2026\u201d demeye ba\u015flay\u0131n.   Berthold Gunster\u2019\u0131n bu \u00e7\u0131\u011f\u0131r a\u00e7an kitab\u0131, o \u00e7amura saplanm\u0131\u015f, karamsar \u201cevet, ama\u2026\u201d zihniyetini, merakl\u0131 ve zekice \u201cevet, ve\u2026\u201d bak\u0131\u015f a\u00e7\u0131s\u0131na d\u00f6n\u00fc\u015ft\u00fcr\u00fcyor ve sizi tersine d\u00fc\u015f\u00fcnme sanat\u0131yla tan\u0131\u015ft\u0131r\u0131yor.   Gunster, d\u00fc\u015f\u00fcnce bi\u00e7iminizi s\u0131n\u0131rlamalardan ve yolunuza ta\u015f koyan tehditlerden uzakla\u015ft\u0131r\u0131p ke\u015ffedilmemi\u015f yeni ihtimalleri ve f\u0131rsatlar\u0131 de\u011ferlendirmeye a\u00e7\u0131k hale getirecek on be\u015f tersine d\u00fc\u015f\u00fcnme stratejisini sunuyor. T\u00fcm kurallar\u0131 tersine \u00e7evirmekten d\u00fc\u015fman\u0131 gemiye almaya, anti k\u0131r\u0131lganl\u0131ktan hatalara vurgu yapma stratejisine kadar Gunster&#8217;\u0131n ba\u015far\u0131ya ula\u015ft\u0131ran yenilik\u00e7i y\u00f6ntemleri ve payla\u015ft\u0131\u011f\u0131 hik\u00e2yeler evde, i\u015fte ve sosyal hayat\u0131n her alan\u0131nda ya\u015fad\u0131\u011f\u0131n\u0131z sorunlar\u0131 al\u0131\u015f\u0131lm\u0131\u015f\u0131n tam aksi y\u00f6n\u00fcnde giderek \u00e7\u00f6zmenizi sa\u011flayacak.   Tersine D\u00fc\u015f\u00fcnmek ile al\u0131\u015fk\u0131n oldu\u011funuz yollardan sapmaya haz\u0131r olun! <\/p>\n","protected":false},"excerpt":{"rendered":"<p>\u2018\u2019Hayat\u0131n\u0131z\u0131 de\u011fi\u015ftirecek bir deneyim.\u2019\u2019 Greg McKeown, Podcast Yay\u0131nc\u0131s\u0131, \u00c7oksatan Yazar Bir hayal edin, harika bir fikriniz var ama \u00e7evrenizden tek duydu\u011funuz \u201cEvet, ama\u2026\u201d ile ba\u015flayan c\u00fcmleler.<span class=\"excerpt-hellip\"> [\u2026]<\/span><\/p>\n","protected":false},"featured_media":0,"template":"","meta":{"_monsterinsights_skip_tracking":false,"_monsterinsights_sitenote_active":false,"_monsterinsights_sitenote_note":"","_monsterinsights_sitenote_category":0},"product_brand":[],"product_cat":[12364,12376],"product_tag":[],"class_list":{"0":"post-785241","1":"product","2":"type-product","3":"status-publish","5":"product_cat-genel-konular","6":"product_cat-kisisel-gelisim","7":"pa_cilt-ciltsiz","8":"pa_tur-kitap","9":"pa_yayinevi-mona-kitap","10":"pa_yazar-berthold-gunster","12":"first","13":"instock","14":"sale","15":"shipping-taxable","16":"purchasable","17":"product-type-simple"},"_links":{"self":[{"href":"https:\/\/roveyayinevi.com.tr\/index.php\/wp-json\/wp\/v2\/product\/785241","targetHints":{"allow":["GET"]}}],"collection":[{"href":"https:\/\/roveyayinevi.com.tr\/index.php\/wp-json\/wp\/v2\/product"}],"about":[{"href":"https:\/\/roveyayinevi.com.tr\/index.php\/wp-json\/wp\/v2\/types\/product"}],"wp:attachment":[{"href":"https:\/\/roveyayinevi.com.tr\/index.php\/wp-json\/wp\/v2\/media?parent=785241"}],"wp:term":[{"taxonomy":"product_brand","embeddable":true,"href":"https:\/\/roveyayinevi.com.tr\/index.php\/wp-json\/wp\/v2\/product_brand?post=785241"},{"taxonomy":"product_cat","embeddable":true,"href":"https:\/\/roveyayinevi.com.tr\/index.php\/wp-json\/wp\/v2\/product_cat?post=785241"},{"taxonomy":"product_tag","embeddable":true,"href":"https:\/\/roveyayinevi.com.tr\/index.php\/wp-json\/wp\/v2\/product_tag?post=785241"}],"curies":[{"name":"wp","href":"https:\/\/api.w.org\/{rel}","templated":true}]}}