{"id":785240,"date":"2026-03-26T13:20:03","date_gmt":"2026-03-26T10:20:03","guid":{"rendered":"https:\/\/roveyayinevi.com.tr\/index.php\/urun\/gonul-pinarimdan-suzulen-guzel-sozler\/"},"modified":"2026-04-15T03:48:50","modified_gmt":"2026-04-15T00:48:50","slug":"gonul-pinarimdan-suzulen-guzel-sozler","status":"publish","type":"product","link":"https:\/\/roveyayinevi.com.tr\/index.php\/urun\/gonul-pinarimdan-suzulen-guzel-sozler\/","title":{"rendered":"G\u00f6n\u00fcl P\u0131nar\u0131mdan S\u00fcz\u00fclen G\u00fczel S\u00f6zler"},"content":{"rendered":"<p>\u0130nsan olmak nedir? Do\u011fmak m\u0131? Bazen insan\u0131n i\u00e7inden bir s\u00f6z do\u011far\u2026 Sessizce gelir, kalbe dokunur ve bir p\u0131nar gibi akmaya ba\u015flar. G\u00f6n\u00fcl P\u0131nar\u0131mdan S\u00fcz\u00fclen G\u00fczel S\u00f6zler, hayat\u0131n i\u00e7inden s\u00fcz\u00fclen d\u00fc\u015f\u00fcnceleri, duygular\u0131 ve insan\u0131 insana yakla\u015ft\u0131ran anlaml\u0131 s\u00f6zleri bir araya getiriyor. Her sat\u0131r, g\u00f6nl\u00fcn derinliklerinden gelen bir damla gibi okuyucunun kalbine ula\u015fmay\u0131 ama\u00e7l\u0131yor. Bu kitap, durup d\u00fc\u015f\u00fcnmek, kendine d\u00f6nmek ve g\u00fczel s\u00f6zlerin insan ruhuna dokunan g\u00fcc\u00fcn\u00fc yeniden hat\u0131rlamak isteyenler i\u00e7in\u2026<\/p>\n","protected":false},"excerpt":{"rendered":"<p>\u0130nsan olmak nedir? Do\u011fmak m\u0131? Bazen insan\u0131n i\u00e7inden bir s\u00f6z do\u011far\u2026 Sessizce gelir, kalbe dokunur ve bir p\u0131nar gibi akmaya ba\u015flar. G\u00f6n\u00fcl P\u0131nar\u0131mdan S\u00fcz\u00fclen G\u00fczel S\u00f6zler,<span class=\"excerpt-hellip\"> [\u2026]<\/span><\/p>\n","protected":false},"featured_media":0,"template":"","meta":{"_monsterinsights_skip_tracking":false,"_monsterinsights_sitenote_active":false,"_monsterinsights_sitenote_note":"","_monsterinsights_sitenote_category":0},"product_brand":[],"product_cat":[12777,12291],"product_tag":[],"class_list":{"0":"post-785240","1":"product","2":"type-product","3":"status-publish","5":"product_cat-deneme","6":"product_cat-edebiyat","7":"pa_cilt-ciltsiz","8":"pa_tur-kitap","9":"pa_yayinevi-sinirsiz-kitap","10":"pa_yazar-iprahim-apatay","12":"first","13":"instock","14":"sale","15":"shipping-taxable","16":"purchasable","17":"product-type-simple"},"_links":{"self":[{"href":"https:\/\/roveyayinevi.com.tr\/index.php\/wp-json\/wp\/v2\/product\/785240","targetHints":{"allow":["GET"]}}],"collection":[{"href":"https:\/\/roveyayinevi.com.tr\/index.php\/wp-json\/wp\/v2\/product"}],"about":[{"href":"https:\/\/roveyayinevi.com.tr\/index.php\/wp-json\/wp\/v2\/types\/product"}],"wp:attachment":[{"href":"https:\/\/roveyayinevi.com.tr\/index.php\/wp-json\/wp\/v2\/media?parent=785240"}],"wp:term":[{"taxonomy":"product_brand","embeddable":true,"href":"https:\/\/roveyayinevi.com.tr\/index.php\/wp-json\/wp\/v2\/product_brand?post=785240"},{"taxonomy":"product_cat","embeddable":true,"href":"https:\/\/roveyayinevi.com.tr\/index.php\/wp-json\/wp\/v2\/product_cat?post=785240"},{"taxonomy":"product_tag","embeddable":true,"href":"https:\/\/roveyayinevi.com.tr\/index.php\/wp-json\/wp\/v2\/product_tag?post=785240"}],"curies":[{"name":"wp","href":"https:\/\/api.w.org\/{rel}","templated":true}]}}