{"id":785239,"date":"2026-03-26T12:30:36","date_gmt":"2026-03-26T09:30:36","guid":{"rendered":"https:\/\/roveyayinevi.com.tr\/index.php\/urun\/buyulendiklerim\/"},"modified":"2026-04-11T14:10:42","modified_gmt":"2026-04-11T11:10:42","slug":"buyulendiklerim","status":"publish","type":"product","link":"https:\/\/roveyayinevi.com.tr\/index.php\/urun\/buyulendiklerim\/","title":{"rendered":"B\u00fcy\u00fclendiklerim"},"content":{"rendered":"<p>\u00c7\u00fcnk\u00fc onlarla hem ya\u015fam\u0131n hem yaz\u0131n\u0131n b\u00fcy\u00fcs\u00fcne kap\u0131l\u0131yorum. Bu benim b\u00fcy\u00fcl\u00fc ger\u00e7ekli\u011fim diye d\u00fc\u015f\u00fcn\u00fcyorum; onlarla b\u00fcy\u00fcd\u00fcm, onlarla ve hemen her g\u00fcn ke\u015ffetti\u011fim yeni bir \u00f6yk\u00fcc\u00fc ya da romanc\u0131n\u0131n yap\u0131t\u0131yla da b\u00fcy\u00fclenmeyi s\u00fcrd\u00fcr\u00fcyorum.B\u00fcy\u00fclenmek \u015fahane bir \u015fey, b\u00fcy\u00fcyorsun ama b\u00fcy\u00fcklenmiyorsun, zira hangisine b\u00fcy\u00fck diyece\u011fini \u015fa\u015f\u0131r\u0131yorsun bu yazarlar\u0131n, hepsine ve hi\u00e7birine, o zaman \u2018b\u00fcy\u00fcl\u00fc, b\u00fcy\u00fcleyici\u2019 demek yetiyor i\u015fte; hangi d\u00f6nemden olurlarsa olsunlar, hangi ger\u00e7ek\u00e7ilik anlay\u0131\u015f\u0131na ba\u011fl\u0131 kalarak yazarlarsa yazs\u0131nlar!\u201dEdebiyat\u0131m\u0131z\u0131n de\u011ferli \u015fairi ve yazar\u0131 Haydar Erg\u00fclen bu kitab\u0131nda b\u00fcy\u00fclenerek okudu\u011fu 22 b\u00fcy\u00fck yazar\u0131 anlat\u0131rken, hemen her g\u00fcn ke\u015ffetti\u011fi farkl\u0131 yazarlar\u0131 da anmay\u0131 ihmal etmiyor. Erg\u00fclen, tarihe not d\u00fc\u015fen bu kitab\u0131nda bizleri \u00fclkemizin edebiyat tarihinde b\u00fcy\u00fcl\u00fc bir yolculu\u011fa \u00e7\u0131kar\u0131yor.<\/p>\n","protected":false},"excerpt":{"rendered":"<p>\u00c7\u00fcnk\u00fc onlarla hem ya\u015fam\u0131n hem yaz\u0131n\u0131n b\u00fcy\u00fcs\u00fcne kap\u0131l\u0131yorum. Bu benim b\u00fcy\u00fcl\u00fc ger\u00e7ekli\u011fim diye d\u00fc\u015f\u00fcn\u00fcyorum; onlarla b\u00fcy\u00fcd\u00fcm, onlarla ve hemen her g\u00fcn ke\u015ffetti\u011fim yeni bir \u00f6yk\u00fcc\u00fc ya<span class=\"excerpt-hellip\"> [\u2026]<\/span><\/p>\n","protected":false},"featured_media":0,"template":"","meta":{"_monsterinsights_skip_tracking":false,"_monsterinsights_sitenote_active":false,"_monsterinsights_sitenote_note":"","_monsterinsights_sitenote_category":0},"product_brand":[],"product_cat":[13059,12337],"product_tag":[],"class_list":{"0":"post-785239","1":"product","2":"type-product","3":"status-publish","5":"product_cat-diger-politika-siyaset","6":"product_cat-politika-siyaset","7":"pa_cilt-ciltsiz","8":"pa_tur-kitap","9":"pa_yayinevi-sol-kultur","10":"pa_yazar-haydar-ergulen","12":"first","13":"instock","14":"sale","15":"shipping-taxable","16":"purchasable","17":"product-type-simple"},"_links":{"self":[{"href":"https:\/\/roveyayinevi.com.tr\/index.php\/wp-json\/wp\/v2\/product\/785239","targetHints":{"allow":["GET"]}}],"collection":[{"href":"https:\/\/roveyayinevi.com.tr\/index.php\/wp-json\/wp\/v2\/product"}],"about":[{"href":"https:\/\/roveyayinevi.com.tr\/index.php\/wp-json\/wp\/v2\/types\/product"}],"wp:attachment":[{"href":"https:\/\/roveyayinevi.com.tr\/index.php\/wp-json\/wp\/v2\/media?parent=785239"}],"wp:term":[{"taxonomy":"product_brand","embeddable":true,"href":"https:\/\/roveyayinevi.com.tr\/index.php\/wp-json\/wp\/v2\/product_brand?post=785239"},{"taxonomy":"product_cat","embeddable":true,"href":"https:\/\/roveyayinevi.com.tr\/index.php\/wp-json\/wp\/v2\/product_cat?post=785239"},{"taxonomy":"product_tag","embeddable":true,"href":"https:\/\/roveyayinevi.com.tr\/index.php\/wp-json\/wp\/v2\/product_tag?post=785239"}],"curies":[{"name":"wp","href":"https:\/\/api.w.org\/{rel}","templated":true}]}}