{"id":785237,"date":"2026-03-25T21:09:59","date_gmt":"2026-03-25T18:09:59","guid":{"rendered":"https:\/\/roveyayinevi.com.tr\/index.php\/urun\/demokrasi-ve-elestirileri\/"},"modified":"2026-04-15T03:48:49","modified_gmt":"2026-04-15T00:48:49","slug":"demokrasi-ve-elestirileri","status":"publish","type":"product","link":"https:\/\/roveyayinevi.com.tr\/index.php\/urun\/demokrasi-ve-elestirileri\/","title":{"rendered":"Demokrasi ve Ele\u015ftirileri"},"content":{"rendered":"<p>\u2605 APSA &#8211; Woodrow Wilson Vakf\u0131Kitap \u00d6d\u00fcl\u00fc (1990) \u2605 Elaine ve David Spitz Kitap \u00d6d\u00fcl\u00fc (1991) Demokrasi nedir ve neden \u00f6nemlidir? \u201cHalk\u0131n y\u00f6netimi\u201d fikri hangi varsay\u0131mlara dayan\u0131r ve bu varsay\u0131mlar ne kadar savunulabilir? Siyaset biliminin Nobel\u2019i kabul edilen Johan Skytte \u00d6d\u00fcl\u00fc sahibi, duayen siyaset bilimci Robert A. Dahl; bu ba\u015fyap\u0131t\u0131nda demokratik teorinin temellerini sarsan en k\u00f6kl\u00fc sorularla y\u00fczle\u015fiyor. Dahl, demokrasiyi verili bir ideal olarak kabul etmek yerine; onu tarihsel rakipleri (anar\u015fizm ve koruyuculuk) ve \u00e7a\u011fda\u015f ele\u015ftirmenleri kar\u015f\u0131s\u0131nda titizlikle s\u0131nayarak, gerek\u00e7elendirilmesi gereken bir siyasal d\u00fczen olarak yeniden in\u015fa ediyor. Kitab\u0131n merkezinde, ideal \u201cDemokratik S\u00fcre\u00e7\u201d ile modern toplumlarda fiilen var olan temsil\u00ee sistemler (Poliar\u015filer) aras\u0131ndaki ka\u00e7\u0131n\u0131lmaz gerilim yer al\u0131r. Dahl; \u00c7o\u011funluk Kural\u0131\u2019n\u0131n s\u0131n\u0131rlar\u0131ndan Kapsay\u0131c\u0131l\u0131k Sorunu\u2019na, siyas\u00ee e\u015fitlik ile \u00f6zg\u00fcrl\u00fck aras\u0131ndaki dengeden az\u0131nl\u0131k haklar\u0131na kadar, demokrasinin en \u00e7etrefilli meselelerini b\u00fct\u00fcnl\u00fckl\u00fc bir \u00e7er\u00e7evede ele al\u0131yor. Eser, geli\u015fmi\u015f demokratik devletlerin gelecekte varl\u0131klar\u0131n\u0131 s\u00fcrd\u00fcrebilmeleri i\u00e7in ge\u00e7irmeleri gereken d\u00f6n\u00fc\u015f\u00fcme dair kapsaml\u0131 bir tart\u0131\u015fmayla son buluyor. Demokrasi ve Ele\u015ftirileri, demokrasiyi savunmadan \u00f6nce onu ger\u00e7ekten anlamak isteyenler i\u00e7in; \u00e7a\u011fda\u015f demokratik d\u00fc\u015f\u00fcncenin s\u0131n\u0131rlar\u0131n\u0131 ve imkanlar\u0131n\u0131 berrak bir dille ortaya koyan modern bir klasiktir.\u201cRobert Dahl demokrasi hakk\u0131nda konu\u015ftu\u011funda herkes kulak vermelidir. Demokrasi ve Ele\u015ftirileri ile Dahl, bir ba\u015fka muhakkak klasi\u011fe d\u00f6n\u00fc\u015fecek bir eser ortaya koymu\u015ftur.\u201d \u2014 Lucian W. Pye, American Political Science Review\u201c[Dahl], yarg\u0131\u00e7lar\u0131n toplumda \u2018koruyucu\u2019 rol \u00fcstlenmesini savunanlar da d\u00e2hil olmak \u00fczere, demokrasiyi ele\u015ftirenlere kar\u015f\u0131 onu parlak bir bi\u00e7imde savunuyor. Hukuk\u00e7ular ve hukuk akademisyenleri, bu kitab\u0131n yarg\u0131sal politika yap\u0131m\u0131 tart\u0131\u015fmalar\u0131na kazand\u0131rd\u0131\u011f\u0131 kuramsal ba\u011flamdan b\u00fcy\u00fck fayda sa\u011flayacak; okur ise Dahl\u2019\u0131n b\u00fct\u00fcnl\u00fckl\u00fc ve berrak arg\u00fcmanlar\u0131n\u0131 takdir edecektir.\u201d \u2014 Cary Coglianese, Michigan Law Review<\/p>\n","protected":false},"excerpt":{"rendered":"<p>\u2605 APSA &#8211; Woodrow Wilson Vakf\u0131Kitap \u00d6d\u00fcl\u00fc (1990) \u2605 Elaine ve David Spitz Kitap \u00d6d\u00fcl\u00fc (1991) Demokrasi nedir ve neden \u00f6nemlidir? \u201cHalk\u0131n y\u00f6netimi\u201d fikri hangi varsay\u0131mlara<span class=\"excerpt-hellip\"> [\u2026]<\/span><\/p>\n","protected":false},"featured_media":0,"template":"","meta":{"_monsterinsights_skip_tracking":false,"_monsterinsights_sitenote_active":false,"_monsterinsights_sitenote_note":"","_monsterinsights_sitenote_category":0},"product_brand":[],"product_cat":[13059,12337],"product_tag":[],"class_list":{"0":"post-785237","1":"product","2":"type-product","3":"status-publish","5":"product_cat-diger-politika-siyaset","6":"product_cat-politika-siyaset","7":"pa_cilt-ciltsiz","8":"pa_tur-kitap","9":"pa_yayinevi-serbest-kitaplar","10":"pa_yazar-robert-a-dahl","12":"first","13":"instock","14":"sale","15":"shipping-taxable","16":"purchasable","17":"product-type-simple"},"_links":{"self":[{"href":"https:\/\/roveyayinevi.com.tr\/index.php\/wp-json\/wp\/v2\/product\/785237","targetHints":{"allow":["GET"]}}],"collection":[{"href":"https:\/\/roveyayinevi.com.tr\/index.php\/wp-json\/wp\/v2\/product"}],"about":[{"href":"https:\/\/roveyayinevi.com.tr\/index.php\/wp-json\/wp\/v2\/types\/product"}],"wp:attachment":[{"href":"https:\/\/roveyayinevi.com.tr\/index.php\/wp-json\/wp\/v2\/media?parent=785237"}],"wp:term":[{"taxonomy":"product_brand","embeddable":true,"href":"https:\/\/roveyayinevi.com.tr\/index.php\/wp-json\/wp\/v2\/product_brand?post=785237"},{"taxonomy":"product_cat","embeddable":true,"href":"https:\/\/roveyayinevi.com.tr\/index.php\/wp-json\/wp\/v2\/product_cat?post=785237"},{"taxonomy":"product_tag","embeddable":true,"href":"https:\/\/roveyayinevi.com.tr\/index.php\/wp-json\/wp\/v2\/product_tag?post=785237"}],"curies":[{"name":"wp","href":"https:\/\/api.w.org\/{rel}","templated":true}]}}