{"id":785233,"date":"2026-03-25T21:09:48","date_gmt":"2026-03-25T18:09:48","guid":{"rendered":"https:\/\/roveyayinevi.com.tr\/index.php\/urun\/epstein-karanlik-sirlar\/"},"modified":"2026-04-15T03:48:47","modified_gmt":"2026-04-15T00:48:47","slug":"epstein-karanlik-sirlar","status":"publish","type":"product","link":"https:\/\/roveyayinevi.com.tr\/index.php\/urun\/epstein-karanlik-sirlar\/","title":{"rendered":"Epstein: Karanl\u0131k S\u0131rlar"},"content":{"rendered":"<p>MODERN \u00c7A\u011eIN EN KARANLIK G\u00dc\u00c7 A\u011eLARINDAN BIRI OLAN EPSTEIN DOSYASININ \u00c7ARPICI IF\u015eASI.D\u00fcnyan\u0131n en g\u00fc\u00e7l\u00fc isimleri&#8230;\u00d6zel adalar&#8230;U\u00e7u\u015f listeleri\u2026Kapal\u0131 kap\u0131lar ard\u0131nda yap\u0131lan toplant\u0131lar&#8230;Ve hepsinin merkezinde tek bir isim: EPSTEIN.Brooklyn\u2019de s\u0131radan bir hayatla ba\u015flayan hik\u00e2ye, k\u0131sa s\u00fcre i\u00e7inde Manhattan\u2019\u0131n en pahal\u0131 malik\u00e2nelerine, Wall Street\u2019in kapal\u0131 d\u00fcnyas\u0131na ve k\u00fcresel elit \u00e7evrelere uzanan s\u0131ra d\u0131\u015f\u0131 bir y\u00fckseli\u015fe d\u00f6n\u00fc\u015ft\u00fc. Peki bu y\u00fckseli\u015f nas\u0131l m\u00fcmk\u00fcn oldu?Paran\u0131n kayna\u011f\u0131 kimdi?Bu kitap, Epstein dosyas\u0131n\u0131 yaln\u0131zca bir skandal hik\u00e2yesi olarak de\u011fil; para, g\u00fc\u00e7 ve n\u00fcfuzun i\u00e7 i\u00e7e ge\u00e7ti\u011fi bir sistemin anatomisi olarak ele al\u0131yor. 2008\u2019deki tart\u0131\u015fmal\u0131 anla\u015fmadan 2019\u2019daki tutuklamaya, Jeffrey Epstein\u2019\u0131n d\u00fcnya \u00e7ap\u0131nda yank\u0131 uyand\u0131ran \u00f6l\u00fcm\u00fcne kadar uzanan s\u00fcre\u00e7; belgeler, tan\u0131kl\u0131klar ve a\u00e7\u0131k kaynak verileri \u00fczerinden ad\u0131m ad\u0131m inceleniyor.Epstein yaln\u0131z m\u0131yd\u0131? Yoksa \u00e7ok daha b\u00fcy\u00fck bir a\u011f\u0131n g\u00f6r\u00fcnen y\u00fcz\u00fc m\u00fc?Karanl\u0131k S\u0131rlar, bu sorunun izini resmi belgelerle s\u00fcr\u00fcyor.<\/p>\n","protected":false},"excerpt":{"rendered":"<p>MODERN \u00c7A\u011eIN EN KARANLIK G\u00dc\u00c7 A\u011eLARINDAN BIRI OLAN EPSTEIN DOSYASININ \u00c7ARPICI IF\u015eASI.D\u00fcnyan\u0131n en g\u00fc\u00e7l\u00fc isimleri&#8230;\u00d6zel adalar&#8230;U\u00e7u\u015f listeleri\u2026Kapal\u0131 kap\u0131lar ard\u0131nda yap\u0131lan toplant\u0131lar&#8230;Ve hepsinin merkezinde tek bir isim:<span class=\"excerpt-hellip\"> [\u2026]<\/span><\/p>\n","protected":false},"featured_media":0,"template":"","meta":{"_monsterinsights_skip_tracking":false,"_monsterinsights_sitenote_active":false,"_monsterinsights_sitenote_note":"","_monsterinsights_sitenote_category":0},"product_brand":[],"product_cat":[13059,12337],"product_tag":[],"class_list":{"0":"post-785233","1":"product","2":"type-product","3":"status-publish","5":"product_cat-diger-politika-siyaset","6":"product_cat-politika-siyaset","7":"pa_cilt-ciltsiz","8":"pa_tur-kitap","9":"pa_yayinevi-destek-yayinlari","10":"pa_yazar-turker-akinci","12":"first","13":"instock","14":"sale","15":"shipping-taxable","16":"purchasable","17":"product-type-simple"},"_links":{"self":[{"href":"https:\/\/roveyayinevi.com.tr\/index.php\/wp-json\/wp\/v2\/product\/785233","targetHints":{"allow":["GET"]}}],"collection":[{"href":"https:\/\/roveyayinevi.com.tr\/index.php\/wp-json\/wp\/v2\/product"}],"about":[{"href":"https:\/\/roveyayinevi.com.tr\/index.php\/wp-json\/wp\/v2\/types\/product"}],"wp:attachment":[{"href":"https:\/\/roveyayinevi.com.tr\/index.php\/wp-json\/wp\/v2\/media?parent=785233"}],"wp:term":[{"taxonomy":"product_brand","embeddable":true,"href":"https:\/\/roveyayinevi.com.tr\/index.php\/wp-json\/wp\/v2\/product_brand?post=785233"},{"taxonomy":"product_cat","embeddable":true,"href":"https:\/\/roveyayinevi.com.tr\/index.php\/wp-json\/wp\/v2\/product_cat?post=785233"},{"taxonomy":"product_tag","embeddable":true,"href":"https:\/\/roveyayinevi.com.tr\/index.php\/wp-json\/wp\/v2\/product_tag?post=785233"}],"curies":[{"name":"wp","href":"https:\/\/api.w.org\/{rel}","templated":true}]}}