{"id":785232,"date":"2026-03-25T21:09:45","date_gmt":"2026-03-25T18:09:45","guid":{"rendered":"https:\/\/roveyayinevi.com.tr\/index.php\/urun\/mulk-ve-hukuk-osmanli-vergi-duzeninde-mesruiyet-sorunu\/"},"modified":"2026-04-15T03:48:44","modified_gmt":"2026-04-15T00:48:44","slug":"mulk-ve-hukuk-osmanli-vergi-duzeninde-mesruiyet-sorunu","status":"publish","type":"product","link":"https:\/\/roveyayinevi.com.tr\/index.php\/urun\/mulk-ve-hukuk-osmanli-vergi-duzeninde-mesruiyet-sorunu\/","title":{"rendered":"M\u00fclk ve Hukuk: Osmanl\u0131 Vergi D\u00fczeninde Me\u015fruiyet Sorunu"},"content":{"rendered":"<p>Osmanl\u0131 vergi kanunlar\u0131nda yer alan vergiler \u015fer\u2018\u00ee vergilerin bir uzant\u0131s\u0131 m\u0131d\u0131r? Yoksa \u015fer\u2018\u00ee vergilere ek olarak ortaya konmu\u015f \u00f6rf\u00ee d\u00fczenlemeler midir? E\u011fer \u00f6rf\u00ee ise bu vergiler d\u00f6nemin ulemas\u0131 taraf\u0131ndan nas\u0131l me\u015frula\u015ft\u0131r\u0131lm\u0131\u015ft\u0131r?Osmanl\u0131 \u0130mparatorlu\u011fu\u2019nun hukuk sistemi \u00fczerine y\u00fcr\u00fct\u00fclen tart\u0131\u015fmalarda en dikkat \u00e7ekici ba\u015fl\u0131klardan biri, kanun ile \u015feriat aras\u0131ndaki ili\u015fkinin mahiyetidir. \u00d6zellikle vergi hukuku alan\u0131nda, Osmanl\u0131 kanunnamelerinde yer alan d\u00fczenlemelerin \u015fer\u2018\u00ee temellere dayan\u0131p dayanmad\u0131\u011f\u0131 meselesi, akademik literat\u00fcrde farkl\u0131 yorumlara konu olmaktad\u0131r.Mesut Kulan\u2019\u0131n \u201cM\u00fclk ve Hukuk\u201d adl\u0131 \u00e7al\u0131\u015fmas\u0131, i\u015fte bu temel soruya odaklanarak 15. ve 16. y\u00fczy\u0131l Osmanl\u0131 vergi kanunlar\u0131n\u0131, devrin ulemas\u0131n\u0131n fetvalar\u0131 \u00e7er\u00e7evesinde kapsaml\u0131 bi\u00e7imde inceliyor. \u00c7al\u0131\u015fma, Osmanl\u0131 kanunnamelerinde yer alan vergi h\u00fck\u00fcmlerini yaln\u0131zca birer hukuk metni olarak ele almakla kalmay\u0131p ayn\u0131 zamanda fetva mecmualar\u0131, klasik Hanef\u00ee literat\u00fcr\u00fc, ar\u015fiv belgeleri ve kad\u0131 sicilleri \u0131\u015f\u0131\u011f\u0131nda \u00e7ok y\u00f6nl\u00fc bir analiz sunuyor.<\/p>\n","protected":false},"excerpt":{"rendered":"<p>Osmanl\u0131 vergi kanunlar\u0131nda yer alan vergiler \u015fer\u2018\u00ee vergilerin bir uzant\u0131s\u0131 m\u0131d\u0131r? Yoksa \u015fer\u2018\u00ee vergilere ek olarak ortaya konmu\u015f \u00f6rf\u00ee d\u00fczenlemeler midir? E\u011fer \u00f6rf\u00ee ise bu vergiler<span class=\"excerpt-hellip\"> [\u2026]<\/span><\/p>\n","protected":false},"featured_media":0,"template":"","meta":{"_monsterinsights_skip_tracking":false,"_monsterinsights_sitenote_active":false,"_monsterinsights_sitenote_note":"","_monsterinsights_sitenote_category":0},"product_brand":[],"product_cat":[12370,12304],"product_tag":[],"class_list":{"0":"post-785232","1":"product","2":"type-product","3":"status-publish","5":"product_cat-arastirma-inceleme","6":"product_cat-tarih","7":"pa_cilt-ciltsiz","8":"pa_tur-kitap","9":"pa_yayinevi-timas-akademi-yayinlari","10":"pa_yazar-mesut-kulan","12":"first","13":"instock","14":"sale","15":"shipping-taxable","16":"purchasable","17":"product-type-simple"},"_links":{"self":[{"href":"https:\/\/roveyayinevi.com.tr\/index.php\/wp-json\/wp\/v2\/product\/785232","targetHints":{"allow":["GET"]}}],"collection":[{"href":"https:\/\/roveyayinevi.com.tr\/index.php\/wp-json\/wp\/v2\/product"}],"about":[{"href":"https:\/\/roveyayinevi.com.tr\/index.php\/wp-json\/wp\/v2\/types\/product"}],"wp:attachment":[{"href":"https:\/\/roveyayinevi.com.tr\/index.php\/wp-json\/wp\/v2\/media?parent=785232"}],"wp:term":[{"taxonomy":"product_brand","embeddable":true,"href":"https:\/\/roveyayinevi.com.tr\/index.php\/wp-json\/wp\/v2\/product_brand?post=785232"},{"taxonomy":"product_cat","embeddable":true,"href":"https:\/\/roveyayinevi.com.tr\/index.php\/wp-json\/wp\/v2\/product_cat?post=785232"},{"taxonomy":"product_tag","embeddable":true,"href":"https:\/\/roveyayinevi.com.tr\/index.php\/wp-json\/wp\/v2\/product_tag?post=785232"}],"curies":[{"name":"wp","href":"https:\/\/api.w.org\/{rel}","templated":true}]}}