{"id":785231,"date":"2026-03-25T21:09:40","date_gmt":"2026-03-25T18:09:40","guid":{"rendered":"https:\/\/roveyayinevi.com.tr\/index.php\/urun\/konstantiniyyenin-gokyuzu\/"},"modified":"2026-03-25T21:09:40","modified_gmt":"2026-03-25T18:09:40","slug":"konstantiniyyenin-gokyuzu","status":"publish","type":"product","link":"https:\/\/roveyayinevi.com.tr\/index.php\/urun\/konstantiniyyenin-gokyuzu\/","title":{"rendered":"Konstantiniyye\u2019nin G\u00f6ky\u00fcz\u00fc"},"content":{"rendered":"<p>Bir g\u00f6ky\u00fcz\u00fc d\u00fc\u015f\u00fcn\u2026Ayn\u0131 \u015fehir.Farkl\u0131 y\u00fczy\u0131llar.Bamba\u015fka kaderler.Leyla bir k\u00fcrat\u00f6r. Hayat\u0131n\u0131 sanat eserlerini korumaya adam\u0131\u015f, ge\u00e7mi\u015fi cam vitrinlerin arkas\u0131ndan izlemeye al\u0131\u015fm\u0131\u015f biri. Ta ki bir minyat\u00fcre dokunana kadar\u2026Bir an.Bir temas.Ve her \u015fey de\u011fi\u015fir.G\u00f6zlerini a\u00e7t\u0131\u011f\u0131nda y\u0131l 1494\u2019t\u00fcr. Konstantiniyye\u2019nin g\u00f6ky\u00fcz\u00fc daha parlak ve \u0131\u015f\u0131l \u0131\u015f\u0131ld\u0131r. Saray entrikalar\u0131n\u0131n, taht kavgalar\u0131n\u0131n ve kaderle \u00f6r\u00fclm\u00fc\u015f bir a\u015fk\u0131n tam ortas\u0131nda bulur kendini. Kar\u015f\u0131s\u0131nda ise tarihin sert y\u00fcz\u00fcyle bilinen bir \u015fehzade vard\u0131r: Selim. Ama tarihin yazd\u0131\u011f\u0131 adam ile Leyla\u2019n\u0131n tan\u0131d\u0131\u011f\u0131 adam ayn\u0131 m\u0131d\u0131r? Leyla\u2019n\u0131n kalbi ile tarihin ak\u0131\u015f\u0131 aras\u0131nda bir se\u00e7im yapmas\u0131 gerekir. Sevdi\u011fi adam\u0131n kaderini de\u011fi\u015ftirmek mi\u2026 Yoksa tarihin yaz\u0131lmas\u0131na izin vermek mi? Ancak zaman, tek y\u00f6nl\u00fc bir nehir de\u011fildir. Ve baz\u0131 minyat\u00fcrler sadece k\u00e2\u011f\u0131d\u0131 de\u011fil, yazg\u0131y\u0131 da \u00e7izer. \u00c7\u00fcnk\u00fc bu hik\u00e2yede ba\u015flang\u0131\u00e7, sonun i\u00e7ine saklanm\u0131\u015ft\u0131r; son da en ba\u015f\u0131ndan beri yakla\u015fmaktad\u0131r. Ancak zaman, tek y\u00f6nl\u00fc bir nehir de\u011fildir. Baz\u0131 a\u015fklar, \u00f6nce sona var\u0131r\u2026 Sonra ba\u015flar.Ge\u00e7mi\u015f ve gelecek birbirine kar\u0131\u015f\u0131rken, a\u015fk bir imparatorlu\u011fun g\u00f6lgesinde s\u0131nan\u0131rken, g\u00f6ky\u00fcz\u00fc her \u00e7a\u011fda ayn\u0131 soruyu f\u0131s\u0131ldar:Kader yaz\u0131l\u0131r m\u0131, yoksa yeniden \u00e7izilebilir mi? Konstantiniyye\u2019nin G\u00f6ky\u00fcz\u00fc; a\u015fk, fedak\u00e2rl\u0131k, zaman ve tarihin i\u00e7 i\u00e7e ge\u00e7ti\u011fi b\u00fcy\u00fcl\u00fc bir yolculuk.G\u00f6ky\u00fcz\u00fcne bakmaya haz\u0131r m\u0131s\u0131n?<\/p>\n","protected":false},"excerpt":{"rendered":"<p>Bir g\u00f6ky\u00fcz\u00fc d\u00fc\u015f\u00fcn\u2026Ayn\u0131 \u015fehir.Farkl\u0131 y\u00fczy\u0131llar.Bamba\u015fka kaderler.Leyla bir k\u00fcrat\u00f6r. Hayat\u0131n\u0131 sanat eserlerini korumaya adam\u0131\u015f, ge\u00e7mi\u015fi cam vitrinlerin arkas\u0131ndan izlemeye al\u0131\u015fm\u0131\u015f biri. Ta ki bir minyat\u00fcre dokunana kadar\u2026Bir<span class=\"excerpt-hellip\"> [\u2026]<\/span><\/p>\n","protected":false},"featured_media":0,"template":"","meta":{"_monsterinsights_skip_tracking":false,"_monsterinsights_sitenote_active":false,"_monsterinsights_sitenote_note":"","_monsterinsights_sitenote_category":0},"product_brand":[],"product_cat":[12291,12711],"product_tag":[],"class_list":{"0":"post-785231","1":"product","2":"type-product","3":"status-publish","5":"product_cat-edebiyat","6":"product_cat-roman-oyku","7":"pa_cilt-ciltsiz","8":"pa_tur-kitap","9":"pa_yayinevi-parola-yayinlari","10":"pa_yazar-mehtap-karakaya","12":"first","13":"instock","14":"sale","15":"shipping-taxable","16":"purchasable","17":"product-type-simple"},"_links":{"self":[{"href":"https:\/\/roveyayinevi.com.tr\/index.php\/wp-json\/wp\/v2\/product\/785231","targetHints":{"allow":["GET"]}}],"collection":[{"href":"https:\/\/roveyayinevi.com.tr\/index.php\/wp-json\/wp\/v2\/product"}],"about":[{"href":"https:\/\/roveyayinevi.com.tr\/index.php\/wp-json\/wp\/v2\/types\/product"}],"wp:attachment":[{"href":"https:\/\/roveyayinevi.com.tr\/index.php\/wp-json\/wp\/v2\/media?parent=785231"}],"wp:term":[{"taxonomy":"product_brand","embeddable":true,"href":"https:\/\/roveyayinevi.com.tr\/index.php\/wp-json\/wp\/v2\/product_brand?post=785231"},{"taxonomy":"product_cat","embeddable":true,"href":"https:\/\/roveyayinevi.com.tr\/index.php\/wp-json\/wp\/v2\/product_cat?post=785231"},{"taxonomy":"product_tag","embeddable":true,"href":"https:\/\/roveyayinevi.com.tr\/index.php\/wp-json\/wp\/v2\/product_tag?post=785231"}],"curies":[{"name":"wp","href":"https:\/\/api.w.org\/{rel}","templated":true}]}}