{"id":785230,"date":"2026-03-25T21:09:31","date_gmt":"2026-03-25T18:09:31","guid":{"rendered":"https:\/\/roveyayinevi.com.tr\/index.php\/urun\/kiz-nesesi-ciltli\/"},"modified":"2026-04-03T03:39:22","modified_gmt":"2026-04-03T00:39:22","slug":"kiz-nesesi-ciltli","status":"publish","type":"product","link":"https:\/\/roveyayinevi.com.tr\/index.php\/urun\/kiz-nesesi-ciltli\/","title":{"rendered":"K\u0131z Ne\u015fesi Ciltli"},"content":{"rendered":"<p>Bir g\u00fcn bir \u015fey s\u00f6yledim ve BU s\u00f6z\u00fcm yazd\u0131\u011f\u0131m kitaplardan daha \u00e7ok bilindi, benim ad\u0131mdan daha \u00e7ok tan\u0131nd\u0131, T\u00fcrkiye\u2019ye yay\u0131ld\u0131: K\u0131z Ne\u015fesi! Liseli k\u0131zlar\u0131n, her ya\u015ftan kad\u0131n \u00f6\u011fretmenin, ev kad\u0131n\u0131n\u0131n, \u00e7ift\u00e7i kad\u0131n\u0131n, b\u00fcy\u00fckannenin, torunun ve annenin BU s\u00f6z\u00fcm\u00fc ba\u011fr\u0131na basmas\u0131ndaki co\u015fku, i\u015fte tam da benim o iki s\u00f6zc\u00fc\u011fe s\u0131\u011fd\u0131rd\u0131\u011f\u0131m, varl\u0131\u011f\u0131 insanl\u0131\u011f\u0131n ba\u015flang\u0131c\u0131ndan beri bilinen ama ad\u0131 \u00f6zellikle silinmi\u015f, saklanm\u0131\u015f, unutturulmu\u015f o b\u00fcy\u00fck enerjinin, o e\u015fsiz g\u00fcc\u00fcn ve o muhte\u015fem ayr\u0131cal\u0131\u011f\u0131n kendisiydi. BU, k\u0131z ne\u015fesi\u2019nin ta kendisiydi. K\u0131z ne\u015fesi, cand\u0131r; d\u00fcnyan\u0131n koru, ate\u015fidir, insan uygarl\u0131\u011f\u0131n\u0131n h\u00e2l\u00e2 devam etmesini sa\u011flayan enerjinin ve g\u00fcc\u00fcn, \u015fefkat ve merhametin kayna\u011f\u0131d\u0131r. Kad\u0131nlar olmadan ne insanl\u0131k ne de insan uygarl\u0131\u011f\u0131 var olabilirdi; olamaz da. BU y\u00fczden k\u0131z ne\u015fesi sadece kad\u0131nlara de\u011fil, erkeklere de b\u00fcy\u00fck bir arma\u011fand\u0131r. Kad\u0131n yoksa erkek olamaz; kad\u0131n\u0131n ezildi\u011fi, \u00f6ld\u00fcr\u00fcld\u00fc\u011f\u00fc, haklar\u0131n\u0131n k\u0131s\u0131tland\u0131\u011f\u0131 bir d\u00fcnyada uygarl\u0131k ve huzur olamaz, zaten hi\u00e7 olmad\u0131. * Buket Uzuner, BU kitab\u0131nda, \u201cSevgili Kad\u0131nlar, K\u0131z Ne\u015fesi adl\u0131 BU ya\u015fam enerjinizi babalar\u0131n\u0131z\u0131n, kocalar\u0131n\u0131z\u0131n, a\u011fabeylerinizin, hatta o\u011fullar\u0131n\u0131z\u0131n bile \u00f6ld\u00fcrmesine sak\u0131n izin vermeyin! O sizin ya\u015fam garantinizdir, hayat\u0131n\u0131za herkes gelir ve gider ama o enerji, o g\u00fc\u00e7 sizde kald\u0131\u011f\u0131 s\u00fcrece hayatta kal\u0131rs\u0131n\u0131z,\u201d diyor.<\/p>\n","protected":false},"excerpt":{"rendered":"<p>Bir g\u00fcn bir \u015fey s\u00f6yledim ve BU s\u00f6z\u00fcm yazd\u0131\u011f\u0131m kitaplardan daha \u00e7ok bilindi, benim ad\u0131mdan daha \u00e7ok tan\u0131nd\u0131, T\u00fcrkiye\u2019ye yay\u0131ld\u0131: K\u0131z Ne\u015fesi! Liseli k\u0131zlar\u0131n, her ya\u015ftan<span class=\"excerpt-hellip\"> [\u2026]<\/span><\/p>\n","protected":false},"featured_media":0,"template":"","meta":{"_monsterinsights_skip_tracking":false,"_monsterinsights_sitenote_active":false,"_monsterinsights_sitenote_note":"","_monsterinsights_sitenote_category":0},"product_brand":[],"product_cat":[12777,12291],"product_tag":[],"class_list":{"0":"post-785230","1":"product","2":"type-product","3":"status-publish","5":"product_cat-deneme","6":"product_cat-edebiyat","7":"pa_cilt-ciltli","8":"pa_tur-kitap","9":"pa_yayinevi-everest-yayinlari","10":"pa_yazar-buket-uzuner","12":"first","13":"instock","14":"sale","15":"shipping-taxable","16":"purchasable","17":"product-type-simple"},"_links":{"self":[{"href":"https:\/\/roveyayinevi.com.tr\/index.php\/wp-json\/wp\/v2\/product\/785230","targetHints":{"allow":["GET"]}}],"collection":[{"href":"https:\/\/roveyayinevi.com.tr\/index.php\/wp-json\/wp\/v2\/product"}],"about":[{"href":"https:\/\/roveyayinevi.com.tr\/index.php\/wp-json\/wp\/v2\/types\/product"}],"wp:attachment":[{"href":"https:\/\/roveyayinevi.com.tr\/index.php\/wp-json\/wp\/v2\/media?parent=785230"}],"wp:term":[{"taxonomy":"product_brand","embeddable":true,"href":"https:\/\/roveyayinevi.com.tr\/index.php\/wp-json\/wp\/v2\/product_brand?post=785230"},{"taxonomy":"product_cat","embeddable":true,"href":"https:\/\/roveyayinevi.com.tr\/index.php\/wp-json\/wp\/v2\/product_cat?post=785230"},{"taxonomy":"product_tag","embeddable":true,"href":"https:\/\/roveyayinevi.com.tr\/index.php\/wp-json\/wp\/v2\/product_tag?post=785230"}],"curies":[{"name":"wp","href":"https:\/\/api.w.org\/{rel}","templated":true}]}}