{"id":785225,"date":"2026-03-25T21:02:09","date_gmt":"2026-03-25T18:02:09","guid":{"rendered":"https:\/\/roveyayinevi.com.tr\/index.php\/urun\/gokkubbede-hos-bir-sada-ismail-e-erunsal-ile-hatirda-kalanlar\/"},"modified":"2026-04-15T03:38:53","modified_gmt":"2026-04-15T00:38:53","slug":"gokkubbede-hos-bir-sada-ismail-e-erunsal-ile-hatirda-kalanlar","status":"publish","type":"product","link":"https:\/\/roveyayinevi.com.tr\/index.php\/urun\/gokkubbede-hos-bir-sada-ismail-e-erunsal-ile-hatirda-kalanlar\/","title":{"rendered":"G\u00f6kkubbede Ho\u015f Bir Sada &#8211; \u0130smail E. Er\u00fcnsal ile Hat\u0131rda Kalanlar"},"content":{"rendered":"<p>Er\u00fcnsal Hoca bir hocan\u0131n bir \u015feyi \u00f6\u011fretebilmek i\u00e7in, ders verdi\u011fi konular\u0131n \u00f6tesinde \u00e7ok ciddi bir birikimi olmas\u0131 gerekti\u011fini ilm\u00ee derinli\u011fi ile hissettiren hocalardand\u0131. Nuray MERT \u0130SAM K\u00fct\u00fcphanesi deyince benim s\u00f6yleyece\u011fim \u015fudur: \u0130SAM K\u00fct\u00fcphanesi \u0130smail Er\u00fcnsal\u2019\u0131n eseridir. Bizimki sadece ona yard\u0131mc\u0131 olmaktan ibaret olmu\u015ftur. Tayyar ALTIKULA\u00c7 Osmanl\u0131 sosyal ve k\u00fclt\u00fcrel tarihi i\u00e7in de bilinmedik, beklenmedik hususlar tespit etmi\u015f; herkesin hayranl\u0131kla okudu\u011fu bilgileri ortaya \u00e7\u0131karm\u0131\u015ft\u0131r. \u0130\u015fte burada uzun y\u0131llar s\u00fcren m\u00fb-\u015fik\u00e2f ve sab\u0131rl\u0131 tabiat\u0131 a\u00e7\u0131k\u00e7a g\u00f6r\u00fcl\u00fcr. Ekmelettin \u0130HSANO\u011eLU Her kar\u015f\u0131la\u015fmam\u0131zda ondan yeni \u015feyler \u00f6\u011frenmenin hazz\u0131yla ayr\u0131ld\u0131m. Benim gibi yan\u0131na kim u\u011frarsa ilmen, sinnen ve ahlaken a\u011fabeylik yap\u0131yordu. A\u011fabey kelimesinin i\u00e7eri\u011fini dolduran her \u00f6zelli\u011fe sahipti; merhamet, yard\u0131m, himaye, \u015fefkat\u2026 \u0130skender PALA \u0130smail Er\u00fcnsal demek vefak\u00e2rl\u0131k, edep, samimiyet, \u00e7al\u0131\u015fkanl\u0131k, ilm\u00ee ciddiyet, tevazu, c\u00f6mertlik demektir. Bir ihtisas k\u00fct\u00fcphanesi nedir, nas\u0131l kurulur, nas\u0131l devam ettirilir, bunlar\u0131 ondan \u00f6\u011frendik. Hayrettin KARAMAN \u0130nsanlar, \u00f6zellikle yeti\u015fme \u00e7a\u011f\u0131nda g\u00f6rd\u00fckleri iyi ya da olumsuz \u00f6rnekleri kendileri i\u00e7in model al\u0131yorlar. Bundan sonraki hayat\u0131mda benden birisi bir \u015fey istedi\u011fi zaman hep \u0130smail Bey\u2019in bu alicenap tavr\u0131n\u0131 hat\u0131rlar\u0131m. \u0130\u00e7imden bazen \u201cyahu, bu ki\u015fi buna de\u011fmez\u201d diye bir itiraz y\u00fckselse bile \u00e7ok daha g\u00fc\u00e7l\u00fc bir ses \u201chay\u0131r, sen hocalar\u0131ndan b\u00f6yle g\u00f6rmedin, yard\u0131m etmek boynunun borcudur\u201d diye hep birinci sesi bast\u0131rd\u0131. Bunda \u0130smail Er\u00fcnsal Bey\u2019in tavr\u0131n\u0131n b\u00fcy\u00fck rol\u00fc oldu\u011fu kanaatindeyim. Mustafa \u0130SEN<\/p>\n","protected":false},"excerpt":{"rendered":"<p>Er\u00fcnsal Hoca bir hocan\u0131n bir \u015feyi \u00f6\u011fretebilmek i\u00e7in, ders verdi\u011fi konular\u0131n \u00f6tesinde \u00e7ok ciddi bir birikimi olmas\u0131 gerekti\u011fini ilm\u00ee derinli\u011fi ile hissettiren hocalardand\u0131. Nuray MERT \u0130SAM<span class=\"excerpt-hellip\"> [\u2026]<\/span><\/p>\n","protected":false},"featured_media":0,"template":"","meta":{"_monsterinsights_skip_tracking":false,"_monsterinsights_sitenote_active":false,"_monsterinsights_sitenote_note":"","_monsterinsights_sitenote_category":0},"product_brand":[],"product_cat":[14009,12291],"product_tag":[],"class_list":{"0":"post-785225","1":"product","2":"type-product","3":"status-publish","5":"product_cat-biyografi-otobiyografi-edebiyat","6":"product_cat-edebiyat","7":"pa_cilt-ciltsiz","8":"pa_tur-kitap","9":"pa_yayinevi-timas-yayinlari","10":"pa_yazar-asiye-kakirman-yildiz","12":"first","13":"instock","14":"sale","15":"shipping-taxable","16":"purchasable","17":"product-type-simple"},"_links":{"self":[{"href":"https:\/\/roveyayinevi.com.tr\/index.php\/wp-json\/wp\/v2\/product\/785225","targetHints":{"allow":["GET"]}}],"collection":[{"href":"https:\/\/roveyayinevi.com.tr\/index.php\/wp-json\/wp\/v2\/product"}],"about":[{"href":"https:\/\/roveyayinevi.com.tr\/index.php\/wp-json\/wp\/v2\/types\/product"}],"wp:attachment":[{"href":"https:\/\/roveyayinevi.com.tr\/index.php\/wp-json\/wp\/v2\/media?parent=785225"}],"wp:term":[{"taxonomy":"product_brand","embeddable":true,"href":"https:\/\/roveyayinevi.com.tr\/index.php\/wp-json\/wp\/v2\/product_brand?post=785225"},{"taxonomy":"product_cat","embeddable":true,"href":"https:\/\/roveyayinevi.com.tr\/index.php\/wp-json\/wp\/v2\/product_cat?post=785225"},{"taxonomy":"product_tag","embeddable":true,"href":"https:\/\/roveyayinevi.com.tr\/index.php\/wp-json\/wp\/v2\/product_tag?post=785225"}],"curies":[{"name":"wp","href":"https:\/\/api.w.org\/{rel}","templated":true}]}}