{"id":785222,"date":"2026-03-25T20:50:59","date_gmt":"2026-03-25T17:50:59","guid":{"rendered":"https:\/\/roveyayinevi.com.tr\/index.php\/urun\/teknoloji-ve-insan-secme-oykuler\/"},"modified":"2026-04-02T03:28:27","modified_gmt":"2026-04-02T00:28:27","slug":"teknoloji-ve-insan-secme-oykuler","status":"publish","type":"product","link":"https:\/\/roveyayinevi.com.tr\/index.php\/urun\/teknoloji-ve-insan-secme-oykuler\/","title":{"rendered":"\u201cTeknoloji ve \u0130nsan\u201d Se\u00e7me \u00d6yk\u00fcler"},"content":{"rendered":"<p>Her ne kadar g\u00fcn\u00fcm\u00fczde kuram ve uygulama birbirinden neredeyse tamamen farkl\u0131 sahalar olarak alg\u0131lansa da felsefe tarihine bakt\u0131\u011f\u0131m\u0131zda kuramsal \u201cbilgi\u201d anlam\u0131na gelen epist\u00eam\u00ea ile uygulamal\u0131 \u201czanaat\u201d anlam\u0131na gelen techn\u00ea aras\u0131ndaki ili\u015fkinin bundan daha karma\u015f\u0131k oldu\u011funu g\u00f6r\u00fcr\u00fcz. \u00d6z\u00fcnde birbirine tezat gibi g\u00f6r\u00fcnen bu iki kavram aras\u0131nda asl\u0131nda \u00e7ok yak\u0131n ve birbirini tamamlay\u0131c\u0131 bir ili\u015fki de vard\u0131r. Teknoloji bilgiyi, bilgi de teknolojiyi do\u011furur. Daha da \u00f6nemlisi, her ikisi de ba\u015fl\u0131ca be\u015fer\u00ee erdemlerdendir ve bu nedenle her ikisinin de ahlaki bir temeli de olmak zorundad\u0131r. Sundu\u011fu mesleki ve akademik programlar\u0131yla bu erdemleri birle\u015ftiren Kapadokya \u00dcniversitesinin \u201cAk\u0131l, Ahlak, Adalet, Adap\u201d d\u00fcsturunu kavram\u0131\u015f 20 gen\u00e7 yazar, bu kitapta okuyuculara i\u015fte bu \u00e7er\u00e7eveden sesleniyor. T\u00fcrk Dili ve Edebiyat\u0131 B\u00f6l\u00fcm\u00fcn\u00fcn art\u0131k tam anlam\u0131yla geleneksel hale gelmi\u015f ve T\u00fcrkiye\u2019nin d\u00f6rt bir k\u00f6\u015fesinden gen\u00e7 yazarlar\u0131n haberdar olup takip etti\u011fi \u201cLiseliler \u00d6yk\u00fc Yar\u0131\u015fmas\u0131\u201dn\u0131n 2022 y\u0131l\u0131ndaki se\u00e7kisi olan \u201cTeknoloji ve \u0130nsan,\u201d 21. y\u00fczy\u0131lda ve sonras\u0131nda be\u015fer\u00ee erdemlere yak\u0131\u015f\u0131r ve tek evimiz olan mavi gezegenimizi ya\u015famakta oldu\u011fu y\u0131k\u0131mdan kurtarabilecek teknoloji-insan ili\u015fkilerinin nas\u0131l olmas\u0131 gerekti\u011fini sorguluyor. Bilgilerini sanatlar\u0131 ile birle\u015ftirmi\u015f, \u201csanal d\u00fcnya\u201d i\u00e7erisinde ayaklar\u0131 h\u00e2l\u00e2 \u201cyere\u201d basan, bug\u00fcn\u00fc ve yar\u0131n\u0131 kendi durduklar\u0131 yerden okuyan yazarlar\u0131m\u0131z\u0131n eserlerinin sizlerin de d\u00fcnyaya dair yeni okumalar yapmas\u0131na vesile olmas\u0131n\u0131 dilerim.<\/p>\n","protected":false},"excerpt":{"rendered":"<p>Her ne kadar g\u00fcn\u00fcm\u00fczde kuram ve uygulama birbirinden neredeyse tamamen farkl\u0131 sahalar olarak alg\u0131lansa da felsefe tarihine bakt\u0131\u011f\u0131m\u0131zda kuramsal \u201cbilgi\u201d anlam\u0131na gelen epist\u00eam\u00ea ile uygulamal\u0131 \u201czanaat\u201d<span class=\"excerpt-hellip\"> [\u2026]<\/span><\/p>\n","protected":false},"featured_media":0,"template":"","meta":{"_monsterinsights_skip_tracking":false,"_monsterinsights_sitenote_active":false,"_monsterinsights_sitenote_note":"","_monsterinsights_sitenote_category":0},"product_brand":[],"product_cat":[12291,18202],"product_tag":[],"class_list":{"0":"post-785222","1":"product","2":"type-product","3":"status-publish","5":"product_cat-edebiyat","6":"product_cat-hikaye","7":"pa_cilt-ciltsiz","8":"pa_tur-kitap","9":"pa_yayinevi-kapadokya-universitesi-yayinlari","10":"pa_yazar-kolektif","12":"first","13":"instock","14":"sale","15":"shipping-taxable","16":"purchasable","17":"product-type-simple"},"_links":{"self":[{"href":"https:\/\/roveyayinevi.com.tr\/index.php\/wp-json\/wp\/v2\/product\/785222","targetHints":{"allow":["GET"]}}],"collection":[{"href":"https:\/\/roveyayinevi.com.tr\/index.php\/wp-json\/wp\/v2\/product"}],"about":[{"href":"https:\/\/roveyayinevi.com.tr\/index.php\/wp-json\/wp\/v2\/types\/product"}],"wp:attachment":[{"href":"https:\/\/roveyayinevi.com.tr\/index.php\/wp-json\/wp\/v2\/media?parent=785222"}],"wp:term":[{"taxonomy":"product_brand","embeddable":true,"href":"https:\/\/roveyayinevi.com.tr\/index.php\/wp-json\/wp\/v2\/product_brand?post=785222"},{"taxonomy":"product_cat","embeddable":true,"href":"https:\/\/roveyayinevi.com.tr\/index.php\/wp-json\/wp\/v2\/product_cat?post=785222"},{"taxonomy":"product_tag","embeddable":true,"href":"https:\/\/roveyayinevi.com.tr\/index.php\/wp-json\/wp\/v2\/product_tag?post=785222"}],"curies":[{"name":"wp","href":"https:\/\/api.w.org\/{rel}","templated":true}]}}