{"id":785220,"date":"2026-03-25T20:38:40","date_gmt":"2026-03-25T17:38:40","guid":{"rendered":"https:\/\/roveyayinevi.com.tr\/index.php\/urun\/gizemli-yeralti-kutuphanesi-3-gece-hirsizi\/"},"modified":"2026-04-08T03:11:37","modified_gmt":"2026-04-08T00:11:37","slug":"gizemli-yeralti-kutuphanesi-3-gece-hirsizi","status":"publish","type":"product","link":"https:\/\/roveyayinevi.com.tr\/index.php\/urun\/gizemli-yeralti-kutuphanesi-3-gece-hirsizi\/","title":{"rendered":"Gizemli Yeralt\u0131 K\u00fct\u00fcphanesi 3 &#8211; Gece H\u0131rs\u0131z\u0131"},"content":{"rendered":"<p>G\u00f6rkemli bir k\u00f6\u015fkte\u2026Dik kayal\u0131klar\u0131n en y\u00fcksek tepesinde\u2026Eski zamanlardan kalma bir ta\u015f\u0131n alt\u0131nda\u2026Yerin alt\u0131na a\u00e7\u0131lan bir kapa\u011f\u0131n ard\u0131nda\u2026B\u00fcy\u00fck bir s\u0131r yat\u0131yor.Mollett Malik\u00e2nesi\u2019nde ya\u015fayan k\u00fc\u00e7\u00fck hizmet\u00e7i k\u0131z Tally, gizli k\u00fct\u00fcphanenin muhaf\u0131z\u0131d\u0131r. Sincap dostu \u015eansl\u0131 ile birlikte, k\u00fct\u00fcphanedeki sihirli kitaplar\u0131 kullanarak gizemli olaylar\u0131 \u00e7\u00f6zmek onun i\u00e7in \u00e7ocuk oyunca\u011f\u0131d\u0131r. Tally, baz\u0131 sesler malik\u00e2ne sakinlerini geceleri rahats\u0131z etmeye ba\u015flad\u0131\u011f\u0131nda sihirli kitaplardan yard\u0131m ister. Fakat bu seslerin sahibi bir hayalet olabilir mi? S\u0131rlar K\u00fct\u00fcphanesi, hi\u00e7 kimsenin g\u00f6remedi\u011fi bir \u015feyi yakalamak i\u00e7in ona yard\u0131m edebilir mi?<\/p>\n","protected":false},"excerpt":{"rendered":"<p>G\u00f6rkemli bir k\u00f6\u015fkte\u2026Dik kayal\u0131klar\u0131n en y\u00fcksek tepesinde\u2026Eski zamanlardan kalma bir ta\u015f\u0131n alt\u0131nda\u2026Yerin alt\u0131na a\u00e7\u0131lan bir kapa\u011f\u0131n ard\u0131nda\u2026B\u00fcy\u00fck bir s\u0131r yat\u0131yor.Mollett Malik\u00e2nesi\u2019nde ya\u015fayan k\u00fc\u00e7\u00fck hizmet\u00e7i k\u0131z Tally,<span class=\"excerpt-hellip\"> [\u2026]<\/span><\/p>\n","protected":false},"featured_media":0,"template":"","meta":{"_monsterinsights_skip_tracking":false,"_monsterinsights_sitenote_active":false,"_monsterinsights_sitenote_note":"","_monsterinsights_sitenote_category":0},"product_brand":[],"product_cat":[12291,12711],"product_tag":[],"class_list":{"0":"post-785220","1":"product","2":"type-product","3":"status-publish","5":"product_cat-edebiyat","6":"product_cat-roman-oyku","7":"pa_cilt-ciltsiz","8":"pa_tur-kitap","9":"pa_yayinevi-genc-timas","10":"pa_yazar-abie-longstaff","12":"first","13":"instock","14":"sale","15":"shipping-taxable","16":"purchasable","17":"product-type-simple"},"_links":{"self":[{"href":"https:\/\/roveyayinevi.com.tr\/index.php\/wp-json\/wp\/v2\/product\/785220","targetHints":{"allow":["GET"]}}],"collection":[{"href":"https:\/\/roveyayinevi.com.tr\/index.php\/wp-json\/wp\/v2\/product"}],"about":[{"href":"https:\/\/roveyayinevi.com.tr\/index.php\/wp-json\/wp\/v2\/types\/product"}],"wp:attachment":[{"href":"https:\/\/roveyayinevi.com.tr\/index.php\/wp-json\/wp\/v2\/media?parent=785220"}],"wp:term":[{"taxonomy":"product_brand","embeddable":true,"href":"https:\/\/roveyayinevi.com.tr\/index.php\/wp-json\/wp\/v2\/product_brand?post=785220"},{"taxonomy":"product_cat","embeddable":true,"href":"https:\/\/roveyayinevi.com.tr\/index.php\/wp-json\/wp\/v2\/product_cat?post=785220"},{"taxonomy":"product_tag","embeddable":true,"href":"https:\/\/roveyayinevi.com.tr\/index.php\/wp-json\/wp\/v2\/product_tag?post=785220"}],"curies":[{"name":"wp","href":"https:\/\/api.w.org\/{rel}","templated":true}]}}