{"id":785219,"date":"2026-03-25T20:29:50","date_gmt":"2026-03-25T17:29:50","guid":{"rendered":"https:\/\/roveyayinevi.com.tr\/index.php\/urun\/bu-iste-bir-oyun-var-set-10-kitap\/"},"modified":"2026-04-08T03:04:07","modified_gmt":"2026-04-08T00:04:07","slug":"bu-iste-bir-oyun-var-set-10-kitap","status":"publish","type":"product","link":"https:\/\/roveyayinevi.com.tr\/index.php\/urun\/bu-iste-bir-oyun-var-set-10-kitap\/","title":{"rendered":"Bu \u0130\u015fte Bir Oyun Var -Set (10 Kitap)"},"content":{"rendered":"<p>B\u00fct\u00fcn g\u00fcn tabletten oyun oynayan, d\u0131\u015far\u0131 bile \u00e7\u0131kmayan arkada\u015f grubunun hayat\u0131 bir anda de\u011fi\u015fir. \u0130stoptan saklambaca hatta su sava\u015f\u0131na kadar pek \u00e7ok oyunu da b\u00f6ylece \u00f6\u011frenirler.Ancak bu sefer de anneleri teknoloji ba\u011f\u0131ml\u0131s\u0131 olur. Peki \u015fimdi ne olacak? S\u0131ra d\u0131\u015f\u0131 bir maceraya haz\u0131r olun! <\/p>\n","protected":false},"excerpt":{"rendered":"<p>B\u00fct\u00fcn g\u00fcn tabletten oyun oynayan, d\u0131\u015far\u0131 bile \u00e7\u0131kmayan arkada\u015f grubunun hayat\u0131 bir anda de\u011fi\u015fir. \u0130stoptan saklambaca hatta su sava\u015f\u0131na kadar pek \u00e7ok oyunu da b\u00f6ylece \u00f6\u011frenirler.Ancak<span class=\"excerpt-hellip\"> [\u2026]<\/span><\/p>\n","protected":false},"featured_media":0,"template":"","meta":{"_monsterinsights_skip_tracking":false,"_monsterinsights_sitenote_active":false,"_monsterinsights_sitenote_note":"","_monsterinsights_sitenote_category":0},"product_brand":[],"product_cat":[12275,12274],"product_tag":[],"class_list":{"0":"post-785219","1":"product","2":"type-product","3":"status-publish","5":"product_cat-6-12-yas-kitaplari","6":"product_cat-cocuk-ve-genclik-kitaplari","7":"pa_cilt-set","8":"pa_tur-kitap","9":"pa_yayinevi-mavi-kirpi-yayinlari","10":"pa_yazar-kuzey-bulut","12":"first","13":"instock","14":"sale","15":"shipping-taxable","16":"purchasable","17":"product-type-simple"},"_links":{"self":[{"href":"https:\/\/roveyayinevi.com.tr\/index.php\/wp-json\/wp\/v2\/product\/785219","targetHints":{"allow":["GET"]}}],"collection":[{"href":"https:\/\/roveyayinevi.com.tr\/index.php\/wp-json\/wp\/v2\/product"}],"about":[{"href":"https:\/\/roveyayinevi.com.tr\/index.php\/wp-json\/wp\/v2\/types\/product"}],"wp:attachment":[{"href":"https:\/\/roveyayinevi.com.tr\/index.php\/wp-json\/wp\/v2\/media?parent=785219"}],"wp:term":[{"taxonomy":"product_brand","embeddable":true,"href":"https:\/\/roveyayinevi.com.tr\/index.php\/wp-json\/wp\/v2\/product_brand?post=785219"},{"taxonomy":"product_cat","embeddable":true,"href":"https:\/\/roveyayinevi.com.tr\/index.php\/wp-json\/wp\/v2\/product_cat?post=785219"},{"taxonomy":"product_tag","embeddable":true,"href":"https:\/\/roveyayinevi.com.tr\/index.php\/wp-json\/wp\/v2\/product_tag?post=785219"}],"curies":[{"name":"wp","href":"https:\/\/api.w.org\/{rel}","templated":true}]}}