{"id":785217,"date":"2026-03-25T20:20:44","date_gmt":"2026-03-25T17:20:44","guid":{"rendered":"https:\/\/roveyayinevi.com.tr\/index.php\/urun\/sahipsizler\/"},"modified":"2026-04-16T02:45:39","modified_gmt":"2026-04-15T23:45:39","slug":"sahipsizler","status":"publish","type":"product","link":"https:\/\/roveyayinevi.com.tr\/index.php\/urun\/sahipsizler\/","title":{"rendered":"Sahipsizler"},"content":{"rendered":"<p>Elinora Gassbeek\u2019in K\u00fc\u00e7\u00fck Lale Yetimhanesi\u2019nin m\u00fcdiresi oldu\u011fu bunca y\u0131lda, Bebek Terk Etme Kurallar\u0131 bir kez olsun \u00e7i\u011fnenmedi. Ta ki, 1886 sonbahar\u0131nda be\u015f bebek ak\u0131l almaz ko\u015fullarda tek edilinceye kadar: biri teneke alet kutusunda, biri k\u00f6m\u00fcr kovas\u0131nda, biri piknik sepetinde, biri bu\u011fday \u00e7uval\u0131nda ve sonuncusu tabut \u015feklindeki bir sepette.Bu bebekler Lotta, Egg, Fenna, Sem ve Milou\u2019ydu. Ac\u0131mas\u0131z m\u00fcdire, \u00e7ocuklara \u2018Sahipsizler\u2019 diye hitap ediyor fakat bu yetenekli en iyi arkada\u015flar grubu, farkl\u0131 olman\u0131n onlar\u0131 \u00f6zel k\u0131lan ve bir arada tutan \u015fey oldu\u011funu biliyor. Gizemli bir beyefendi, onlar\u0131 sahiplenmeye \u00e7al\u0131\u015ft\u0131\u011f\u0131nda, \u00e7ocuklar Amsterdam\u2019\u0131n donmu\u015f kanallar\u0131nda g\u00f6z\u00fcpek bir maceraya at\u0131l\u0131rlar. Korsan gemileri, saat\u00e7iler, zalim k\u00f6t\u00fc adamlar ve kuklalarla dolu bu ka\u00e7\u0131\u015f hik\u00e2yesinde onlar\u0131 eve g\u00f6t\u00fcrecek \u015fey sadece bir ipucu k\u0131r\u0131nt\u0131s\u0131\u2026<\/p>\n","protected":false},"excerpt":{"rendered":"<p>Elinora Gassbeek\u2019in K\u00fc\u00e7\u00fck Lale Yetimhanesi\u2019nin m\u00fcdiresi oldu\u011fu bunca y\u0131lda, Bebek Terk Etme Kurallar\u0131 bir kez olsun \u00e7i\u011fnenmedi. Ta ki, 1886 sonbahar\u0131nda be\u015f bebek ak\u0131l almaz ko\u015fullarda<span class=\"excerpt-hellip\"> [\u2026]<\/span><\/p>\n","protected":false},"featured_media":0,"template":"","meta":{"_monsterinsights_skip_tracking":false,"_monsterinsights_sitenote_active":false,"_monsterinsights_sitenote_note":"","_monsterinsights_sitenote_category":0},"product_brand":[],"product_cat":[12275,12274],"product_tag":[],"class_list":{"0":"post-785217","1":"product","2":"type-product","3":"status-publish","5":"product_cat-6-12-yas-kitaplari","6":"product_cat-cocuk-ve-genclik-kitaplari","7":"pa_cilt-ciltsiz","8":"pa_tur-kitap","9":"pa_yayinevi-genc-timas","10":"pa_yazar-hana-tooke","12":"first","13":"instock","14":"sale","15":"shipping-taxable","16":"purchasable","17":"product-type-simple"},"_links":{"self":[{"href":"https:\/\/roveyayinevi.com.tr\/index.php\/wp-json\/wp\/v2\/product\/785217","targetHints":{"allow":["GET"]}}],"collection":[{"href":"https:\/\/roveyayinevi.com.tr\/index.php\/wp-json\/wp\/v2\/product"}],"about":[{"href":"https:\/\/roveyayinevi.com.tr\/index.php\/wp-json\/wp\/v2\/types\/product"}],"wp:attachment":[{"href":"https:\/\/roveyayinevi.com.tr\/index.php\/wp-json\/wp\/v2\/media?parent=785217"}],"wp:term":[{"taxonomy":"product_brand","embeddable":true,"href":"https:\/\/roveyayinevi.com.tr\/index.php\/wp-json\/wp\/v2\/product_brand?post=785217"},{"taxonomy":"product_cat","embeddable":true,"href":"https:\/\/roveyayinevi.com.tr\/index.php\/wp-json\/wp\/v2\/product_cat?post=785217"},{"taxonomy":"product_tag","embeddable":true,"href":"https:\/\/roveyayinevi.com.tr\/index.php\/wp-json\/wp\/v2\/product_tag?post=785217"}],"curies":[{"name":"wp","href":"https:\/\/api.w.org\/{rel}","templated":true}]}}