{"id":785215,"date":"2026-03-25T19:56:07","date_gmt":"2026-03-25T16:56:07","guid":{"rendered":"https:\/\/roveyayinevi.com.tr\/index.php\/urun\/turk-hukuk-tarihi\/"},"modified":"2026-04-16T02:22:16","modified_gmt":"2026-04-15T23:22:16","slug":"turk-hukuk-tarihi","status":"publish","type":"product","link":"https:\/\/roveyayinevi.com.tr\/index.php\/urun\/turk-hukuk-tarihi\/","title":{"rendered":"T\u00fcrk Hukuk Tarihi"},"content":{"rendered":"<p>Milletler s\u00f6z konusu oldu\u011funda, hukuku tarihsel olarak ele almak adeta bir zorunluluk halini al\u0131r. \u00c7\u00fcnk\u00fc hukuk olgusu, insan ve toplumla birlikte de\u011fi\u015fen ve d\u00f6n\u00fc\u015fen bir yap\u0131ya sahiptir. Bu y\u00fczden bir milleti g\u00fcndelik hayat\u0131ndan inan\u00e7lar\u0131na, insanlarla ili\u015fkilerinden yapt\u0131\u011f\u0131 sava\u015flara kadar bir\u00e7ok konuda ilgilendiren hukuk, ayn\u0131 zamanda de\u011fi\u015fik d\u00f6nemlerde ve co\u011frafyalarda da farkl\u0131l\u0131klar g\u00f6stermektedir.Var oldu\u011fu ilk g\u00fcnden bu yana bir\u00e7ok milletle kom\u015fuluk etmi\u015f, \u00e7ok \u00e7e\u015fitli k\u00fclt\u00fcrlerden etkilenmi\u015f ve ayn\u0131 d\u00fczeyde etkilemi\u015f bir milletin hukuka bak\u0131\u015f\u0131 da \u015f\u00fcphesiz ayn\u0131 d\u00fczeyde olmu\u015ftur. T\u00fcrk Hukuk Tarihi, derli toplu, ba\u015f\u0131ndan sonuna bir milletin hukuktan nas\u0131l beslendi\u011fini, onu hayat\u0131na nas\u0131l yans\u0131tt\u0131\u011f\u0131n\u0131 ve onu nas\u0131l d\u00f6n\u00fc\u015ft\u00fcrd\u00fc\u011f\u00fcn\u00fc ele al\u0131rken, ayn\u0131 zamanda ana hatlar\u0131yla da k\u0131sa bir T\u00fcrk tarihi anlat\u0131s\u0131 ortaya koyuyor.\u201cSay\u0131n Dr. \u0130lhan Akbulut, eserini esasta \u00f6\u011frenci ihtiya\u00e7lar\u0131n\u0131 kar\u015f\u0131lamak \u00fczere kaleme ald\u0131\u011f\u0131n\u0131 belirtiyor; kaynaklar\u0131 geni\u015f \u00f6l\u00e7\u00fcde olmak \u00fczere T\u00fcrk\u00e7e eserlerdir. Ancak bu eserlerden yararlanmak suretiyle tatmin edici bir sentez meydana getirilmi\u015f, \u00f6\u011frencinin T\u00fcrk Hukuk Tarihi\u2019ne ili\u015fkin temel bilgileri elde edebilmesi i\u00e7in gereken \u00e7aba g\u00f6sterilmi\u015f ve bunda ba\u015far\u0131l\u0131 olunmu\u015ftur. Bizim temennimiz yazar\u0131n \u00e7al\u0131\u015fmalar\u0131n\u0131 s\u00fcrd\u00fcrmesi ve yukar\u0131da a\u00e7\u0131klanan bi\u00e7imdeki kaynak eserleri meydana koyabilmesidir. Kendisinin bu temenniyi ger\u00e7ekle\u015ftirebilecek bilgilere ve vas\u0131flara sahip oldu\u011fu bu eserinden anla\u015f\u0131l\u0131yor. Kendisini kutluyoruz.\u201d\u2013 Ord. Prof. Dr. Sulhi D\u00f6nmezer <\/p>\n","protected":false},"excerpt":{"rendered":"<p>Milletler s\u00f6z konusu oldu\u011funda, hukuku tarihsel olarak ele almak adeta bir zorunluluk halini al\u0131r. \u00c7\u00fcnk\u00fc hukuk olgusu, insan ve toplumla birlikte de\u011fi\u015fen ve d\u00f6n\u00fc\u015fen bir yap\u0131ya<span class=\"excerpt-hellip\"> [\u2026]<\/span><\/p>\n","protected":false},"featured_media":0,"template":"","meta":{"_monsterinsights_skip_tracking":false,"_monsterinsights_sitenote_active":false,"_monsterinsights_sitenote_note":"","_monsterinsights_sitenote_category":0},"product_brand":[],"product_cat":[12304,13650],"product_tag":[],"class_list":{"0":"post-785215","1":"product","2":"type-product","3":"status-publish","5":"product_cat-tarih","6":"product_cat-turk-tarihi-arastirmalari","7":"pa_cilt-ciltsiz","8":"pa_tur-kitap","9":"pa_yayinevi-timas-yayinlari","10":"pa_yazar-ilhan-akbulut","12":"first","13":"instock","14":"sale","15":"shipping-taxable","16":"purchasable","17":"product-type-simple"},"_links":{"self":[{"href":"https:\/\/roveyayinevi.com.tr\/index.php\/wp-json\/wp\/v2\/product\/785215","targetHints":{"allow":["GET"]}}],"collection":[{"href":"https:\/\/roveyayinevi.com.tr\/index.php\/wp-json\/wp\/v2\/product"}],"about":[{"href":"https:\/\/roveyayinevi.com.tr\/index.php\/wp-json\/wp\/v2\/types\/product"}],"wp:attachment":[{"href":"https:\/\/roveyayinevi.com.tr\/index.php\/wp-json\/wp\/v2\/media?parent=785215"}],"wp:term":[{"taxonomy":"product_brand","embeddable":true,"href":"https:\/\/roveyayinevi.com.tr\/index.php\/wp-json\/wp\/v2\/product_brand?post=785215"},{"taxonomy":"product_cat","embeddable":true,"href":"https:\/\/roveyayinevi.com.tr\/index.php\/wp-json\/wp\/v2\/product_cat?post=785215"},{"taxonomy":"product_tag","embeddable":true,"href":"https:\/\/roveyayinevi.com.tr\/index.php\/wp-json\/wp\/v2\/product_tag?post=785215"}],"curies":[{"name":"wp","href":"https:\/\/api.w.org\/{rel}","templated":true}]}}