{"id":785214,"date":"2026-03-25T19:53:57","date_gmt":"2026-03-25T16:53:57","guid":{"rendered":"https:\/\/roveyayinevi.com.tr\/index.php\/urun\/bul-beni-ziba\/"},"modified":"2026-04-08T02:25:58","modified_gmt":"2026-04-07T23:25:58","slug":"bul-beni-ziba","status":"publish","type":"product","link":"https:\/\/roveyayinevi.com.tr\/index.php\/urun\/bul-beni-ziba\/","title":{"rendered":"Bul Beni Ziba"},"content":{"rendered":"<p>\u201cHerkes yere d\u00fc\u015febilir, \u00f6nemli olan yere d\u00fc\u015fmek de\u011fil, d\u00fc\u015ft\u00fckten sonra tekrar aya\u011fa kalkabilmek ve yoluna devam edebilmektir.\u201dDo\u011fum g\u00fcn\u00fcn\u00fc uzun s\u00fcredir g\u00f6rmedi\u011fi babas\u0131ylage\u00e7irecekolan Ziba, ge\u00e7mi\u015fi telafi edeceklerini ve iyi vakit ge\u00e7ireceklerini umarken yolculuklar\u0131 hi\u00e7 beklemedikleri \u015fekilde geli\u015fir.\u0130yiyi k\u00f6t\u00fcy\u00fc, do\u011fruyu yanl\u0131\u015f\u0131 yeniden sorgulad\u0131klar\u0131 bu g\u00fcnde kendilerinibazen bir motosiklette, bazen bir vincin tepesinde r\u00fczg\u00e2ra kar\u015f\u0131 koyarken bulurlar.Farhad Hassanzadeh, gen\u00e7 yeti\u015fkin kurmacas\u0131 i\u00e7in ola\u011fan d\u0131\u015f\u0131 olan bu hik\u00e2yede, gen\u00e7 kahraman\u0131n ya\u015fam\u0131n\u0131n do\u011frudan birfoto\u011fraf\u0131n\u0131 \u00e7ekiyor.<\/p>\n","protected":false},"excerpt":{"rendered":"<p>\u201cHerkes yere d\u00fc\u015febilir, \u00f6nemli olan yere d\u00fc\u015fmek de\u011fil, d\u00fc\u015ft\u00fckten sonra tekrar aya\u011fa kalkabilmek ve yoluna devam edebilmektir.\u201dDo\u011fum g\u00fcn\u00fcn\u00fc uzun s\u00fcredir g\u00f6rmedi\u011fi babas\u0131ylage\u00e7irecekolan Ziba, ge\u00e7mi\u015fi telafi edeceklerini<span class=\"excerpt-hellip\"> [\u2026]<\/span><\/p>\n","protected":false},"featured_media":0,"template":"","meta":{"_monsterinsights_skip_tracking":false,"_monsterinsights_sitenote_active":false,"_monsterinsights_sitenote_note":"","_monsterinsights_sitenote_category":0},"product_brand":[],"product_cat":[12274,12284],"product_tag":[],"class_list":{"0":"post-785214","1":"product","2":"type-product","3":"status-publish","5":"product_cat-cocuk-ve-genclik-kitaplari","6":"product_cat-hikayeler","7":"pa_cilt-ciltsiz","8":"pa_tur-kitap","9":"pa_yayinevi-genc-timas","10":"pa_yazar-farhad-hassanzadeh","12":"first","13":"instock","14":"sale","15":"shipping-taxable","16":"purchasable","17":"product-type-simple"},"_links":{"self":[{"href":"https:\/\/roveyayinevi.com.tr\/index.php\/wp-json\/wp\/v2\/product\/785214","targetHints":{"allow":["GET"]}}],"collection":[{"href":"https:\/\/roveyayinevi.com.tr\/index.php\/wp-json\/wp\/v2\/product"}],"about":[{"href":"https:\/\/roveyayinevi.com.tr\/index.php\/wp-json\/wp\/v2\/types\/product"}],"wp:attachment":[{"href":"https:\/\/roveyayinevi.com.tr\/index.php\/wp-json\/wp\/v2\/media?parent=785214"}],"wp:term":[{"taxonomy":"product_brand","embeddable":true,"href":"https:\/\/roveyayinevi.com.tr\/index.php\/wp-json\/wp\/v2\/product_brand?post=785214"},{"taxonomy":"product_cat","embeddable":true,"href":"https:\/\/roveyayinevi.com.tr\/index.php\/wp-json\/wp\/v2\/product_cat?post=785214"},{"taxonomy":"product_tag","embeddable":true,"href":"https:\/\/roveyayinevi.com.tr\/index.php\/wp-json\/wp\/v2\/product_tag?post=785214"}],"curies":[{"name":"wp","href":"https:\/\/api.w.org\/{rel}","templated":true}]}}