{"id":785212,"date":"2026-03-25T19:51:50","date_gmt":"2026-03-25T16:51:50","guid":{"rendered":"https:\/\/roveyayinevi.com.tr\/index.php\/urun\/kadin-ve-evlilik\/"},"modified":"2026-04-16T02:17:27","modified_gmt":"2026-04-15T23:17:27","slug":"kadin-ve-evlilik","status":"publish","type":"product","link":"https:\/\/roveyayinevi.com.tr\/index.php\/urun\/kadin-ve-evlilik\/","title":{"rendered":"Kad\u0131n ve Evlilik"},"content":{"rendered":"<p>E\u015finizle anla\u015famad\u0131\u011f\u0131n\u0131z konular m\u0131 var, gen\u00e7 k\u0131zlar\u0131n\u0131z nas\u0131l yeti\u015fmeli, ailede huzuru nas\u0131l sa\u011flayabilirim gibi sorular sizi me\u015fgul ediyorsa, bu kitap size g\u00f6re.Huzur Soka\u011f\u0131 roman\u0131yla y\u00fczbinlerin tan\u0131d\u0131\u011f\u0131 \u015eule Y\u00fcksel \u015eenler&#8217;den kad\u0131n ve evlili\u011fe dair ilgin\u00e7 bir kitap. Kad\u0131n ve Evlilik, gen\u00e7 k\u0131zlar ve yeti\u015fkin kad\u0131nlar i\u00e7in k\u0131lavuz niteli\u011finde bir eser. E\u015fler aras\u0131ndaki g\u00f6r\u00fc\u015f farkl\u0131l\u0131klar\u0131, ayn\u0131 dili konu\u015famamaktan kaynaklanan anla\u015fmazl\u0131klar, T\u00fcrkiye&#8217;de kad\u0131n olman\u0131n zorlu\u011fu, \u00e7al\u0131\u015fmak isteyen dindar kad\u0131nlar i\u00e7in ne yap\u0131labilir, anla\u015fmazl\u0131klarda e\u015fler nas\u0131l ikna edilebilir gibi konular g\u00fcn\u00fcm\u00fczde de herkesi ilgilendiriyor.<\/p>\n","protected":false},"excerpt":{"rendered":"<p>E\u015finizle anla\u015famad\u0131\u011f\u0131n\u0131z konular m\u0131 var, gen\u00e7 k\u0131zlar\u0131n\u0131z nas\u0131l yeti\u015fmeli, ailede huzuru nas\u0131l sa\u011flayabilirim gibi sorular sizi me\u015fgul ediyorsa, bu kitap size g\u00f6re.Huzur Soka\u011f\u0131 roman\u0131yla y\u00fczbinlerin tan\u0131d\u0131\u011f\u0131<span class=\"excerpt-hellip\"> [\u2026]<\/span><\/p>\n","protected":false},"featured_media":0,"template":"","meta":{"_monsterinsights_skip_tracking":false,"_monsterinsights_sitenote_active":false,"_monsterinsights_sitenote_note":"","_monsterinsights_sitenote_category":0},"product_brand":[],"product_cat":[13036,12718,12719],"product_tag":[],"class_list":{"0":"post-785212","1":"product","2":"type-product","3":"status-publish","5":"product_cat-arastirma-inceleme-islam","6":"product_cat-din","7":"product_cat-islam","8":"pa_cilt-ciltsiz","9":"pa_tur-kitap","10":"pa_yayinevi-timas-yayinlari","11":"pa_yazar-sule-yuksel-senler","13":"first","14":"instock","15":"sale","16":"shipping-taxable","17":"purchasable","18":"product-type-simple"},"_links":{"self":[{"href":"https:\/\/roveyayinevi.com.tr\/index.php\/wp-json\/wp\/v2\/product\/785212","targetHints":{"allow":["GET"]}}],"collection":[{"href":"https:\/\/roveyayinevi.com.tr\/index.php\/wp-json\/wp\/v2\/product"}],"about":[{"href":"https:\/\/roveyayinevi.com.tr\/index.php\/wp-json\/wp\/v2\/types\/product"}],"wp:attachment":[{"href":"https:\/\/roveyayinevi.com.tr\/index.php\/wp-json\/wp\/v2\/media?parent=785212"}],"wp:term":[{"taxonomy":"product_brand","embeddable":true,"href":"https:\/\/roveyayinevi.com.tr\/index.php\/wp-json\/wp\/v2\/product_brand?post=785212"},{"taxonomy":"product_cat","embeddable":true,"href":"https:\/\/roveyayinevi.com.tr\/index.php\/wp-json\/wp\/v2\/product_cat?post=785212"},{"taxonomy":"product_tag","embeddable":true,"href":"https:\/\/roveyayinevi.com.tr\/index.php\/wp-json\/wp\/v2\/product_tag?post=785212"}],"curies":[{"name":"wp","href":"https:\/\/api.w.org\/{rel}","templated":true}]}}