{"id":785209,"date":"2026-03-25T14:56:15","date_gmt":"2026-03-25T11:56:15","guid":{"rendered":"https:\/\/roveyayinevi.com.tr\/index.php\/urun\/parcalanmis-duzen-orta-gucler-bolgesel-duzenler-ve-yeni-kuresel-mimari\/"},"modified":"2026-04-15T03:48:48","modified_gmt":"2026-04-15T00:48:48","slug":"parcalanmis-duzen-orta-gucler-bolgesel-duzenler-ve-yeni-kuresel-mimari","status":"publish","type":"product","link":"https:\/\/roveyayinevi.com.tr\/index.php\/urun\/parcalanmis-duzen-orta-gucler-bolgesel-duzenler-ve-yeni-kuresel-mimari\/","title":{"rendered":"Par\u00e7alanm\u0131\u015f D\u00fczen Orta G\u00fc\u00e7ler, B\u00f6lgesel D\u00fczenler ve Yeni K\u00fcresel Mimari"},"content":{"rendered":"<p>KURALA DAYALI L\u0130BERAL D\u00dcZEN\u2019DEN D\u0130YALOJ\u0130K \u00c7OK KUTUPLULU\u011eA: K\u00dcRESEL D\u00dcZEN\u0130N PAR\u00c7ALANMASI MI, KATMANLI YEN\u0130DEN YAPILANMASI MI? \u2022    SAVUNMA SANAY\u0130 EKOS\u0130STEMLER\u0130 VE YEN\u0130 G\u00dcVENL\u0130K M\u0130MAR\u0130S\u0130 \u2022    D\u0130J\u0130TAL EGEMENL\u0130K VE S\u0130BER REKABET: D\u0130J\u0130TAL \u00c7A\u011eDA EGEMENL\u0130\u011e\u0130N YEN\u0130DEN \u0130N\u015eASI \u2022   G\u00d6\u00c7 SINIR REJ\u0130MLER\u0130 VE \u0130NSAN\u0130 G\u00dcVENL\u0130K \u2022 K\u00dcRESEL EKOLOJ\u0130K KR\u0130ZDE \u00c7\u0130N&#8217;\u0130N ROL\u00dc: EKOLOJ\u0130K UYGARLIK, \u0130KL\u0130M TAAHH\u00dcTLER\u0130 VE Y\u00d6NET\u0130\u015e\u0130M SINIRLILIKLARI \u2022    2030\u2019A DO\u011eRU YEN\u0130 K\u00dcRESEL M\u0130MAR\u0130<\/p>\n","protected":false},"excerpt":{"rendered":"<p>KURALA DAYALI L\u0130BERAL D\u00dcZEN\u2019DEN D\u0130YALOJ\u0130K \u00c7OK KUTUPLULU\u011eA: K\u00dcRESEL D\u00dcZEN\u0130N PAR\u00c7ALANMASI MI, KATMANLI YEN\u0130DEN YAPILANMASI MI? \u2022 SAVUNMA SANAY\u0130 EKOS\u0130STEMLER\u0130 VE YEN\u0130 G\u00dcVENL\u0130K M\u0130MAR\u0130S\u0130 \u2022 D\u0130J\u0130TAL EGEMENL\u0130K<span class=\"excerpt-hellip\"> [\u2026]<\/span><\/p>\n","protected":false},"featured_media":0,"template":"","meta":{"_monsterinsights_skip_tracking":false,"_monsterinsights_sitenote_active":false,"_monsterinsights_sitenote_note":"","_monsterinsights_sitenote_category":0},"product_brand":[],"product_cat":[12337],"product_tag":[],"class_list":{"0":"post-785209","1":"product","2":"type-product","3":"status-publish","5":"product_cat-politika-siyaset","6":"pa_cilt-ciltsiz","7":"pa_tur-kitap","8":"pa_yayinevi-gazi-kitabevi","9":"pa_yazar-kolektif","11":"first","12":"instock","13":"sale","14":"shipping-taxable","15":"purchasable","16":"product-type-simple"},"_links":{"self":[{"href":"https:\/\/roveyayinevi.com.tr\/index.php\/wp-json\/wp\/v2\/product\/785209","targetHints":{"allow":["GET"]}}],"collection":[{"href":"https:\/\/roveyayinevi.com.tr\/index.php\/wp-json\/wp\/v2\/product"}],"about":[{"href":"https:\/\/roveyayinevi.com.tr\/index.php\/wp-json\/wp\/v2\/types\/product"}],"wp:attachment":[{"href":"https:\/\/roveyayinevi.com.tr\/index.php\/wp-json\/wp\/v2\/media?parent=785209"}],"wp:term":[{"taxonomy":"product_brand","embeddable":true,"href":"https:\/\/roveyayinevi.com.tr\/index.php\/wp-json\/wp\/v2\/product_brand?post=785209"},{"taxonomy":"product_cat","embeddable":true,"href":"https:\/\/roveyayinevi.com.tr\/index.php\/wp-json\/wp\/v2\/product_cat?post=785209"},{"taxonomy":"product_tag","embeddable":true,"href":"https:\/\/roveyayinevi.com.tr\/index.php\/wp-json\/wp\/v2\/product_tag?post=785209"}],"curies":[{"name":"wp","href":"https:\/\/api.w.org\/{rel}","templated":true}]}}