{"id":785207,"date":"2026-03-25T14:56:11","date_gmt":"2026-03-25T11:56:11","guid":{"rendered":"https:\/\/roveyayinevi.com.tr\/index.php\/urun\/cadi-kilcik-ucan-supurgenin-sirri\/"},"modified":"2026-04-15T03:48:47","modified_gmt":"2026-04-15T00:48:47","slug":"cadi-kilcik-ucan-supurgenin-sirri","status":"publish","type":"product","link":"https:\/\/roveyayinevi.com.tr\/index.php\/urun\/cadi-kilcik-ucan-supurgenin-sirri\/","title":{"rendered":"Cad\u0131 K\u0131l\u00e7\u0131k &#8211; U\u00e7an S\u00fcp\u00fcrgenin S\u0131rr\u0131"},"content":{"rendered":"<p>Cad\u0131k\u00f6y\u2019de s\u0131r saklamak imk\u00e2ns\u0131zd\u0131r. El yap\u0131m\u0131 u\u00e7an s\u00fcp\u00fcrgenin kadim s\u0131rr\u0131 d\u0131\u015f\u0131nda!   Cad\u0131 K\u0131l\u00e7\u0131k, dokuz ya\u015f\u0131na geldi\u011finde ailesinin t\u00fcm itirazlar\u0131na kulak t\u0131kayarak o pahal\u0131, simli, g\u00f6z kama\u015ft\u0131ran s\u00fcp\u00fcrgeyi al\u0131r. \u0130lk g\u00fcnlerde g\u00f6z kama\u015ft\u0131ran, simli s\u00fcp\u00fcrgesiyle herkes onu konu\u015fur. Ama zaman ge\u00e7tik\u00e7e par\u0131lt\u0131 azal\u0131r, alk\u0131\u015flar diner. S\u00fcp\u00fcrge art\u0131k eskisi kadar b\u00fcy\u00fcleyici de\u011fildir. Yeni bir s\u00fcp\u00fcrge almak ise m\u00fcmk\u00fcn de\u011fildir. O an karar verir: \u201cMadem yenisini alam\u0131yorum, o zaman kendi s\u00fcp\u00fcrgemi kendim yapar\u0131m!\u201d   Ama bu, o kadar da kolay olmayacakt\u0131r: \u00c7al\u0131\u015fmak, denemek, d\u00fc\u015fmek, yeniden kalkmak gerekir. \u00dcstelik dostluk, rekabet ve k\u0131skan\u00e7l\u0131k da i\u015fin i\u00e7ine girince i\u015fler iyice kar\u0131\u015f\u0131r\u2026 T\u00fcketim \u00e7\u0131lg\u0131nl\u0131\u011f\u0131n\u0131n ge\u00e7ici b\u00fcy\u00fcs\u00fcne kahkahal\u0131 bir g\u00f6nderme yapan bu fantastik gen\u00e7lik roman\u0131; \u00fcretmenin, emek vermenin ve kendi g\u00fcc\u00fcn\u00fc ke\u015ffetmenin hik\u00e2yesini anlat\u0131yor.   \u00c7\u00fcnk\u00fc ger\u00e7ek sihir vitrinde de\u011fil, kalbinizde sakl\u0131d\u0131r.<\/p>\n","protected":false},"excerpt":{"rendered":"<p>Cad\u0131k\u00f6y\u2019de s\u0131r saklamak imk\u00e2ns\u0131zd\u0131r. El yap\u0131m\u0131 u\u00e7an s\u00fcp\u00fcrgenin kadim s\u0131rr\u0131 d\u0131\u015f\u0131nda! Cad\u0131 K\u0131l\u00e7\u0131k, dokuz ya\u015f\u0131na geldi\u011finde ailesinin t\u00fcm itirazlar\u0131na kulak t\u0131kayarak o pahal\u0131, simli, g\u00f6z kama\u015ft\u0131ran<span class=\"excerpt-hellip\"> [\u2026]<\/span><\/p>\n","protected":false},"featured_media":0,"template":"","meta":{"_monsterinsights_skip_tracking":false,"_monsterinsights_sitenote_active":false,"_monsterinsights_sitenote_note":"","_monsterinsights_sitenote_category":0},"product_brand":[],"product_cat":[141304],"product_tag":[],"class_list":{"0":"post-785207","1":"product","2":"type-product","3":"status-publish","5":"product_cat-yeni-cikanlar","6":"pa_cilt-ciltsiz","7":"pa_tur-kitap","8":"pa_yayinevi-epsilon-yayinlari","9":"pa_yazar-renan-ozdemir","11":"first","12":"instock","13":"sale","14":"shipping-taxable","15":"purchasable","16":"product-type-simple"},"_links":{"self":[{"href":"https:\/\/roveyayinevi.com.tr\/index.php\/wp-json\/wp\/v2\/product\/785207","targetHints":{"allow":["GET"]}}],"collection":[{"href":"https:\/\/roveyayinevi.com.tr\/index.php\/wp-json\/wp\/v2\/product"}],"about":[{"href":"https:\/\/roveyayinevi.com.tr\/index.php\/wp-json\/wp\/v2\/types\/product"}],"wp:attachment":[{"href":"https:\/\/roveyayinevi.com.tr\/index.php\/wp-json\/wp\/v2\/media?parent=785207"}],"wp:term":[{"taxonomy":"product_brand","embeddable":true,"href":"https:\/\/roveyayinevi.com.tr\/index.php\/wp-json\/wp\/v2\/product_brand?post=785207"},{"taxonomy":"product_cat","embeddable":true,"href":"https:\/\/roveyayinevi.com.tr\/index.php\/wp-json\/wp\/v2\/product_cat?post=785207"},{"taxonomy":"product_tag","embeddable":true,"href":"https:\/\/roveyayinevi.com.tr\/index.php\/wp-json\/wp\/v2\/product_tag?post=785207"}],"curies":[{"name":"wp","href":"https:\/\/api.w.org\/{rel}","templated":true}]}}