{"id":785198,"date":"2026-03-25T14:55:50","date_gmt":"2026-03-25T11:55:50","guid":{"rendered":"https:\/\/roveyayinevi.com.tr\/index.php\/urun\/buyucunun-kizi\/"},"modified":"2026-04-15T03:48:42","modified_gmt":"2026-04-15T00:48:42","slug":"buyucunun-kizi","status":"publish","type":"product","link":"https:\/\/roveyayinevi.com.tr\/index.php\/urun\/buyucunun-kizi\/","title":{"rendered":"B\u00fcy\u00fcc\u00fcn\u00fcn K\u0131z\u0131"},"content":{"rendered":"<p>Y\u0131l 1912. B\u00fcy\u00fcn\u00fcn d\u00fcnyadan elini ete\u011fini \u00e7ekmesinin \u00fczerinden yetmi\u015f y\u0131l ge\u00e7ti. Ancak Biddy i\u00e7in b\u00fcy\u00fc, hayat\u0131n ta kendisi.\u0130rlanda k\u0131y\u0131lar\u0131n\u0131n \u00f6tesinde, efsunlarla gizlenmi\u015f ve sadece yolu \u015fa\u015f\u0131ran nadir gezginlerin hik\u00e2yelerinde ad\u0131 ge\u00e7en efsanevi bir ada vard\u0131r: Hy-Brasil. Bebekken k\u0131y\u0131ya vuran Biddy, kadim a\u011fa\u00e7lar, tuzlu deniz havas\u0131 ve s\u0131rlarla dolu bu aday\u0131 evi, kalesindeki yaln\u0131z b\u00fcy\u00fcc\u00fc Rowan\u2019\u0131 ise koruyucusu bilir. Biddy on yedinci ya\u015f\u0131na yakla\u015f\u0131rken adadaki yaln\u0131zl\u0131\u011f\u0131 a\u011f\u0131r gelmeye ba\u015flar fakat Rowan onun gitmesine asla izin vermez. Derken bir gece Rowan, \u00e7\u0131kt\u0131\u011f\u0131 gizemli seyahatten geri d\u00f6nmez. Biddy onu kurtarmak i\u00e7in koruyucusunun k\u00e2buslar\u0131na girmeye cesaret etti\u011finde, Rowan\u2019\u0131n \u00e7ok g\u00fc\u00e7l\u00fc d\u00fc\u015fmanlar\u0131 oldu\u011funu \u00f6\u011frenecektir. Evini ve ailesini korumaya kararl\u0131 olan gen\u00e7 kad\u0131n, \u00e7ocuklu\u011funun g\u00fcvenli liman\u0131ndan ayr\u0131larak tekinsiz bir d\u00fcnyaya ad\u0131m atar. Whitechapel\u2019\u0131n yoksul mahallelerinden Londra sokaklar\u0131n\u0131n alt\u0131ndaki gizli bir \u015fatoya ve kadim bir uygarl\u0131\u011f\u0131n harabelerine uzanan bu yolculuk, kaybolan b\u00fcy\u00fcy\u00fc geri getirmek i\u00e7in son \u015fanst\u0131r. Gelgelelim, cevaplara yakla\u015ft\u0131k\u00e7a Rowan, ge\u00e7mi\u015fini ve b\u00fcy\u00fcn\u00fcn do\u011fas\u0131na dair bildi\u011fi her \u015feyi sorgulamak zorunda kalacakt\u0131r. \u201cAile ve b\u00fcy\u00fcye dair eski usul bir ergenlik fantezisinin b\u00fcy\u00fcleyici ha\u015far\u0131l\u0131\u011f\u0131 kalbinizi \u00e7\u0131lg\u0131n bir gezintiye \u00e7\u0131karacak.\u201d -NPR<\/p>\n","protected":false},"excerpt":{"rendered":"<p>Y\u0131l 1912. B\u00fcy\u00fcn\u00fcn d\u00fcnyadan elini ete\u011fini \u00e7ekmesinin \u00fczerinden yetmi\u015f y\u0131l ge\u00e7ti. Ancak Biddy i\u00e7in b\u00fcy\u00fc, hayat\u0131n ta kendisi.\u0130rlanda k\u0131y\u0131lar\u0131n\u0131n \u00f6tesinde, efsunlarla gizlenmi\u015f ve sadece yolu \u015fa\u015f\u0131ran<span class=\"excerpt-hellip\"> [\u2026]<\/span><\/p>\n","protected":false},"featured_media":0,"template":"","meta":{"_monsterinsights_skip_tracking":false,"_monsterinsights_sitenote_active":false,"_monsterinsights_sitenote_note":"","_monsterinsights_sitenote_category":0},"product_brand":[],"product_cat":[141304],"product_tag":[],"class_list":{"0":"post-785198","1":"product","2":"type-product","3":"status-publish","5":"product_cat-yeni-cikanlar","6":"pa_cilt-ciltsiz","7":"pa_tur-kitap","8":"pa_yayinevi-nemesis-kitap","9":"pa_yazar-h-g-parry","11":"first","12":"instock","13":"sale","14":"shipping-taxable","15":"purchasable","16":"product-type-simple"},"_links":{"self":[{"href":"https:\/\/roveyayinevi.com.tr\/index.php\/wp-json\/wp\/v2\/product\/785198","targetHints":{"allow":["GET"]}}],"collection":[{"href":"https:\/\/roveyayinevi.com.tr\/index.php\/wp-json\/wp\/v2\/product"}],"about":[{"href":"https:\/\/roveyayinevi.com.tr\/index.php\/wp-json\/wp\/v2\/types\/product"}],"wp:attachment":[{"href":"https:\/\/roveyayinevi.com.tr\/index.php\/wp-json\/wp\/v2\/media?parent=785198"}],"wp:term":[{"taxonomy":"product_brand","embeddable":true,"href":"https:\/\/roveyayinevi.com.tr\/index.php\/wp-json\/wp\/v2\/product_brand?post=785198"},{"taxonomy":"product_cat","embeddable":true,"href":"https:\/\/roveyayinevi.com.tr\/index.php\/wp-json\/wp\/v2\/product_cat?post=785198"},{"taxonomy":"product_tag","embeddable":true,"href":"https:\/\/roveyayinevi.com.tr\/index.php\/wp-json\/wp\/v2\/product_tag?post=785198"}],"curies":[{"name":"wp","href":"https:\/\/api.w.org\/{rel}","templated":true}]}}