{"id":785196,"date":"2026-03-25T14:55:44","date_gmt":"2026-03-25T11:55:44","guid":{"rendered":"https:\/\/roveyayinevi.com.tr\/index.php\/urun\/almanya-masalimiz\/"},"modified":"2026-04-03T03:40:10","modified_gmt":"2026-04-03T00:40:10","slug":"almanya-masalimiz","status":"publish","type":"product","link":"https:\/\/roveyayinevi.com.tr\/index.php\/urun\/almanya-masalimiz\/","title":{"rendered":"Almanya Masal\u0131m\u0131z"},"content":{"rendered":"<p>\u201cH\u00e2l\u00e2 kendi dilimi ar\u0131yorum, bulduklar\u0131m\u0131 da hurda niyetine yol kenar\u0131na b\u0131rak\u0131p kendimi tekrar d\u0131\u015far\u0131, sokaklara, gecelere at\u0131yorum, yeniyi ar\u0131yorum\u2026 Bug\u00fcn iki \u00e7ocuk babas\u0131y\u0131m, bir yay\u0131nevim var, kap\u0131 kollar\u0131n\u0131 siliyorum, Walt Whitman gibi \u015fiir satmaya \u00e7al\u0131\u015f\u0131yorum ve hep ekside kal\u0131yorum. Ama bu benim se\u00e7imimdi, b\u00f6yle yapmaya ben karar verdim ve bunun i\u00e7in ba\u015fkalar\u0131ndan \u00f6z\u00fcr dilemeyi reddediyorum. Bu delili\u011fin arkas\u0131nda durmak istiyorum \u00e7\u00fcnk\u00fc e\u011fer \u00f6yle yapmazsam bu hayat yolculu\u011fu boyunca heybemde toplad\u0131\u011f\u0131m her \u015feye ihanet etmi\u015f olurum.\u201d  Gurbetin, eme\u011fin, vazge\u00e7i\u015flerin, kendini bir yere ait hissedemeyenlerin ortak ad\u0131d\u0131r \u201cmisafir i\u015f\u00e7i\u201d. Dilini bilmedi\u011fin b\u00fcsb\u00fct\u00fcn yabanc\u0131 bir \u00fclkede var olmaya de\u011fil, \u00e7al\u0131\u015fmaya davet edilirsin. can\u0131n\u0131 di\u015fine takar, terinle kimli\u011fini kaz\u0131rs\u0131n buz gibi so\u011fuk duvarlara. Ama ne u\u011fruna? O g\u00fczel g\u00fcnler ger\u00e7ekten gelecek mi, bilmezsin bile.  Almanya Masal\u0131m\u0131z, i\u015fte b\u00f6yle bir d\u00fcnyan\u0131n mahsul\u00fc; i\u00e7 i\u00e7e ge\u00e7en seslerin yank\u0131land\u0131\u011f\u0131 \u00e7oksesli bir hik\u00e2ye. Birden \u00e7ok ku\u015fa\u011fa ait kad\u0131nlar ve Almanya\u2019da do\u011fmu\u015f bir o\u011ful, ge\u00e7mi\u015fin y\u00fck\u00fcn\u00fc g\u00fc\u00e7l\u00fc imgelerle \u00f6r\u00fclm\u00fc\u015f ortak bir dile ta\u015f\u0131rken monologlar, diyaloglar, r\u00fcyalar ve dualar birbirine kar\u0131\u015f\u0131yor.  G\u00fc\u00e7yeter, hayat\u0131na y\u00f6n veren iki kad\u0131n\u0131n ya\u015fam\u0131 \u00fczerinden emekle yo\u011frulmu\u015f bir d\u00fcnyay\u0131 \u015fiirsel diliyle g\u00f6r\u00fcn\u00fcr k\u0131larken tarlalar\u0131n bu\u011fusundan fabrikalar\u0131n g\u00fcr\u00fclt\u00fcs\u00fcne, memleket hasretiyle ge\u00e7en y\u0131llardan kaybolan aidiyet duygusuna uzanan bir ya\u015fama ayna tutuyor.  Almanya\u2019n\u0131n en prestijli edebiyat \u00f6d\u00fcllerinden Leipzig Kitap \u00d6d\u00fcl\u00fc\u2019ne lay\u0131k g\u00f6r\u00fclen bu eser, iki \u00fclke, iki dil ve iki d\u00fcnya aras\u0131nda bir k\u00f6pr\u00fc kuruyor.<\/p>\n","protected":false},"excerpt":{"rendered":"<p>\u201cH\u00e2l\u00e2 kendi dilimi ar\u0131yorum, bulduklar\u0131m\u0131 da hurda niyetine yol kenar\u0131na b\u0131rak\u0131p kendimi tekrar d\u0131\u015far\u0131, sokaklara, gecelere at\u0131yorum, yeniyi ar\u0131yorum\u2026 Bug\u00fcn iki \u00e7ocuk babas\u0131y\u0131m, bir yay\u0131nevim var,<span class=\"excerpt-hellip\"> [\u2026]<\/span><\/p>\n","protected":false},"featured_media":0,"template":"","meta":{"_monsterinsights_skip_tracking":false,"_monsterinsights_sitenote_active":false,"_monsterinsights_sitenote_note":"","_monsterinsights_sitenote_category":0},"product_brand":[],"product_cat":[12291,12711],"product_tag":[],"class_list":{"0":"post-785196","1":"product","2":"type-product","3":"status-publish","5":"product_cat-edebiyat","6":"product_cat-roman-oyku","7":"pa_cilt-ciltsiz","8":"pa_tur-kitap","9":"pa_yayinevi-kafka-yayinevi","10":"pa_yazar-dincer-gucyeter","12":"first","13":"instock","14":"sale","15":"shipping-taxable","16":"purchasable","17":"product-type-simple"},"_links":{"self":[{"href":"https:\/\/roveyayinevi.com.tr\/index.php\/wp-json\/wp\/v2\/product\/785196","targetHints":{"allow":["GET"]}}],"collection":[{"href":"https:\/\/roveyayinevi.com.tr\/index.php\/wp-json\/wp\/v2\/product"}],"about":[{"href":"https:\/\/roveyayinevi.com.tr\/index.php\/wp-json\/wp\/v2\/types\/product"}],"wp:attachment":[{"href":"https:\/\/roveyayinevi.com.tr\/index.php\/wp-json\/wp\/v2\/media?parent=785196"}],"wp:term":[{"taxonomy":"product_brand","embeddable":true,"href":"https:\/\/roveyayinevi.com.tr\/index.php\/wp-json\/wp\/v2\/product_brand?post=785196"},{"taxonomy":"product_cat","embeddable":true,"href":"https:\/\/roveyayinevi.com.tr\/index.php\/wp-json\/wp\/v2\/product_cat?post=785196"},{"taxonomy":"product_tag","embeddable":true,"href":"https:\/\/roveyayinevi.com.tr\/index.php\/wp-json\/wp\/v2\/product_tag?post=785196"}],"curies":[{"name":"wp","href":"https:\/\/api.w.org\/{rel}","templated":true}]}}