{"id":785195,"date":"2026-03-25T14:53:50","date_gmt":"2026-03-25T11:53:50","guid":{"rendered":"https:\/\/roveyayinevi.com.tr\/index.php\/urun\/egitim-hakki-acisindan-ezberci-egitim\/"},"modified":"2026-04-15T03:46:15","modified_gmt":"2026-04-15T00:46:15","slug":"egitim-hakki-acisindan-ezberci-egitim","status":"publish","type":"product","link":"https:\/\/roveyayinevi.com.tr\/index.php\/urun\/egitim-hakki-acisindan-ezberci-egitim\/","title":{"rendered":"E\u011fitim Hakk\u0131 A\u00e7\u0131s\u0131ndan Ezberci E\u011fitim"},"content":{"rendered":"<p>Bu kitap insan, insan haklar\u0131, e\u011fitim, e\u011fitim hakk\u0131 ve de\u011ferlendirme kavramlar\u0131n\u0131n felsef\u00ee bilgisinden hareketle, insan\u0131n olanaklar\u0131n\u0131n ger\u00e7ekle\u015febilmesi i\u00e7in en uygun e\u011fitimin ko\u015fullar\u0131n\u0131 arama yolculu\u011funa \u00e7\u0131k\u0131yor. Ezberci e\u011fitimin hangi \u00f6zellikleri ta\u015f\u0131d\u0131\u011f\u0131n\u0131 ve e\u011fitim hakk\u0131n\u0131n ihl\u00e2l edilmesine nas\u0131l sebep oldu\u011funu Amerika Birle\u015fik Devletleri, Japonya, M\u0131s\u0131r, Almanya ve T\u00fcrkiye\u2019deki e\u011fitim sistemlerinden \u00f6rneklerle g\u00f6stermeye \u00e7al\u0131\u015f\u0131yor.  Kendi g\u00f6zleriyle g\u00f6rebilen, do\u011fru de\u011ferlendirmeler yapabilen, de\u011ferlerin sesini duyan, insan haklar\u0131n\u0131 koruyan ve insan\u0131n olanaklar\u0131n\u0131 ger\u00e7ekle\u015ftiren \u00f6zg\u00fcr ki\u015filerin yeti\u015fmesi i\u00e7in ezberci olmayan bir e\u011fitimin gerekli oldu\u011funu vurguluyor.<\/p>\n","protected":false},"excerpt":{"rendered":"<p>Bu kitap insan, insan haklar\u0131, e\u011fitim, e\u011fitim hakk\u0131 ve de\u011ferlendirme kavramlar\u0131n\u0131n felsef\u00ee bilgisinden hareketle, insan\u0131n olanaklar\u0131n\u0131n ger\u00e7ekle\u015febilmesi i\u00e7in en uygun e\u011fitimin ko\u015fullar\u0131n\u0131 arama yolculu\u011funa \u00e7\u0131k\u0131yor. Ezberci<span class=\"excerpt-hellip\"> [\u2026]<\/span><\/p>\n","protected":false},"featured_media":0,"template":"","meta":{"_monsterinsights_skip_tracking":false,"_monsterinsights_sitenote_active":false,"_monsterinsights_sitenote_note":"","_monsterinsights_sitenote_category":0},"product_brand":[],"product_cat":[12388],"product_tag":[],"class_list":{"0":"post-785195","1":"product","2":"type-product","3":"status-publish","5":"product_cat-felsefe","6":"pa_cilt-ciltsiz","7":"pa_tur-kitap","8":"pa_yayinevi-turkiye-felsefe-kurumu","9":"pa_yazar-aynur-aydin","11":"first","12":"instock","13":"sale","14":"shipping-taxable","15":"purchasable","16":"product-type-simple"},"_links":{"self":[{"href":"https:\/\/roveyayinevi.com.tr\/index.php\/wp-json\/wp\/v2\/product\/785195","targetHints":{"allow":["GET"]}}],"collection":[{"href":"https:\/\/roveyayinevi.com.tr\/index.php\/wp-json\/wp\/v2\/product"}],"about":[{"href":"https:\/\/roveyayinevi.com.tr\/index.php\/wp-json\/wp\/v2\/types\/product"}],"wp:attachment":[{"href":"https:\/\/roveyayinevi.com.tr\/index.php\/wp-json\/wp\/v2\/media?parent=785195"}],"wp:term":[{"taxonomy":"product_brand","embeddable":true,"href":"https:\/\/roveyayinevi.com.tr\/index.php\/wp-json\/wp\/v2\/product_brand?post=785195"},{"taxonomy":"product_cat","embeddable":true,"href":"https:\/\/roveyayinevi.com.tr\/index.php\/wp-json\/wp\/v2\/product_cat?post=785195"},{"taxonomy":"product_tag","embeddable":true,"href":"https:\/\/roveyayinevi.com.tr\/index.php\/wp-json\/wp\/v2\/product_tag?post=785195"}],"curies":[{"name":"wp","href":"https:\/\/api.w.org\/{rel}","templated":true}]}}