{"id":785194,"date":"2026-03-25T13:52:20","date_gmt":"2026-03-25T10:52:20","guid":{"rendered":"https:\/\/roveyayinevi.com.tr\/index.php\/urun\/6-sinif-preface-course-book\/"},"modified":"2026-04-16T02:23:15","modified_gmt":"2026-04-15T23:23:15","slug":"6-sinif-preface-course-book","status":"publish","type":"product","link":"https:\/\/roveyayinevi.com.tr\/index.php\/urun\/6-sinif-preface-course-book\/","title":{"rendered":"6. S\u0131n\u0131f Preface Course Book"},"content":{"rendered":"<p>6 .S\u0131n\u0131f Preface Course.<\/p>\n","protected":false},"excerpt":{"rendered":"<p>6 .S\u0131n\u0131f Preface Course.<\/p>\n","protected":false},"featured_media":0,"template":"","meta":{"_monsterinsights_skip_tracking":false,"_monsterinsights_sitenote_active":false,"_monsterinsights_sitenote_note":"","_monsterinsights_sitenote_category":0},"product_brand":[],"product_cat":[144594,12566,57015,50915,13473],"product_tag":[],"class_list":{"0":"post-785194","1":"product","2":"type-product","3":"status-publish","5":"product_cat-6-sinif-ingilizce","6":"product_cat-egitim","7":"product_cat-ortaogretim-6-sinif","8":"product_cat-ortaogretim-yardimci-kitaplar","9":"product_cat-sinavlara-hazirlik-okula-yardimci-kaynaklar","10":"pa_cilt-ciltsiz","11":"pa_tur-kitap","12":"pa_yayinevi-nitelik-yayinlari","13":"pa_yazar-deniz-coker-elif-bilge-bulus","15":"first","16":"instock","17":"sale","18":"shipping-taxable","19":"purchasable","20":"product-type-simple"},"_links":{"self":[{"href":"https:\/\/roveyayinevi.com.tr\/index.php\/wp-json\/wp\/v2\/product\/785194","targetHints":{"allow":["GET"]}}],"collection":[{"href":"https:\/\/roveyayinevi.com.tr\/index.php\/wp-json\/wp\/v2\/product"}],"about":[{"href":"https:\/\/roveyayinevi.com.tr\/index.php\/wp-json\/wp\/v2\/types\/product"}],"wp:attachment":[{"href":"https:\/\/roveyayinevi.com.tr\/index.php\/wp-json\/wp\/v2\/media?parent=785194"}],"wp:term":[{"taxonomy":"product_brand","embeddable":true,"href":"https:\/\/roveyayinevi.com.tr\/index.php\/wp-json\/wp\/v2\/product_brand?post=785194"},{"taxonomy":"product_cat","embeddable":true,"href":"https:\/\/roveyayinevi.com.tr\/index.php\/wp-json\/wp\/v2\/product_cat?post=785194"},{"taxonomy":"product_tag","embeddable":true,"href":"https:\/\/roveyayinevi.com.tr\/index.php\/wp-json\/wp\/v2\/product_tag?post=785194"}],"curies":[{"name":"wp","href":"https:\/\/api.w.org\/{rel}","templated":true}]}}