{"id":785190,"date":"2026-03-25T01:06:12","date_gmt":"2026-03-24T22:06:12","guid":{"rendered":"https:\/\/roveyayinevi.com.tr\/index.php\/urun\/annen-sen-kesiflerin\/"},"modified":"2026-04-15T03:48:49","modified_gmt":"2026-04-15T00:48:49","slug":"annen-sen-kesiflerin","status":"publish","type":"product","link":"https:\/\/roveyayinevi.com.tr\/index.php\/urun\/annen-sen-kesiflerin\/","title":{"rendered":"Annen , Sen, Ke\u015fiflerin"},"content":{"rendered":"<p>D\u00fcnyay\u0131 ke\u015ffetmek k\u00fc\u00e7\u00fck bir ad\u0131mla ba\u015flar\u2026   K\u00fc\u00e7\u00fck bir yavru kedi, g\u00fcn be g\u00fcn yeni \u015feyler deniyor, \u00f6\u011freniyor ve ba\u015far\u0131yor. Annesinin sevgisi ve rehberli\u011fi ona her zaman cesaret veriyor.   Her ge\u00e7en g\u00fcn kendine biraz daha g\u00fcvenen bu minik kedi, hayat yolculu\u011funda ilerlemenin mutlulu\u011funu ke\u015ffediyor.   B\u00fcy\u00fcmenin, ke\u015ffetmenin ve kendine inanman\u0131n de\u011ferini anlatan, \u015fiirsel dili ve etkileyici \u00e7izimleriyle \u00e7ocuklar\u0131n kalbine dokunacak bir \u00f6yk\u00fc.<\/p>\n","protected":false},"excerpt":{"rendered":"<p>D\u00fcnyay\u0131 ke\u015ffetmek k\u00fc\u00e7\u00fck bir ad\u0131mla ba\u015flar\u2026 K\u00fc\u00e7\u00fck bir yavru kedi, g\u00fcn be g\u00fcn yeni \u015feyler deniyor, \u00f6\u011freniyor ve ba\u015far\u0131yor. Annesinin sevgisi ve rehberli\u011fi ona her zaman<span class=\"excerpt-hellip\"> [\u2026]<\/span><\/p>\n","protected":false},"featured_media":0,"template":"","meta":{"_monsterinsights_skip_tracking":false,"_monsterinsights_sitenote_active":false,"_monsterinsights_sitenote_note":"","_monsterinsights_sitenote_category":0},"product_brand":[],"product_cat":[141304],"product_tag":[],"class_list":{"0":"post-785190","1":"product","2":"type-product","3":"status-publish","5":"product_cat-yeni-cikanlar","6":"pa_cilt-ciltsiz","7":"pa_tur-kitap","8":"pa_yayinevi-1001-cicek-kitaplar","9":"pa_yazar-sylvain-zorzin","11":"first","12":"instock","13":"sale","14":"shipping-taxable","15":"purchasable","16":"product-type-simple"},"_links":{"self":[{"href":"https:\/\/roveyayinevi.com.tr\/index.php\/wp-json\/wp\/v2\/product\/785190","targetHints":{"allow":["GET"]}}],"collection":[{"href":"https:\/\/roveyayinevi.com.tr\/index.php\/wp-json\/wp\/v2\/product"}],"about":[{"href":"https:\/\/roveyayinevi.com.tr\/index.php\/wp-json\/wp\/v2\/types\/product"}],"wp:attachment":[{"href":"https:\/\/roveyayinevi.com.tr\/index.php\/wp-json\/wp\/v2\/media?parent=785190"}],"wp:term":[{"taxonomy":"product_brand","embeddable":true,"href":"https:\/\/roveyayinevi.com.tr\/index.php\/wp-json\/wp\/v2\/product_brand?post=785190"},{"taxonomy":"product_cat","embeddable":true,"href":"https:\/\/roveyayinevi.com.tr\/index.php\/wp-json\/wp\/v2\/product_cat?post=785190"},{"taxonomy":"product_tag","embeddable":true,"href":"https:\/\/roveyayinevi.com.tr\/index.php\/wp-json\/wp\/v2\/product_tag?post=785190"}],"curies":[{"name":"wp","href":"https:\/\/api.w.org\/{rel}","templated":true}]}}