{"id":785188,"date":"2026-03-25T01:06:09","date_gmt":"2026-03-24T22:06:09","guid":{"rendered":"https:\/\/roveyayinevi.com.tr\/index.php\/urun\/tuluat-tarihimizdenpisekar-kucuk-ismail-efendinin-hatirati\/"},"modified":"2026-04-15T03:48:44","modified_gmt":"2026-04-15T00:48:44","slug":"tuluat-tarihimizdenpisekar-kucuk-ismail-efendinin-hatirati","status":"publish","type":"product","link":"https:\/\/roveyayinevi.com.tr\/index.php\/urun\/tuluat-tarihimizdenpisekar-kucuk-ismail-efendinin-hatirati\/","title":{"rendered":"Tul\u00fbat Tarihimizden;Pi\u015fek\u00e2r K\u00fc\u00e7\u00fck \u0130smail Efendi\u2019nin Hat\u0131rat\u0131"},"content":{"rendered":"<p>\u201cK\u00fc\u00e7\u00fck \u0130smail Efendi, tekrar g\u00f6r\u00fc\u015fmek arzusu ile benden ayr\u0131ld\u0131. Eczaneden \u00e7\u0131karken arkas\u0131ndan bakt\u0131m&#8230; Beli n\u00fckte ve ne\u015fe meydan\u0131nda b\u00fck\u00fclm\u00fc\u015f, \u00f6mr\u00fcn\u00fcn en m\u00fchim k\u0131sm\u0131n\u0131 insanlar\u0131n ne\u015feye en \u00e7ok muhta\u00e7 oldu\u011fu bir devirde, istibdat devrinde g\u00fcld\u00fcrmekle ge\u00e7irmi\u015f, bu yolda say\u0131s\u0131z sanatk\u00e2rlar yeti\u015ftirmi\u015f, b\u00fcy\u00fck sanat istidatlar\u0131n\u0131 ortaya atm\u0131\u015f olan bu de\u011ferli insan da art\u0131k g\u00f6\u00e7mek \u00fczere&#8230; Nitekim birka\u00e7 sene sonra toprak Hamdi gibi, Abdi gibi, Hasan gibi, \u00f6tekiler gibi onu da doymak bilmez sinesine \u00e7ekti. Esasen hep oran\u0131n yolcusu de\u011fil miyiz ki&#8230; Fakat ne mutlu K\u00fc\u00e7\u00fck \u0130smail\u2019e ki arkas\u0131nda b\u0131rakt\u0131\u011f\u0131 ho\u015f sada bug\u00fcnk\u00fc ve gelecek nesillerin kulaklar\u0131nda daima ayn\u0131 ho\u015fluk ve ne\u015fe ile \u00e7\u0131nlayacakt\u0131r. \u00c7\u00fcnk\u00fc bug\u00fcn oynanan orta oyunlar hep onun ve onlar\u0131n yadig\u00e2rlar\u0131d\u0131rlar.\u201dKemal K\u00e2mil Akta\u015f \u201cBug\u00fcn orta oyununun bihakk\u0131n ihyas\u0131 \u00fc\u00e7 nal ile bir ata vabestedir. Mevcut nal da K\u00fc\u00e7\u00fck \u0130smail Efendi\u2019dir.\u201dSermet Muhtar Alus. \u201cK\u00fc\u00e7\u00fck \u0130smail\u2019in tiyatromuza \u00e7ok m\u00fchim hizmetleri dokunmu\u015ftur. Operetin b\u00e2n\u00eesi gibidir. Maskot\u2019u filan oynam\u0131\u015ft\u0131r, eserleri vard\u0131r.\u201dKomik-i \u015eehir Na\u015fit \u201cK\u00fc\u00e7\u00fck \u0130smail Efendi ile orta oyununa \u00e7\u0131kmak her yi\u011fidin k\u00e2r\u0131 de\u011fildi. Hamdi Efendi\u2019den ba\u015fkas\u0131 onunla oyuna \u00e7\u0131kmaktan \u00e7ekinirdi. O \u00f6yle bir pi\u015fek\u00e2rd\u0131.\u201dD\u00fcmb\u00fcll\u00fc \u0130smail K\u00fc\u00e7\u00fck \u0130smail T\u00fcrk tiyatro tarihinin en parlak sayfalar\u0131ndan birinde yer tutmu\u015ftu. Nam\u0131 daima minnetle ve h\u00fcrmetle an\u0131lacakt\u0131r.Refii Cevad Ulunay<\/p>\n","protected":false},"excerpt":{"rendered":"<p>\u201cK\u00fc\u00e7\u00fck \u0130smail Efendi, tekrar g\u00f6r\u00fc\u015fmek arzusu ile benden ayr\u0131ld\u0131. Eczaneden \u00e7\u0131karken arkas\u0131ndan bakt\u0131m&#8230; Beli n\u00fckte ve ne\u015fe meydan\u0131nda b\u00fck\u00fclm\u00fc\u015f, \u00f6mr\u00fcn\u00fcn en m\u00fchim k\u0131sm\u0131n\u0131 insanlar\u0131n ne\u015feye en<span class=\"excerpt-hellip\"> [\u2026]<\/span><\/p>\n","protected":false},"featured_media":0,"template":"","meta":{"_monsterinsights_skip_tracking":false,"_monsterinsights_sitenote_active":false,"_monsterinsights_sitenote_note":"","_monsterinsights_sitenote_category":0},"product_brand":[],"product_cat":[12312,12304],"product_tag":[],"class_list":{"0":"post-785188","1":"product","2":"type-product","3":"status-publish","5":"product_cat-diger","6":"product_cat-tarih","7":"pa_cilt-ciltsiz","8":"pa_tur-kitap","9":"pa_yayinevi-otuken-nesriyat","10":"pa_yazar-kemal-kamil-aktas","12":"first","13":"instock","14":"sale","15":"shipping-taxable","16":"purchasable","17":"product-type-simple"},"_links":{"self":[{"href":"https:\/\/roveyayinevi.com.tr\/index.php\/wp-json\/wp\/v2\/product\/785188","targetHints":{"allow":["GET"]}}],"collection":[{"href":"https:\/\/roveyayinevi.com.tr\/index.php\/wp-json\/wp\/v2\/product"}],"about":[{"href":"https:\/\/roveyayinevi.com.tr\/index.php\/wp-json\/wp\/v2\/types\/product"}],"wp:attachment":[{"href":"https:\/\/roveyayinevi.com.tr\/index.php\/wp-json\/wp\/v2\/media?parent=785188"}],"wp:term":[{"taxonomy":"product_brand","embeddable":true,"href":"https:\/\/roveyayinevi.com.tr\/index.php\/wp-json\/wp\/v2\/product_brand?post=785188"},{"taxonomy":"product_cat","embeddable":true,"href":"https:\/\/roveyayinevi.com.tr\/index.php\/wp-json\/wp\/v2\/product_cat?post=785188"},{"taxonomy":"product_tag","embeddable":true,"href":"https:\/\/roveyayinevi.com.tr\/index.php\/wp-json\/wp\/v2\/product_tag?post=785188"}],"curies":[{"name":"wp","href":"https:\/\/api.w.org\/{rel}","templated":true}]}}