{"id":785183,"date":"2026-03-25T01:06:00","date_gmt":"2026-03-24T22:06:00","guid":{"rendered":"https:\/\/roveyayinevi.com.tr\/index.php\/urun\/son-defa-vaka-oykuleriyle-kumar-bagimliligi\/"},"modified":"2026-04-15T03:48:42","modified_gmt":"2026-04-15T00:48:42","slug":"son-defa-vaka-oykuleriyle-kumar-bagimliligi","status":"publish","type":"product","link":"https:\/\/roveyayinevi.com.tr\/index.php\/urun\/son-defa-vaka-oykuleriyle-kumar-bagimliligi\/","title":{"rendered":"Son Defa &#8211; Vaka \u00d6yk\u00fcleriyle Kumar Ba\u011f\u0131ml\u0131l\u0131\u011f\u0131"},"content":{"rendered":"<p>Kumar ba\u011f\u0131ml\u0131l\u0131\u011f\u0131 \u00e7o\u011fu zaman kay\u0131pla ba\u015flar; bazen de \u201cbir kez daha\u201d yan\u0131lg\u0131s\u0131yla derinle\u015fir. Bu kitap, kaybetmenin \u00f6tesinde kaybolma h\u00e2lini ve ki\u015finin kendine d\u00f6n\u00fc\u015f yolculu\u011funu ele al\u0131yor.Son Defa, kumar ba\u011f\u0131ml\u0131l\u0131\u011f\u0131n\u0131 vaka \u00f6yk\u00fcleri \u00fczerinden incelerken; ink\u00e2r, umut, cesaret ve iyile\u015fme s\u00fcre\u00e7lerine odaklan\u0131yor. Ba\u011f\u0131ml\u0131l\u0131\u011f\u0131n bir irade sorunu de\u011fil, iyile\u015febilir bir hastal\u0131k oldu\u011funu hat\u0131rlat\u0131yor.Zar\u0131 bir kez daha atman\u0131n de\u011fil, elinden b\u0131rakman\u0131n sorumlulu\u011funu anlat\u0131yor. Dinlemenin, anla\u015f\u0131lman\u0131n ve de\u011fi\u015fimin m\u00fcmk\u00fcn oldu\u011funa dair ger\u00e7ek\u00e7i bir bak\u0131\u015f sunuyor.Bu kitap, \u201cson defa\u201d diyenlerin de\u011fil, bir daha zar atmayanlar\u0131n hik\u00e2yesi.<\/p>\n","protected":false},"excerpt":{"rendered":"<p>Kumar ba\u011f\u0131ml\u0131l\u0131\u011f\u0131 \u00e7o\u011fu zaman kay\u0131pla ba\u015flar; bazen de \u201cbir kez daha\u201d yan\u0131lg\u0131s\u0131yla derinle\u015fir. Bu kitap, kaybetmenin \u00f6tesinde kaybolma h\u00e2lini ve ki\u015finin kendine d\u00f6n\u00fc\u015f yolculu\u011funu ele al\u0131yor.Son<span class=\"excerpt-hellip\"> [\u2026]<\/span><\/p>\n","protected":false},"featured_media":0,"template":"","meta":{"_monsterinsights_skip_tracking":false,"_monsterinsights_sitenote_active":false,"_monsterinsights_sitenote_note":"","_monsterinsights_sitenote_category":0},"product_brand":[],"product_cat":[12835,12324],"product_tag":[],"class_list":{"0":"post-785183","1":"product","2":"type-product","3":"status-publish","5":"product_cat-genel-sosyoloji","6":"product_cat-sosyoloji","7":"pa_cilt-ciltsiz","8":"pa_tur-kitap","9":"pa_yayinevi-sahi-kitap","10":"pa_yazar-emre-yilmaz","12":"first","13":"instock","14":"sale","15":"shipping-taxable","16":"purchasable","17":"product-type-simple"},"_links":{"self":[{"href":"https:\/\/roveyayinevi.com.tr\/index.php\/wp-json\/wp\/v2\/product\/785183","targetHints":{"allow":["GET"]}}],"collection":[{"href":"https:\/\/roveyayinevi.com.tr\/index.php\/wp-json\/wp\/v2\/product"}],"about":[{"href":"https:\/\/roveyayinevi.com.tr\/index.php\/wp-json\/wp\/v2\/types\/product"}],"wp:attachment":[{"href":"https:\/\/roveyayinevi.com.tr\/index.php\/wp-json\/wp\/v2\/media?parent=785183"}],"wp:term":[{"taxonomy":"product_brand","embeddable":true,"href":"https:\/\/roveyayinevi.com.tr\/index.php\/wp-json\/wp\/v2\/product_brand?post=785183"},{"taxonomy":"product_cat","embeddable":true,"href":"https:\/\/roveyayinevi.com.tr\/index.php\/wp-json\/wp\/v2\/product_cat?post=785183"},{"taxonomy":"product_tag","embeddable":true,"href":"https:\/\/roveyayinevi.com.tr\/index.php\/wp-json\/wp\/v2\/product_tag?post=785183"}],"curies":[{"name":"wp","href":"https:\/\/api.w.org\/{rel}","templated":true}]}}