{"id":785182,"date":"2026-03-25T01:05:56","date_gmt":"2026-03-24T22:05:56","guid":{"rendered":"https:\/\/roveyayinevi.com.tr\/index.php\/urun\/yeni-altayin-bilinmeyen-hikayesi\/"},"modified":"2026-04-15T03:48:38","modified_gmt":"2026-04-15T00:48:38","slug":"yeni-altayin-bilinmeyen-hikayesi","status":"publish","type":"product","link":"https:\/\/roveyayinevi.com.tr\/index.php\/urun\/yeni-altayin-bilinmeyen-hikayesi\/","title":{"rendered":"Yeni Altay&#8217;\u0131n Bilinmeyen Hikayesi"},"content":{"rendered":"<p>Nobel Edebiyat \u00d6d\u00fcl\u00fc sahibi Kolombiyal\u0131 yazar Gabriel Garc\u00eda M\u00e1rquez, Anlatmak i\u00e7in Ya\u015famak isimli otobiyografisinde \u201c\u00d6nemli olan hayatta ba\u015f\u0131n\u0131za gelenler de\u011fil, neyi hat\u0131rlad\u0131\u011f\u0131n\u0131z ve nas\u0131l hat\u0131rlad\u0131\u011f\u0131n\u0131zd\u0131r,\u201d diye yazar. Ben de ge\u00e7mi\u015fe dair hat\u0131rlad\u0131klar\u0131m\u0131, ger\u00e7e\u011fe m\u00fcmk\u00fcn oldu\u011funca sad\u0131k kalarak benden sonrakilere yararl\u0131 olaca\u011f\u0131 d\u00fc\u015f\u00fcncesiyle kaleme ald\u0131m. Ku\u015fkusuz haf\u0131zamda yer etti\u011fi halde yaz\u0131ya d\u00f6kemedi\u011fim an\u0131lar ya da aktarmay\u0131 unuttu\u011fum detaylar olmu\u015ftur. Ya\u015fad\u0131klar\u0131m\u0131 g\u00f6zlemlerim ve de\u011ferlendirmelerimle birlikte anlatmaya \u00e7al\u0131\u015ft\u0131m. Bu kitapta sizinle payla\u015ft\u0131klar\u0131m sadece bir savunma sanayi projesinin de\u011fil, ayn\u0131 zamanda bir \u00fclkenin kendi ayaklar\u0131 \u00fczerinde durma iradesinin de hik\u00e2yesidir. Ve umar\u0131m bu sayfalar bireysel bir anlat\u0131 olmaktan \u00f6teye ge\u00e7erek gelecekte benzer zorluklarla kar\u015f\u0131la\u015facak ki\u015filere de rehberlik eder.<\/p>\n","protected":false},"excerpt":{"rendered":"<p>Nobel Edebiyat \u00d6d\u00fcl\u00fc sahibi Kolombiyal\u0131 yazar Gabriel Garc\u00eda M\u00e1rquez, Anlatmak i\u00e7in Ya\u015famak isimli otobiyografisinde \u201c\u00d6nemli olan hayatta ba\u015f\u0131n\u0131za gelenler de\u011fil, neyi hat\u0131rlad\u0131\u011f\u0131n\u0131z ve nas\u0131l hat\u0131rlad\u0131\u011f\u0131n\u0131zd\u0131r,\u201d diye<span class=\"excerpt-hellip\"> [\u2026]<\/span><\/p>\n","protected":false},"featured_media":0,"template":"","meta":{"_monsterinsights_skip_tracking":false,"_monsterinsights_sitenote_active":false,"_monsterinsights_sitenote_note":"","_monsterinsights_sitenote_category":0},"product_brand":[],"product_cat":[18545,12291],"product_tag":[],"class_list":{"0":"post-785182","1":"product","2":"type-product","3":"status-publish","5":"product_cat-anlati","6":"product_cat-edebiyat","7":"pa_cilt-ciltsiz","8":"pa_tur-kitap","9":"pa_yayinevi-turkuvaz-kitap","10":"pa_yazar-murat-yalcintas","12":"first","13":"instock","14":"sale","15":"shipping-taxable","16":"purchasable","17":"product-type-simple"},"_links":{"self":[{"href":"https:\/\/roveyayinevi.com.tr\/index.php\/wp-json\/wp\/v2\/product\/785182","targetHints":{"allow":["GET"]}}],"collection":[{"href":"https:\/\/roveyayinevi.com.tr\/index.php\/wp-json\/wp\/v2\/product"}],"about":[{"href":"https:\/\/roveyayinevi.com.tr\/index.php\/wp-json\/wp\/v2\/types\/product"}],"wp:attachment":[{"href":"https:\/\/roveyayinevi.com.tr\/index.php\/wp-json\/wp\/v2\/media?parent=785182"}],"wp:term":[{"taxonomy":"product_brand","embeddable":true,"href":"https:\/\/roveyayinevi.com.tr\/index.php\/wp-json\/wp\/v2\/product_brand?post=785182"},{"taxonomy":"product_cat","embeddable":true,"href":"https:\/\/roveyayinevi.com.tr\/index.php\/wp-json\/wp\/v2\/product_cat?post=785182"},{"taxonomy":"product_tag","embeddable":true,"href":"https:\/\/roveyayinevi.com.tr\/index.php\/wp-json\/wp\/v2\/product_tag?post=785182"}],"curies":[{"name":"wp","href":"https:\/\/api.w.org\/{rel}","templated":true}]}}