{"id":785181,"date":"2026-03-25T01:05:54","date_gmt":"2026-03-24T22:05:54","guid":{"rendered":"https:\/\/roveyayinevi.com.tr\/index.php\/urun\/kucho-1\/"},"modified":"2026-04-15T03:48:38","modified_gmt":"2026-04-15T00:48:38","slug":"kucho-1","status":"publish","type":"product","link":"https:\/\/roveyayinevi.com.tr\/index.php\/urun\/kucho-1\/","title":{"rendered":"Kucho 1"},"content":{"rendered":"<p>HAVR\u0130KA B\u0130R D\u00dcNYAYA HO\u015e GELD\u0130N\u0130Z! Ben Kucho! Fakat dostlar\u0131m bana S\u00fcper S\u0131radan K\u00f6pek Kucho der! Bir g\u00fcn yuvam Techo Yaz\u0131l\u0131m\u2019da, sonsuz mama hayalimi ger\u00e7ekle\u015ftirmeye \u00e7al\u0131\u015f\u0131rken hayat\u0131m bir anda de\u011fi\u015fti. Neler oldu\u011funu anlayamadan, saniyeler i\u00e7inde kendimi bamba\u015fka bir yerde buldum. Hem de yaln\u0131z de\u011fildim! Art\u0131k yan\u0131mda birbirinden tuhaf ve e\u011flenceli dostlar\u0131m vard\u0131. KEM\u0130KLER\u0130 HAZIRLAYIN! PORTALLAR ARASI MACERAMIZ BA\u015eLIYOR!<\/p>\n","protected":false},"excerpt":{"rendered":"<p>HAVR\u0130KA B\u0130R D\u00dcNYAYA HO\u015e GELD\u0130N\u0130Z! Ben Kucho! Fakat dostlar\u0131m bana S\u00fcper S\u0131radan K\u00f6pek Kucho der! Bir g\u00fcn yuvam Techo Yaz\u0131l\u0131m\u2019da, sonsuz mama hayalimi ger\u00e7ekle\u015ftirmeye \u00e7al\u0131\u015f\u0131rken hayat\u0131m<span class=\"excerpt-hellip\"> [\u2026]<\/span><\/p>\n","protected":false},"featured_media":0,"template":"","meta":{"_monsterinsights_skip_tracking":false,"_monsterinsights_sitenote_active":false,"_monsterinsights_sitenote_note":"","_monsterinsights_sitenote_category":0},"product_brand":[],"product_cat":[12689,12274],"product_tag":[],"class_list":{"0":"post-785181","1":"product","2":"type-product","3":"status-publish","5":"product_cat-cizgi-roman-cocuk-ve-genclik-kitaplari","6":"product_cat-cocuk-ve-genclik-kitaplari","7":"pa_cilt-ciltsiz","8":"pa_tur-kitap","9":"pa_yayinevi-eksik-parca-yayinlari","10":"pa_yazar-kolektif","12":"first","13":"instock","14":"sale","15":"shipping-taxable","16":"purchasable","17":"product-type-simple"},"_links":{"self":[{"href":"https:\/\/roveyayinevi.com.tr\/index.php\/wp-json\/wp\/v2\/product\/785181","targetHints":{"allow":["GET"]}}],"collection":[{"href":"https:\/\/roveyayinevi.com.tr\/index.php\/wp-json\/wp\/v2\/product"}],"about":[{"href":"https:\/\/roveyayinevi.com.tr\/index.php\/wp-json\/wp\/v2\/types\/product"}],"wp:attachment":[{"href":"https:\/\/roveyayinevi.com.tr\/index.php\/wp-json\/wp\/v2\/media?parent=785181"}],"wp:term":[{"taxonomy":"product_brand","embeddable":true,"href":"https:\/\/roveyayinevi.com.tr\/index.php\/wp-json\/wp\/v2\/product_brand?post=785181"},{"taxonomy":"product_cat","embeddable":true,"href":"https:\/\/roveyayinevi.com.tr\/index.php\/wp-json\/wp\/v2\/product_cat?post=785181"},{"taxonomy":"product_tag","embeddable":true,"href":"https:\/\/roveyayinevi.com.tr\/index.php\/wp-json\/wp\/v2\/product_tag?post=785181"}],"curies":[{"name":"wp","href":"https:\/\/api.w.org\/{rel}","templated":true}]}}