{"id":785180,"date":"2026-03-25T01:05:51","date_gmt":"2026-03-24T22:05:51","guid":{"rendered":"https:\/\/roveyayinevi.com.tr\/index.php\/urun\/gaip-toprak-agasi\/"},"modified":"2026-04-15T03:48:37","modified_gmt":"2026-04-15T00:48:37","slug":"gaip-toprak-agasi","status":"publish","type":"product","link":"https:\/\/roveyayinevi.com.tr\/index.php\/urun\/gaip-toprak-agasi\/","title":{"rendered":"Gaip Toprak A\u011fas\u0131"},"content":{"rendered":"<p>Japonya\u2019n\u0131n proleter edebiyat\u0131n\u0131n \u00f6nde gelen yazarlar\u0131ndan olan Takiji Kobayashi taraf\u0131ndan 1929 y\u0131l\u0131nda yay\u0131nlanan bu hikaye, ger\u00e7ek bir olay olan \u201cIsono \u00c7ift\u00e7i Direni\u015fi\u201dnden esinlenerek yaz\u0131lm\u0131\u015ft\u0131r. Japon k\u0131rsal\u0131nda ya\u015fanan s\u00f6m\u00fcr\u00fc d\u00fczenini konu edinmi\u015ftir. \u00c7iftli\u011fin sahibi Kishino\u2019nun k\u00f6yde bulunmamas\u0131na ra\u011fmen bir vekili arac\u0131l\u0131\u011f\u0131yla y\u00f6netti\u011fi k\u00f6y, yani S K\u00f6y\u00fc, anlat\u0131lmaktad\u0131r. Bu k\u00f6yde ya\u015fayan yoksul k\u00f6yl\u00fcler, \u00f6zellikle de ba\u015fkahraman olan Ken, zamanla \u015fehirle k\u0131rsal aras\u0131ndaki s\u00f6m\u00fcr\u00fc ili\u015fkilerini kavramaya ba\u015flar. Ken ve arkada\u015flar\u0131, bu adaletsiz d\u00fczene kar\u015f\u0131 birlikte m\u00fccadele ederler; bu m\u00fccadele de zamanla k\u00f6yl\u00fclerin direni\u015fine d\u00f6n\u00fc\u015f\u00fcr.<\/p>\n","protected":false},"excerpt":{"rendered":"<p>Japonya\u2019n\u0131n proleter edebiyat\u0131n\u0131n \u00f6nde gelen yazarlar\u0131ndan olan Takiji Kobayashi taraf\u0131ndan 1929 y\u0131l\u0131nda yay\u0131nlanan bu hikaye, ger\u00e7ek bir olay olan \u201cIsono \u00c7ift\u00e7i Direni\u015fi\u201dnden esinlenerek yaz\u0131lm\u0131\u015ft\u0131r. Japon k\u0131rsal\u0131nda<span class=\"excerpt-hellip\"> [\u2026]<\/span><\/p>\n","protected":false},"featured_media":0,"template":"","meta":{"_monsterinsights_skip_tracking":false,"_monsterinsights_sitenote_active":false,"_monsterinsights_sitenote_note":"","_monsterinsights_sitenote_category":0},"product_brand":[],"product_cat":[12291,12711],"product_tag":[],"class_list":{"0":"post-785180","1":"product","2":"type-product","3":"status-publish","5":"product_cat-edebiyat","6":"product_cat-roman-oyku","7":"pa_cilt-ciltsiz","8":"pa_tur-kitap","9":"pa_yayinevi-japon-yayinlari","10":"pa_yazar-takiji-kobayashi","12":"first","13":"instock","14":"sale","15":"shipping-taxable","16":"purchasable","17":"product-type-simple"},"_links":{"self":[{"href":"https:\/\/roveyayinevi.com.tr\/index.php\/wp-json\/wp\/v2\/product\/785180","targetHints":{"allow":["GET"]}}],"collection":[{"href":"https:\/\/roveyayinevi.com.tr\/index.php\/wp-json\/wp\/v2\/product"}],"about":[{"href":"https:\/\/roveyayinevi.com.tr\/index.php\/wp-json\/wp\/v2\/types\/product"}],"wp:attachment":[{"href":"https:\/\/roveyayinevi.com.tr\/index.php\/wp-json\/wp\/v2\/media?parent=785180"}],"wp:term":[{"taxonomy":"product_brand","embeddable":true,"href":"https:\/\/roveyayinevi.com.tr\/index.php\/wp-json\/wp\/v2\/product_brand?post=785180"},{"taxonomy":"product_cat","embeddable":true,"href":"https:\/\/roveyayinevi.com.tr\/index.php\/wp-json\/wp\/v2\/product_cat?post=785180"},{"taxonomy":"product_tag","embeddable":true,"href":"https:\/\/roveyayinevi.com.tr\/index.php\/wp-json\/wp\/v2\/product_tag?post=785180"}],"curies":[{"name":"wp","href":"https:\/\/api.w.org\/{rel}","templated":true}]}}