{"id":785179,"date":"2026-03-25T01:05:02","date_gmt":"2026-03-24T22:05:02","guid":{"rendered":"https:\/\/roveyayinevi.com.tr\/index.php\/urun\/dusler-yolu\/"},"modified":"2026-04-03T03:39:17","modified_gmt":"2026-04-03T00:39:17","slug":"dusler-yolu","status":"publish","type":"product","link":"https:\/\/roveyayinevi.com.tr\/index.php\/urun\/dusler-yolu\/","title":{"rendered":"D\u00fc\u015fler Yolu"},"content":{"rendered":"<p>D\u00fc\u015fler Yolu, d\u00fcnyan\u0131n ya\u015fayan en eski k\u00fclt\u00fcrlerinden biri olan Aborjinlerin 60 bin y\u0131l\u0131 a\u015fan irfan\u0131ndan s\u00fcz\u00fclen hik\u00e2yeler arac\u0131l\u0131\u011f\u0131yla, modern insan\u0131n unuttu\u011fu temel bir soruya geri d\u00f6n\u00fcyor: Kim oldu\u011fumuzu ve bu d\u00fcnyada nas\u0131l ya\u015famam\u0131z gerekti\u011fini ger\u00e7ekten hat\u0131rl\u0131yor muyuz?Bu hik\u00e2yelerde ta\u015flar konu\u015fur, nehirler hat\u0131rlar, hayvanlar atad\u0131r. Aborjinlerin \u201cR\u00fcya Vakti\u201d ya da \u201cD\u00fc\u015fler Yolu\u201d dedi\u011fi \u015fey, uykuda g\u00f6r\u00fclen d\u00fc\u015fler de\u011fil; d\u00fcnyan\u0131n kendini anlatt\u0131\u011f\u0131 zamand\u0131r. B\u00fcy\u00fckler, bu hik\u00e2yeleri masal olsun diye de\u011fil, ya\u015fam s\u00fcrd\u00fcr\u00fclebilsin diye anlat\u0131r. \u00c7\u00fcnk\u00fc yolunu kaybeden insan, \u00f6nce hik\u00e2yesini kaybeder.D\u00fc\u015fler Yolu, insan\u0131n toprakla, birbirleriyle ve kendi \u00f6z\u00fcyle aras\u0131na giren kopu\u015fun mitolojik izini s\u00fcr\u00fcyor. Unutulan yaln\u0131zca eski bilgiler de\u011fil; sorumluluk, \u00f6l\u00e7\u00fc ve birlikte ya\u015fama sanat\u0131d\u0131r. Hat\u0131rlamak, bu y\u00fczden bir uyan\u0131\u015ftan \u00e7ok, bir geri d\u00f6n\u00fc\u015f gibidir: eve, kayna\u011fa, ba\u015flang\u0131ca\u2026Bu kitap bir \u00f6\u011freti sunmuyor, bir yol a\u00e7\u0131yor; re\u00e7ete vermiyor, do\u011fru sorular\u0131 \u00e7o\u011falt\u0131yor. Anlat\u0131lan hik\u00e2yelerin aras\u0131ndan ge\u00e7erken kendi ad\u0131mlar\u0131n\u0131z\u0131n sesini duymaya ba\u015fl\u0131yorsunuz. D\u00fc\u015fler Yolu, h\u00e2l\u00e2 y\u00fcr\u00fcnmekte olan bir yoldur; dinlemeyi bilenler ate\u015fin \u0131\u015f\u0131\u011f\u0131nda y\u00fcr\u00fcmeye devam ediyorlar.<\/p>\n","protected":false},"excerpt":{"rendered":"<p>D\u00fc\u015fler Yolu, d\u00fcnyan\u0131n ya\u015fayan en eski k\u00fclt\u00fcrlerinden biri olan Aborjinlerin 60 bin y\u0131l\u0131 a\u015fan irfan\u0131ndan s\u00fcz\u00fclen hik\u00e2yeler arac\u0131l\u0131\u011f\u0131yla, modern insan\u0131n unuttu\u011fu temel bir soruya geri d\u00f6n\u00fcyor:<span class=\"excerpt-hellip\"> [\u2026]<\/span><\/p>\n","protected":false},"featured_media":0,"template":"","meta":{"_monsterinsights_skip_tracking":false,"_monsterinsights_sitenote_active":false,"_monsterinsights_sitenote_note":"","_monsterinsights_sitenote_category":0},"product_brand":[],"product_cat":[12364,12376],"product_tag":[],"class_list":{"0":"post-785179","1":"product","2":"type-product","3":"status-publish","5":"product_cat-genel-konular","6":"product_cat-kisisel-gelisim","7":"pa_cilt-ciltsiz","8":"pa_tur-kitap","9":"pa_yayinevi-kuraldisi-yayinevi","10":"pa_yazar-paul-callaghan","12":"first","13":"instock","14":"sale","15":"shipping-taxable","16":"purchasable","17":"product-type-simple"},"_links":{"self":[{"href":"https:\/\/roveyayinevi.com.tr\/index.php\/wp-json\/wp\/v2\/product\/785179","targetHints":{"allow":["GET"]}}],"collection":[{"href":"https:\/\/roveyayinevi.com.tr\/index.php\/wp-json\/wp\/v2\/product"}],"about":[{"href":"https:\/\/roveyayinevi.com.tr\/index.php\/wp-json\/wp\/v2\/types\/product"}],"wp:attachment":[{"href":"https:\/\/roveyayinevi.com.tr\/index.php\/wp-json\/wp\/v2\/media?parent=785179"}],"wp:term":[{"taxonomy":"product_brand","embeddable":true,"href":"https:\/\/roveyayinevi.com.tr\/index.php\/wp-json\/wp\/v2\/product_brand?post=785179"},{"taxonomy":"product_cat","embeddable":true,"href":"https:\/\/roveyayinevi.com.tr\/index.php\/wp-json\/wp\/v2\/product_cat?post=785179"},{"taxonomy":"product_tag","embeddable":true,"href":"https:\/\/roveyayinevi.com.tr\/index.php\/wp-json\/wp\/v2\/product_tag?post=785179"}],"curies":[{"name":"wp","href":"https:\/\/api.w.org\/{rel}","templated":true}]}}