{"id":785178,"date":"2026-03-25T01:05:00","date_gmt":"2026-03-24T22:05:00","guid":{"rendered":"https:\/\/roveyayinevi.com.tr\/index.php\/urun\/hurriyet-namlunun-ucunda\/"},"modified":"2026-04-15T03:47:38","modified_gmt":"2026-04-15T00:47:38","slug":"hurriyet-namlunun-ucunda","status":"publish","type":"product","link":"https:\/\/roveyayinevi.com.tr\/index.php\/urun\/hurriyet-namlunun-ucunda\/","title":{"rendered":"H\u00fcrriyet Namlunun Ucunda"},"content":{"rendered":"<p>Arkada\u015flar, sava\u015f\u0131n i\u00e7inden herkese merhaba. Belki bu sizinle son yay\u0131n\u0131m\u0131z olur \u00e7\u00fcnk\u00fc ba\u015fkent s\u00fcrekli vuruluyor. H\u00fck\u00fbmet yetkilileri, s\u0131\u011f\u0131na\u011fa gitmelerii\u00e7in insanlara \u00e7a\u011fr\u0131lar yap\u0131yor. Yirmi birinci as\u0131rda, 1941 senesinin karanl\u0131\u011f\u0131n\u0131 ya\u015f\u0131yoruz ama biz buraday\u0131z, burada kalmaya devam ediyoruz. Bizimkanal\u0131m\u0131z Rusya taraf\u0131ndan bilinen bir kanal, o y\u00fczden onlar\u0131n ilk hedefleri aras\u0131nda. Ama olsun, korkarak ya\u015famaktansa \u015fereflice \u00f6lmek daha g\u00fczeldir.Kiev\u2019den herkese sevgiler\u2026*\u201cVatan\u0131m K\u0131r\u0131m 2014\u2019te i\u015fgal edildikten ve Donbas\u2019ta sava\u015f ba\u015flad\u0131ktan sonra, \u201cBu i\u015f burada bitmeyecek.\u201d diyordum. Hepimiz diyorduk. Sava\u015f\u0131n ayaksesleri her ge\u00e7en g\u00fcn daha da yakla\u015f\u0131yordu. Sokaklarda barut, havada kan kokusu vard\u0131.2015 y\u0131l\u0131nda K\u0131r\u0131m\u2019dan ayr\u0131ld\u0131\u011f\u0131mda bir daha asla ba\u015fka bir yere gitmeyece\u011fimi, bu \u00fclkede kalaca\u011f\u0131m\u0131, sava\u015f\u0131 anlataca\u011f\u0131m\u0131, halk\u0131m ve vatan\u0131m i\u00e7inson nefesime kadar m\u00fccadele edece\u011fimi biliyordum. Geriye d\u00f6n\u00fcp bakt\u0131\u011f\u0131mda, Mustafa Abd\u00fclcemil K\u0131r\u0131mo\u011flu\u2019yla, nice isimli-isimsiz kahramanlaayn\u0131 safta y\u00fcr\u00fcd\u00fc\u011f\u00fcm i\u00e7in gurur duyuyorum. Onlar\u0131n direni\u015fi benim yolum oldu.Bu sat\u0131rlar\u0131 yazd\u0131\u011f\u0131m zamandan geriye gitti\u011fimde, K\u0131r\u0131m\u2019\u0131n on bir y\u0131ld\u0131r i\u015fgal alt\u0131nda oldu\u011funu s\u00f6yleyebilirim. Ben de on y\u0131ld\u0131r evime d\u00f6nemiyor vene zaman d\u00f6nece\u011fimi de bilmiyorum. Kendi evimde, kendi odamda, annem ve babamla \u00f6zg\u00fcr bir K\u0131r\u0131m\u2019da bulu\u015fabilmek hayaliyle ya\u015f\u0131yorum.Yazarken bo\u011faz\u0131m d\u00fc\u011f\u00fcmleniyor. G\u00f6zlerim dolu dolu\u2026 \u0130\u00e7imde yang\u0131n&#8230; Ama biliyorum ki bir halk \u00f6lmezse, o halk\u0131n r\u00fcyalar\u0131 da \u00f6lmez. Bizisusturmak, \u00f6ld\u00fcrmek isteyenler \u015fimdi tarihin \u00e7\u00f6pl\u00fc\u011f\u00fcndeler; bizse h\u00e2l\u00e2 buraday\u0131z. Pes etmedik. Var\u0131z. Var olmaya da devam edece\u011fiz.\u201d<\/p>\n","protected":false},"excerpt":{"rendered":"<p>Arkada\u015flar, sava\u015f\u0131n i\u00e7inden herkese merhaba. Belki bu sizinle son yay\u0131n\u0131m\u0131z olur \u00e7\u00fcnk\u00fc ba\u015fkent s\u00fcrekli vuruluyor. H\u00fck\u00fbmet yetkilileri, s\u0131\u011f\u0131na\u011fa gitmelerii\u00e7in insanlara \u00e7a\u011fr\u0131lar yap\u0131yor. Yirmi birinci as\u0131rda, 1941<span class=\"excerpt-hellip\"> [\u2026]<\/span><\/p>\n","protected":false},"featured_media":0,"template":"","meta":{"_monsterinsights_skip_tracking":false,"_monsterinsights_sitenote_active":false,"_monsterinsights_sitenote_note":"","_monsterinsights_sitenote_category":0},"product_brand":[],"product_cat":[12305,12304],"product_tag":[],"class_list":{"0":"post-785178","1":"product","2":"type-product","3":"status-publish","5":"product_cat-dunya-tarihi","6":"product_cat-tarih","7":"pa_cilt-ciltsiz","8":"pa_tur-kitap","9":"pa_yayinevi-otuken-nesriyat","10":"pa_yazar-gulsum-halilova","12":"first","13":"instock","14":"sale","15":"shipping-taxable","16":"purchasable","17":"product-type-simple"},"_links":{"self":[{"href":"https:\/\/roveyayinevi.com.tr\/index.php\/wp-json\/wp\/v2\/product\/785178","targetHints":{"allow":["GET"]}}],"collection":[{"href":"https:\/\/roveyayinevi.com.tr\/index.php\/wp-json\/wp\/v2\/product"}],"about":[{"href":"https:\/\/roveyayinevi.com.tr\/index.php\/wp-json\/wp\/v2\/types\/product"}],"wp:attachment":[{"href":"https:\/\/roveyayinevi.com.tr\/index.php\/wp-json\/wp\/v2\/media?parent=785178"}],"wp:term":[{"taxonomy":"product_brand","embeddable":true,"href":"https:\/\/roveyayinevi.com.tr\/index.php\/wp-json\/wp\/v2\/product_brand?post=785178"},{"taxonomy":"product_cat","embeddable":true,"href":"https:\/\/roveyayinevi.com.tr\/index.php\/wp-json\/wp\/v2\/product_cat?post=785178"},{"taxonomy":"product_tag","embeddable":true,"href":"https:\/\/roveyayinevi.com.tr\/index.php\/wp-json\/wp\/v2\/product_tag?post=785178"}],"curies":[{"name":"wp","href":"https:\/\/api.w.org\/{rel}","templated":true}]}}