{"id":785174,"date":"2026-03-24T23:41:45","date_gmt":"2026-03-24T20:41:45","guid":{"rendered":"https:\/\/roveyayinevi.com.tr\/index.php\/urun\/bitti-bitti-bitmedi\/"},"modified":"2026-04-16T02:11:21","modified_gmt":"2026-04-15T23:11:21","slug":"bitti-bitti-bitmedi","status":"publish","type":"product","link":"https:\/\/roveyayinevi.com.tr\/index.php\/urun\/bitti-bitti-bitmedi\/","title":{"rendered":"Bitti Bitti Bitmedi"},"content":{"rendered":"<p>(&#8230;) Ustal\u0131kl\u0131 roman ak\u0131\u015f\u0131n\u0131n yan\u0131 s\u0131ra kullan\u0131lan tarihsel veriler, Vedat T\u00fcrkali\u2019nin kitab\u0131na Ermeni sorunu konusunda ger\u00e7ekten de\u011ferli bir belge niteli\u011fi kazand\u0131rm\u0131\u015f. Soyk\u0131r\u0131m\u0131n canl\u0131 tan\u0131\u011f\u0131 Dede\u2019nin siyasal \u00f6rg\u00fctlenmeler \u00fczerine anlatt\u0131klar\u0131 da son derece \u00f6nemli. Genelde az\u0131nl\u0131klar, \u00f6zelde ise Ermeni, Rum ve K\u00fcrt k\u0131r\u0131mlar\u0131 konusunda TKP\u2019nin, hatta genelde T\u00fcrk solunun tavr\u0131, baz\u0131 istisnalar d\u0131\u015f\u0131nda, pek de tutarl\u0131 olmad\u0131\u011f\u0131ndan, bu tarihi ya\u015fam\u0131\u015f bir Ermeni \u015fahsiyetin bu konudaki de\u011ferlendirmelerine ke\u015fke daha geni\u015f yer verilebilmi\u015f olsayd\u0131. (&#8230;) Her hal\u00fck\u00e2rda kitap, 1915\u2019in 100. Y\u0131ld\u00f6n\u00fcm\u00fc\u2019nde bu konuda yay\u0131mlanan ve yay\u0131mlanmas\u0131 beklenen bir\u00e7ok eser aras\u0131nda \u00f6nemli bir yer tutacak. <\/p>\n","protected":false},"excerpt":{"rendered":"<p>(&#8230;) Ustal\u0131kl\u0131 roman ak\u0131\u015f\u0131n\u0131n yan\u0131 s\u0131ra kullan\u0131lan tarihsel veriler, Vedat T\u00fcrkali\u2019nin kitab\u0131na Ermeni sorunu konusunda ger\u00e7ekten de\u011ferli bir belge niteli\u011fi kazand\u0131rm\u0131\u015f. Soyk\u0131r\u0131m\u0131n canl\u0131 tan\u0131\u011f\u0131 Dede\u2019nin siyasal<span class=\"excerpt-hellip\"> [\u2026]<\/span><\/p>\n","protected":false},"featured_media":0,"template":"","meta":{"_monsterinsights_skip_tracking":false,"_monsterinsights_sitenote_active":false,"_monsterinsights_sitenote_note":"","_monsterinsights_sitenote_category":0},"product_brand":[],"product_cat":[13656,12337],"product_tag":[],"class_list":{"0":"post-785174","1":"product","2":"type-product","3":"status-publish","5":"product_cat-azinliklar-etnik-sorunlar","6":"product_cat-politika-siyaset","7":"pa_cilt-ciltsiz","8":"pa_tur-kitap","9":"pa_yayinevi-ayrinti-yayinlari","10":"pa_yazar-vedat-turkali","12":"first","13":"instock","14":"sale","15":"shipping-taxable","16":"purchasable","17":"product-type-simple"},"_links":{"self":[{"href":"https:\/\/roveyayinevi.com.tr\/index.php\/wp-json\/wp\/v2\/product\/785174","targetHints":{"allow":["GET"]}}],"collection":[{"href":"https:\/\/roveyayinevi.com.tr\/index.php\/wp-json\/wp\/v2\/product"}],"about":[{"href":"https:\/\/roveyayinevi.com.tr\/index.php\/wp-json\/wp\/v2\/types\/product"}],"wp:attachment":[{"href":"https:\/\/roveyayinevi.com.tr\/index.php\/wp-json\/wp\/v2\/media?parent=785174"}],"wp:term":[{"taxonomy":"product_brand","embeddable":true,"href":"https:\/\/roveyayinevi.com.tr\/index.php\/wp-json\/wp\/v2\/product_brand?post=785174"},{"taxonomy":"product_cat","embeddable":true,"href":"https:\/\/roveyayinevi.com.tr\/index.php\/wp-json\/wp\/v2\/product_cat?post=785174"},{"taxonomy":"product_tag","embeddable":true,"href":"https:\/\/roveyayinevi.com.tr\/index.php\/wp-json\/wp\/v2\/product_tag?post=785174"}],"curies":[{"name":"wp","href":"https:\/\/api.w.org\/{rel}","templated":true}]}}