{"id":785172,"date":"2026-03-24T23:28:06","date_gmt":"2026-03-24T20:28:06","guid":{"rendered":"https:\/\/roveyayinevi.com.tr\/index.php\/urun\/profesor-5\/"},"modified":"2026-04-11T13:18:31","modified_gmt":"2026-04-11T10:18:31","slug":"profesor-5","status":"publish","type":"product","link":"https:\/\/roveyayinevi.com.tr\/index.php\/urun\/profesor-5\/","title":{"rendered":"Profes\u00f6r"},"content":{"rendered":"<p>Charlotte Bronte (1816-1855): Gen\u00e7lik y\u0131llar\u0131nda Br\u00fcksel&#8217;de m\u00fcrebbiyelik ve \u0130ngilizce \u00f6\u011fretmenli\u011fi yapt\u0131. Romanlar\u0131nda, \u00f6zellikle Profes\u00f6r&#8217;de bu y\u0131llardan kalan derin izlere rastlan\u0131r. Eserlerinde kad\u0131n erkek ili\u015fkileri, evlilik ve dostluk hakk\u0131nda d\u00fc\u015f\u00fcncelerini derin bir duyarl\u0131k ve dokunakl\u0131 bir dille aktard\u0131. Charlotte Bronte 1847&#8217;de yay\u0131mlanan ilk roman\u0131 Jane Eyre ile tan\u0131nd\u0131. Bu eseri 1849&#8217;da Shirley ve 1853&#8217;de Villette izledi. Yazd\u0131\u011f\u0131 ilk roman olan Profes\u00f6r ise yazar\u0131n \u00f6l\u00fcm\u00fcnden iki y\u0131l sonra 1857 y\u0131l\u0131nda e\u015finin onay\u0131 ile bas\u0131ld\u0131. <\/p>\n","protected":false},"excerpt":{"rendered":"<p>Charlotte Bronte (1816-1855): Gen\u00e7lik y\u0131llar\u0131nda Br\u00fcksel&#8217;de m\u00fcrebbiyelik ve \u0130ngilizce \u00f6\u011fretmenli\u011fi yapt\u0131. Romanlar\u0131nda, \u00f6zellikle Profes\u00f6r&#8217;de bu y\u0131llardan kalan derin izlere rastlan\u0131r. Eserlerinde kad\u0131n erkek ili\u015fkileri, evlilik ve<span class=\"excerpt-hellip\"> [\u2026]<\/span><\/p>\n","protected":false},"featured_media":0,"template":"","meta":{"_monsterinsights_skip_tracking":false,"_monsterinsights_sitenote_active":false,"_monsterinsights_sitenote_note":"","_monsterinsights_sitenote_category":0},"product_brand":[],"product_cat":[12291,12866],"product_tag":[],"class_list":{"0":"post-785172","1":"product","2":"type-product","3":"status-publish","5":"product_cat-edebiyat","6":"product_cat-ingiliz-edebiyati","7":"pa_cilt-ciltsiz","8":"pa_tur-kitap","9":"pa_yayinevi-is-bankasi-kultur-yayinlari","10":"pa_yazar-charlotte-bronte","12":"first","13":"instock","14":"sale","15":"shipping-taxable","16":"purchasable","17":"product-type-simple"},"_links":{"self":[{"href":"https:\/\/roveyayinevi.com.tr\/index.php\/wp-json\/wp\/v2\/product\/785172","targetHints":{"allow":["GET"]}}],"collection":[{"href":"https:\/\/roveyayinevi.com.tr\/index.php\/wp-json\/wp\/v2\/product"}],"about":[{"href":"https:\/\/roveyayinevi.com.tr\/index.php\/wp-json\/wp\/v2\/types\/product"}],"wp:attachment":[{"href":"https:\/\/roveyayinevi.com.tr\/index.php\/wp-json\/wp\/v2\/media?parent=785172"}],"wp:term":[{"taxonomy":"product_brand","embeddable":true,"href":"https:\/\/roveyayinevi.com.tr\/index.php\/wp-json\/wp\/v2\/product_brand?post=785172"},{"taxonomy":"product_cat","embeddable":true,"href":"https:\/\/roveyayinevi.com.tr\/index.php\/wp-json\/wp\/v2\/product_cat?post=785172"},{"taxonomy":"product_tag","embeddable":true,"href":"https:\/\/roveyayinevi.com.tr\/index.php\/wp-json\/wp\/v2\/product_tag?post=785172"}],"curies":[{"name":"wp","href":"https:\/\/api.w.org\/{rel}","templated":true}]}}