{"id":785170,"date":"2026-03-23T22:24:12","date_gmt":"2026-03-23T19:24:12","guid":{"rendered":"https:\/\/roveyayinevi.com.tr\/index.php\/urun\/bu-kitapta-bir-su-aygiri-yok\/"},"modified":"2026-04-08T03:45:13","modified_gmt":"2026-04-08T00:45:13","slug":"bu-kitapta-bir-su-aygiri-yok","status":"publish","type":"product","link":"https:\/\/roveyayinevi.com.tr\/index.php\/urun\/bu-kitapta-bir-su-aygiri-yok\/","title":{"rendered":"Bu Kitapta Bir Su Ayg\u0131r\u0131 Yok"},"content":{"rendered":"<p>Bir su ayg\u0131r\u0131 masal kahraman\u0131 olabilir mi?\u00c7i\u011fdem G\u00fcnde\u015f\u2019in kaleme ald\u0131\u011f\u0131 Bu Kitapta Bir Su Ayg\u0131r\u0131 Yok, okurlar\u0131 masal kahraman\u0131 olmay\u0131 kafas\u0131na koyan merakl\u0131 su ayg\u0131r\u0131 Bubi\u2019nin pe\u015finden e\u011flenceli ve s\u00fcr\u00fckleyici bir yolculu\u011fa \u00e7\u0131kar\u0131yor.A\u011fustos b\u00f6ce\u011finden kurba\u011falara, ressamdan yazara uzanan bu s\u0131ra d\u0131\u015f\u0131 yolculuk; masallar aras\u0131nda gezinmeye, tan\u0131d\u0131k kahramanlar \u00fczerinde yeniden d\u00fc\u015f\u00fcnmeye ve hik\u00e2yelerin birbirine nas\u0131l kap\u0131 aralad\u0131\u011f\u0131n\u0131 ke\u015ffetmeye \u00e7a\u011f\u0131r\u0131yor.Bir masal kahraman\u0131 olmak isteyen Bubi, beklemeye dayanamay\u0131p sabr\u0131 t\u00fckenince masallar\u0131n kap\u0131s\u0131n\u0131 tek tek \u00e7almaya karar veriyor. \u015eark\u0131 s\u00f6yleyen b\u00f6ceklerle, dertli kurba\u011falarla, tela\u015fl\u0131 kar\u0131ncalarla kar\u015f\u0131la\u015fsa da hayalinden vazge\u00e7miyor. \u00c7\u00fcnk\u00fc masallara s\u0131\u011fmasa bile kendi maceras\u0131n\u0131 yaratabilece\u011fine inan\u0131yor.\u00d6yk\u00fc Akarca\u2019n\u0131n reng\u00e2renk ve hayal g\u00fcc\u00fcn\u00fc kanatland\u0131ran \u00e7izimleriyle hayat bulan bu e\u011flenceli kitap, masallar\u0131n s\u0131n\u0131rlar\u0131n\u0131 zorlayan ne\u015feli bir ser\u00fcven sunuyor.<\/p>\n","protected":false},"excerpt":{"rendered":"<p>Bir su ayg\u0131r\u0131 masal kahraman\u0131 olabilir mi?\u00c7i\u011fdem G\u00fcnde\u015f\u2019in kaleme ald\u0131\u011f\u0131 Bu Kitapta Bir Su Ayg\u0131r\u0131 Yok, okurlar\u0131 masal kahraman\u0131 olmay\u0131 kafas\u0131na koyan merakl\u0131 su ayg\u0131r\u0131 Bubi\u2019nin<span class=\"excerpt-hellip\"> [\u2026]<\/span><\/p>\n","protected":false},"featured_media":0,"template":"","meta":{"_monsterinsights_skip_tracking":false,"_monsterinsights_sitenote_active":false,"_monsterinsights_sitenote_note":"","_monsterinsights_sitenote_category":0},"product_brand":[],"product_cat":[12274,12284],"product_tag":[],"class_list":{"0":"post-785170","1":"product","2":"type-product","3":"status-publish","5":"product_cat-cocuk-ve-genclik-kitaplari","6":"product_cat-hikayeler","7":"pa_cilt-ciltsiz","8":"pa_tur-kitap","9":"pa_yayinevi-tudem-yayinlari","10":"pa_yazar-cigdem-gundes","12":"first","13":"instock","14":"sale","15":"shipping-taxable","16":"purchasable","17":"product-type-simple"},"_links":{"self":[{"href":"https:\/\/roveyayinevi.com.tr\/index.php\/wp-json\/wp\/v2\/product\/785170","targetHints":{"allow":["GET"]}}],"collection":[{"href":"https:\/\/roveyayinevi.com.tr\/index.php\/wp-json\/wp\/v2\/product"}],"about":[{"href":"https:\/\/roveyayinevi.com.tr\/index.php\/wp-json\/wp\/v2\/types\/product"}],"wp:attachment":[{"href":"https:\/\/roveyayinevi.com.tr\/index.php\/wp-json\/wp\/v2\/media?parent=785170"}],"wp:term":[{"taxonomy":"product_brand","embeddable":true,"href":"https:\/\/roveyayinevi.com.tr\/index.php\/wp-json\/wp\/v2\/product_brand?post=785170"},{"taxonomy":"product_cat","embeddable":true,"href":"https:\/\/roveyayinevi.com.tr\/index.php\/wp-json\/wp\/v2\/product_cat?post=785170"},{"taxonomy":"product_tag","embeddable":true,"href":"https:\/\/roveyayinevi.com.tr\/index.php\/wp-json\/wp\/v2\/product_tag?post=785170"}],"curies":[{"name":"wp","href":"https:\/\/api.w.org\/{rel}","templated":true}]}}