{"id":785167,"date":"2026-03-23T22:24:06","date_gmt":"2026-03-23T19:24:06","guid":{"rendered":"https:\/\/roveyayinevi.com.tr\/index.php\/urun\/roboski-dersleri\/"},"modified":"2026-04-15T03:48:43","modified_gmt":"2026-04-15T00:48:43","slug":"roboski-dersleri","status":"publish","type":"product","link":"https:\/\/roveyayinevi.com.tr\/index.php\/urun\/roboski-dersleri\/","title":{"rendered":"Roboski Dersleri"},"content":{"rendered":"<p>Bundan -\u00e7ok de\u011fil- y\u00fczy\u0131ldan biraz fazla bir s\u00fcre evvel, \u00e7at\u0131\u015fma ve sava\u015fa \u201cinsani kurallar\u201dgetirmek isteyen insan, ne oldu da 21. y\u00fczy\u0131lda, insans\u0131z sava\u015f\u0131 g\u00fcndemine ald\u0131? Bu kitab\u0131nanlatmaya \u00e7al\u0131\u015ft\u0131\u011f\u0131 sorun esasen bu. Bu kitap, hem sava\u015f tarihine bir giri\u015f hem de 21. y\u00fczy\u0131lda\u00f6zellikle \u201cinsans\u0131z sava\u015f\u201d \u00fczerine bir d\u00fc\u015f\u00fcnme denemesidir. D\u00fcnyam\u0131z\u0131n \u0131st\u0131raplarla dolu tarihinedair d\u00fc\u015f\u00fcnceler i\u00e7ermektedir.21. y\u00fczy\u0131l\u0131n ba\u015flar\u0131nda, \u00e2deta bir \u201cvideo oyunu\u201d gibi -cephede- \u00e7ekilen g\u00f6r\u00fcnt\u00fclerde, dron-insankar\u015f\u0131la\u015fmas\u0131nda askerlerin -umumiyetle- ha\u00e7 \u00e7\u0131kard\u0131klar\u0131, koynundan -muhtemelen \u00e7ocuklar\u0131n\u0131n-foto\u011fraflar\u0131n\u0131 \u00e7\u0131kararak kameraya g\u00f6sterdikleri, yalvard\u0131klar\u0131 veya kay\u0131ts\u0131z bir h\u00e2lde \u00f6l\u00fcm\u00fcbekledikleri g\u00f6r\u00fclmektedir. Bir t\u00fcr insans\u0131z sava\u015f arac\u0131 olan drona kar\u015f\u0131 en k\u00fc\u00e7\u00fck bir direni\u015f,sald\u0131r\u0131 veya savunma imk\u00e2ns\u0131zd\u0131r. \u0130nsans\u0131z sava\u015f, son derece duygusuz ve korkun\u00e7 \u00f6l\u00e7\u00fcdey\u0131k\u0131c\u0131d\u0131r.Roboski, bu t\u00fcr bir sava\u015f\u0131n erken bir provas\u0131, \u00f6l\u00fcmc\u00fcl bir habercisidir.<\/p>\n","protected":false},"excerpt":{"rendered":"<p>Bundan -\u00e7ok de\u011fil- y\u00fczy\u0131ldan biraz fazla bir s\u00fcre evvel, \u00e7at\u0131\u015fma ve sava\u015fa \u201cinsani kurallar\u201dgetirmek isteyen insan, ne oldu da 21. y\u00fczy\u0131lda, insans\u0131z sava\u015f\u0131 g\u00fcndemine ald\u0131? Bu<span class=\"excerpt-hellip\"> [\u2026]<\/span><\/p>\n","protected":false},"featured_media":0,"template":"","meta":{"_monsterinsights_skip_tracking":false,"_monsterinsights_sitenote_active":false,"_monsterinsights_sitenote_note":"","_monsterinsights_sitenote_category":0},"product_brand":[],"product_cat":[13590,12337],"product_tag":[],"class_list":{"0":"post-785167","1":"product","2":"type-product","3":"status-publish","5":"product_cat-arastirma-inceleme-politika-siyaset","6":"product_cat-politika-siyaset","7":"pa_cilt-ciltsiz","8":"pa_tur-kitap","9":"pa_yayinevi-la-kitap-yayinlari","10":"pa_yazar-huseyin-aygun","12":"first","13":"instock","14":"sale","15":"shipping-taxable","16":"purchasable","17":"product-type-simple"},"_links":{"self":[{"href":"https:\/\/roveyayinevi.com.tr\/index.php\/wp-json\/wp\/v2\/product\/785167","targetHints":{"allow":["GET"]}}],"collection":[{"href":"https:\/\/roveyayinevi.com.tr\/index.php\/wp-json\/wp\/v2\/product"}],"about":[{"href":"https:\/\/roveyayinevi.com.tr\/index.php\/wp-json\/wp\/v2\/types\/product"}],"wp:attachment":[{"href":"https:\/\/roveyayinevi.com.tr\/index.php\/wp-json\/wp\/v2\/media?parent=785167"}],"wp:term":[{"taxonomy":"product_brand","embeddable":true,"href":"https:\/\/roveyayinevi.com.tr\/index.php\/wp-json\/wp\/v2\/product_brand?post=785167"},{"taxonomy":"product_cat","embeddable":true,"href":"https:\/\/roveyayinevi.com.tr\/index.php\/wp-json\/wp\/v2\/product_cat?post=785167"},{"taxonomy":"product_tag","embeddable":true,"href":"https:\/\/roveyayinevi.com.tr\/index.php\/wp-json\/wp\/v2\/product_tag?post=785167"}],"curies":[{"name":"wp","href":"https:\/\/api.w.org\/{rel}","templated":true}]}}