{"id":785163,"date":"2026-03-23T22:23:59","date_gmt":"2026-03-23T19:23:59","guid":{"rendered":"https:\/\/roveyayinevi.com.tr\/index.php\/urun\/metafizik-uzerine-soylev-monadoloji\/"},"modified":"2026-04-15T03:48:42","modified_gmt":"2026-04-15T00:48:42","slug":"metafizik-uzerine-soylev-monadoloji","status":"publish","type":"product","link":"https:\/\/roveyayinevi.com.tr\/index.php\/urun\/metafizik-uzerine-soylev-monadoloji\/","title":{"rendered":"Metafizik \u00dczerine S\u00f6ylev &amp; Monadoloji"},"content":{"rendered":"<p>Metafizik \u00dczerine S\u00f6ylev (1686), Leibniz&#8217;in felsefesinin ilk kapsaml\u0131 \u00f6zetidir. Tanr\u0131&#8217;n\u0131n m\u00fcmk\u00fcn olan en iyi d\u00fcnyay\u0131 yaratt\u0131\u011f\u0131 \u015feklindeki \u00fcnl\u00fc arg\u00fcman burada ileri s\u00fcr\u00fcl\u00fcr. \u201cTanr\u0131 iyi ise d\u00fcnyada neden k\u00f6t\u00fcl\u00fck var\u201d sorusuna Leibniz \u201cTanr\u0131 olanakl\u0131 d\u00fcnyalar i\u00e7inden en iyisini se\u00e7mi\u015ftir\u201d \u015feklinde bir kar\u015f\u0131l\u0131k verir. Ve Leibniz Tanr\u0131\u2019n\u0131n varl\u0131\u011f\u0131n\u0131 kan\u0131tlama yoluna gider. Descartes&#8217;\u0131n mekanik fizi\u011fine kar\u015f\u0131 tezler \u00fcretirken t\u0131pk\u0131 bir denklemi \u00e7\u00f6zer gibi cebirsel bi\u00e7imde cevaplar\u0131n\u0131 art arda s\u0131ralar. Monadoloji (1714), Leibniz\u2019in t\u00fcm felsefesini ku\u015fatan bir yetkinli\u011fe sahiptir. Bu terim, gerekti\u011fi gibi yorumland\u0131\u011f\u0131 \u00f6l\u00e7\u00fcde, bir k\u0131lavuz g\u00f6revi \u00fcstlenir. Leibniz Spinoza\u2019n\u0131n tek\u00e7i bak\u0131\u015f\u0131ndaki noksanl\u0131klar\u0131 gidererek \u00e7ok\u00e7u d\u00fc\u015f\u00fcncesini temellendirir. Bu g\u00f6r\u00fc\u015f\u00fcn\u00fc a\u00e7\u0131klarken ger\u00e7ekli\u011fin boyutsuz, hareketsiz, d\u0131\u015far\u0131dan etki almayan ve yaln\u0131zca alg\u0131layan varl\u0131klar\u0131n (monadlar\u0131n) toplam\u0131 oldu\u011funu \u00f6ne s\u00fcrer. Her monad kendi yarat\u0131l\u0131\u015f amac\u0131na g\u00f6re davran\u0131r. Bu penceresiz monadlar d\u00fczenli bir evren olu\u015ftururlar. Onlar\u0131n birbirlerinden ayr\u0131 ama\u00e7lar\u0131 ise kusursuz bir ahengi te\u015fkil ederler. Monadlar\u0131n bu uyumu ayn\u0131 zamanda Tanr\u0131n\u0131n yarat\u0131c\u0131 faaliyetinin bir sonucudur.Metafizik \u00dczerine S\u00f6ylev ve Monadoloji, Leibniz&#8217;in birbirini tamamlayan iki eseridir. \u0130lki filozofun temel sorular konusunda &#8220;tatmin&#8221; oldu\u011funun kan\u0131t\u0131d\u0131r; yirmi sekiz y\u0131l sonra kaleme ald\u0131\u011f\u0131 ikinci eser ise nihai bir de\u011ferlendirmenin t\u00fcm par\u00e7alar\u0131n\u0131 eksiksiz bir araya getirmi\u015f olur.<\/p>\n","protected":false},"excerpt":{"rendered":"<p>Metafizik \u00dczerine S\u00f6ylev (1686), Leibniz&#8217;in felsefesinin ilk kapsaml\u0131 \u00f6zetidir. Tanr\u0131&#8217;n\u0131n m\u00fcmk\u00fcn olan en iyi d\u00fcnyay\u0131 yaratt\u0131\u011f\u0131 \u015feklindeki \u00fcnl\u00fc arg\u00fcman burada ileri s\u00fcr\u00fcl\u00fcr. \u201cTanr\u0131 iyi ise d\u00fcnyada<span class=\"excerpt-hellip\"> [\u2026]<\/span><\/p>\n","protected":false},"featured_media":0,"template":"","meta":{"_monsterinsights_skip_tracking":false,"_monsterinsights_sitenote_active":false,"_monsterinsights_sitenote_note":"","_monsterinsights_sitenote_category":0},"product_brand":[],"product_cat":[12388,15309],"product_tag":[],"class_list":{"0":"post-785163","1":"product","2":"type-product","3":"status-publish","5":"product_cat-felsefe","6":"product_cat-felsefi-akimlar","7":"pa_cilt-ciltsiz","8":"pa_tur-kitap","9":"pa_yayinevi-dogu-bati-yayinlari","10":"pa_yazar-gottfried-wilhelm-leibniz","12":"first","13":"instock","14":"sale","15":"shipping-taxable","16":"purchasable","17":"product-type-simple"},"_links":{"self":[{"href":"https:\/\/roveyayinevi.com.tr\/index.php\/wp-json\/wp\/v2\/product\/785163","targetHints":{"allow":["GET"]}}],"collection":[{"href":"https:\/\/roveyayinevi.com.tr\/index.php\/wp-json\/wp\/v2\/product"}],"about":[{"href":"https:\/\/roveyayinevi.com.tr\/index.php\/wp-json\/wp\/v2\/types\/product"}],"wp:attachment":[{"href":"https:\/\/roveyayinevi.com.tr\/index.php\/wp-json\/wp\/v2\/media?parent=785163"}],"wp:term":[{"taxonomy":"product_brand","embeddable":true,"href":"https:\/\/roveyayinevi.com.tr\/index.php\/wp-json\/wp\/v2\/product_brand?post=785163"},{"taxonomy":"product_cat","embeddable":true,"href":"https:\/\/roveyayinevi.com.tr\/index.php\/wp-json\/wp\/v2\/product_cat?post=785163"},{"taxonomy":"product_tag","embeddable":true,"href":"https:\/\/roveyayinevi.com.tr\/index.php\/wp-json\/wp\/v2\/product_tag?post=785163"}],"curies":[{"name":"wp","href":"https:\/\/api.w.org\/{rel}","templated":true}]}}