{"id":785162,"date":"2026-03-23T22:23:57","date_gmt":"2026-03-23T19:23:57","guid":{"rendered":"https:\/\/roveyayinevi.com.tr\/index.php\/urun\/beynin-ilk-yillarinin-gizli-gucu\/"},"modified":"2026-04-15T03:48:42","modified_gmt":"2026-04-15T00:48:42","slug":"beynin-ilk-yillarinin-gizli-gucu","status":"publish","type":"product","link":"https:\/\/roveyayinevi.com.tr\/index.php\/urun\/beynin-ilk-yillarinin-gizli-gucu\/","title":{"rendered":"Beynin \u0130lk Y\u0131llar\u0131n\u0131n Gizli G\u00fcc\u00fc"},"content":{"rendered":"<p>\u201cBeynin \u0130lk Y\u0131llar\u0131n\u0131n Gizli G\u00fcc\u00fc\u201d, \u00e7ocuk geli\u015fiminin en kritik d\u00f6nemi olan erken \u00e7ocukluk y\u0131llar\u0131nda beynin nas\u0131l geli\u015fti\u011fini ve bu s\u00fcrecin \u00e7ocuklar\u0131n \u00f6\u011frenme, dikkat ve dil becerileri \u00fczerindeki etkisini ele alan \u00f6nemli bir \u00e7al\u0131\u015fmad\u0131r. Kitap, ya\u015fam\u0131n ilk y\u0131llar\u0131nda edinilen deneyimlerin beyin geli\u015fiminde ne kadar belirleyici oldu\u011funu anla\u015f\u0131l\u0131r ve bilimsel temellere dayal\u0131 bir yakla\u015f\u0131mla a\u00e7\u0131klamaktad\u0131r. Ebeveynler ve e\u011fitimciler i\u00e7in rehber niteli\u011fi ta\u015f\u0131yan bu eser; \u00e7ocuklar\u0131n dikkat, \u00f6\u011frenme ve d\u00fc\u015f\u00fcnme becerilerini destekleyecek \u00f6neriler sunarken, erken ya\u015fta do\u011fru y\u00f6nlendirmelerin ne kadar b\u00fcy\u00fck bir fark yaratabilece\u011fini g\u00f6zler \u00f6n\u00fcne sermektedir. \u201cBeynin \u0130lk Y\u0131llar\u0131n\u0131n Gizli G\u00fcc\u00fc\u201d, \u00e7ocuklar\u0131n potansiyelini ke\u015ffetmek ve onlar\u0131n sa\u011fl\u0131kl\u0131 geli\u015fimini desteklemek isteyen herkes i\u00e7in yol g\u00f6sterici bir kaynakt\u0131r.<\/p>\n","protected":false},"excerpt":{"rendered":"<p>\u201cBeynin \u0130lk Y\u0131llar\u0131n\u0131n Gizli G\u00fcc\u00fc\u201d, \u00e7ocuk geli\u015fiminin en kritik d\u00f6nemi olan erken \u00e7ocukluk y\u0131llar\u0131nda beynin nas\u0131l geli\u015fti\u011fini ve bu s\u00fcrecin \u00e7ocuklar\u0131n \u00f6\u011frenme, dikkat ve dil becerileri<span class=\"excerpt-hellip\"> [\u2026]<\/span><\/p>\n","protected":false},"featured_media":0,"template":"","meta":{"_monsterinsights_skip_tracking":false,"_monsterinsights_sitenote_active":false,"_monsterinsights_sitenote_note":"","_monsterinsights_sitenote_category":0},"product_brand":[],"product_cat":[141304],"product_tag":[],"class_list":{"0":"post-785162","1":"product","2":"type-product","3":"status-publish","5":"product_cat-yeni-cikanlar","6":"pa_cilt-ciltsiz","7":"pa_tur-kitap","8":"pa_yayinevi-dikkat-atolyesi-yayinlari","9":"pa_yazar-ozcan-palavan","11":"first","12":"instock","13":"sale","14":"shipping-taxable","15":"purchasable","16":"product-type-simple"},"_links":{"self":[{"href":"https:\/\/roveyayinevi.com.tr\/index.php\/wp-json\/wp\/v2\/product\/785162","targetHints":{"allow":["GET"]}}],"collection":[{"href":"https:\/\/roveyayinevi.com.tr\/index.php\/wp-json\/wp\/v2\/product"}],"about":[{"href":"https:\/\/roveyayinevi.com.tr\/index.php\/wp-json\/wp\/v2\/types\/product"}],"wp:attachment":[{"href":"https:\/\/roveyayinevi.com.tr\/index.php\/wp-json\/wp\/v2\/media?parent=785162"}],"wp:term":[{"taxonomy":"product_brand","embeddable":true,"href":"https:\/\/roveyayinevi.com.tr\/index.php\/wp-json\/wp\/v2\/product_brand?post=785162"},{"taxonomy":"product_cat","embeddable":true,"href":"https:\/\/roveyayinevi.com.tr\/index.php\/wp-json\/wp\/v2\/product_cat?post=785162"},{"taxonomy":"product_tag","embeddable":true,"href":"https:\/\/roveyayinevi.com.tr\/index.php\/wp-json\/wp\/v2\/product_tag?post=785162"}],"curies":[{"name":"wp","href":"https:\/\/api.w.org\/{rel}","templated":true}]}}