{"id":785159,"date":"2026-03-23T22:23:51","date_gmt":"2026-03-23T19:23:51","guid":{"rendered":"https:\/\/roveyayinevi.com.tr\/index.php\/urun\/kablolu-zihinler-beynimiz-kimlerin-elinde\/"},"modified":"2026-04-15T03:48:41","modified_gmt":"2026-04-15T00:48:41","slug":"kablolu-zihinler-beynimiz-kimlerin-elinde","status":"publish","type":"product","link":"https:\/\/roveyayinevi.com.tr\/index.php\/urun\/kablolu-zihinler-beynimiz-kimlerin-elinde\/","title":{"rendered":"Kablolu Zihinler \u2013 Beynimiz Kimlerin Elinde?"},"content":{"rendered":"<p>Gu\u0308nu\u0308mu\u0308zu\u0308n en bu\u0308yu\u0308k sa\u011fl\u0131k tehdidi ne salg\u0131nlar ne de fiziksel hastal\u0131klar\u2026 As\u0131l tehlike zihnimizde sessizce bu\u0308yu\u0308yor. Dur durak bilmeyen bir tempo, kronik stres ve bizi du\u0308nyaya de\u011fil, ekranlara ba\u011flayan dijital bir ya\u015fam tarz\u0131\u2026 Kabul edelim: Sosyal medya uygulamalar\u0131nda kaybolmay\u0131, haberleri anl\u0131k takip etmeyi veya ekran kar\u015f\u0131s\u0131nda sabahlamay\u0131 ne kadar sevsek de insanl\u0131k bu \u201cyeni du\u0308nya\u201d i\u00e7in evrimle\u015fmedi. Biyolojimiz, teknolojinin h\u0131z\u0131na yeti\u015femiyor; beynimiz kelimenin tam anlam\u0131yla bu \u00e7a\u011f ile olan senkronizasyonunu kaybetti. Peki, bu dijital ku\u015fatmada tamamen \u00e7aresiz miyiz? Elbette hay\u0131r!   Uluslararas\u0131 \u00e7oksatanlar\u0131n yazar\u0131, \u00f6du\u0308llu\u0308 psikiyatrist Anders Hansen, bu etkileyici \u00e7al\u0131\u015fmada sizi zihninizin derinliklerine do\u011fru heyecan verici bir yolculu\u011fa \u00e7\u0131kar\u0131yor. Kablolu Zihinler, oda\u011f\u0131m\u0131z\u0131n neden bu kadar kolay da\u011f\u0131ld\u0131\u011f\u0131n\u0131n evrimsel s\u0131rlar\u0131n\u0131 \u00e7\u00f6zerken, ak\u0131ll\u0131 telefon ba\u011f\u0131ml\u0131l\u0131\u011f\u0131n\u0131n ruh sa\u011fl\u0131\u011f\u0131m\u0131zdan neler \u00e7ald\u0131\u011f\u0131n\u0131 bilimsel kan\u0131tlarla ortaya koyuyor. \u201cAnders Hansen\u2019in \u00e7al\u0131\u015fmalar\u0131, modern \u00e7a\u011f\u0131n getirdi\u011fi zorluklara kar\u015f\u0131 ger\u00e7ek bir panzehir.\u201d \u2014Dr. Rangan Chatterjee<\/p>\n","protected":false},"excerpt":{"rendered":"<p>Gu\u0308nu\u0308mu\u0308zu\u0308n en bu\u0308yu\u0308k sa\u011fl\u0131k tehdidi ne salg\u0131nlar ne de fiziksel hastal\u0131klar\u2026 As\u0131l tehlike zihnimizde sessizce bu\u0308yu\u0308yor. Dur durak bilmeyen bir tempo, kronik stres ve bizi du\u0308nyaya<span class=\"excerpt-hellip\"> [\u2026]<\/span><\/p>\n","protected":false},"featured_media":0,"template":"","meta":{"_monsterinsights_skip_tracking":false,"_monsterinsights_sitenote_active":false,"_monsterinsights_sitenote_note":"","_monsterinsights_sitenote_category":0},"product_brand":[],"product_cat":[13005,13006],"product_tag":[],"class_list":{"0":"post-785159","1":"product","2":"type-product","3":"status-publish","5":"product_cat-bilim-muhendislik","6":"product_cat-populer-bilim","7":"pa_cilt-ciltsiz","8":"pa_tur-kitap","9":"pa_yayinevi-nova-kitap","10":"pa_yazar-anders-hansen","12":"first","13":"instock","14":"sale","15":"shipping-taxable","16":"purchasable","17":"product-type-simple"},"_links":{"self":[{"href":"https:\/\/roveyayinevi.com.tr\/index.php\/wp-json\/wp\/v2\/product\/785159","targetHints":{"allow":["GET"]}}],"collection":[{"href":"https:\/\/roveyayinevi.com.tr\/index.php\/wp-json\/wp\/v2\/product"}],"about":[{"href":"https:\/\/roveyayinevi.com.tr\/index.php\/wp-json\/wp\/v2\/types\/product"}],"wp:attachment":[{"href":"https:\/\/roveyayinevi.com.tr\/index.php\/wp-json\/wp\/v2\/media?parent=785159"}],"wp:term":[{"taxonomy":"product_brand","embeddable":true,"href":"https:\/\/roveyayinevi.com.tr\/index.php\/wp-json\/wp\/v2\/product_brand?post=785159"},{"taxonomy":"product_cat","embeddable":true,"href":"https:\/\/roveyayinevi.com.tr\/index.php\/wp-json\/wp\/v2\/product_cat?post=785159"},{"taxonomy":"product_tag","embeddable":true,"href":"https:\/\/roveyayinevi.com.tr\/index.php\/wp-json\/wp\/v2\/product_tag?post=785159"}],"curies":[{"name":"wp","href":"https:\/\/api.w.org\/{rel}","templated":true}]}}