{"id":785158,"date":"2026-03-23T22:23:48","date_gmt":"2026-03-23T19:23:48","guid":{"rendered":"https:\/\/roveyayinevi.com.tr\/index.php\/urun\/suret-sayi-16-beden\/"},"modified":"2026-04-15T03:48:41","modified_gmt":"2026-04-15T00:48:41","slug":"suret-sayi-16-beden","status":"publish","type":"product","link":"https:\/\/roveyayinevi.com.tr\/index.php\/urun\/suret-sayi-16-beden\/","title":{"rendered":"Suret Say\u0131: 16 &#8211; Beden"},"content":{"rendered":"<p>Beden t\u00fcm s\u0131rlar\u0131, bilinmezlikleri, ruh\/zihne yapt\u0131\u011f\u0131 s\u00fcrprizler ile hem gizemli bir yol arkada\u015f\u0131 hem tabiat\u0131n k\u00f6klerine uzanan kendili\u011fimiz hem de bize son haberi getiren Azrail gibidir. Suret-Beden say\u0131s\u0131 insani varolu\u015fun zorunlu sorunsallar\u0131 ve ikilemleri olmas\u0131 ger\u00e7e\u011finden hareketle a\u015fa\u011f\u0131daki temalar\u0131 irdelemektedir. \u00b7 Ruh-Beden B\u00fct\u00fcnl\u00fc\u011f\u00fc ve Ayr\u0131l\u0131\u011f\u0131: Ruh\/zihin ve bedenin birbiriyle ili\u015fkisi, bir b\u00fct\u00fcn m\u00fc yoksa ikilik mi olu\u015fturdu\u011fu sorunsal\u0131.\u00b7 \u0130lk \u0130li\u015fkiler ve Bedensel Deneyim: Bebeklikten itibaren bedensel deneyimin ili\u015fkisel ba\u011flamda (anne-bebek etkile\u015fiminde) \u015fekillenmesi.\u00b7 Hareket ve Do\u011fa\u00e7lama: Dans ve kendili\u011finden hareketin ruh ve zihinle ba\u011flant\u0131s\u0131; bedenin bilin\u00e7d\u0131\u015f\u0131 ifadeleri.\u00b7 Psikanalitik Kuramda Beden: Freud, Lacan, Winnicott, Stern gibi kuramc\u0131larda beden kavray\u0131\u015flar\u0131, bedenin ruhsall\u0131k \u00fczerindeki ve kuramsal yakla\u015f\u0131mlar.\u00b7 Cinsiyet ve Toplumsal Normlar: Bedenin cinsiyetlendirilmesi, toplumsal cinsiyet normlar\u0131 ve trans bireylerin deneyimleri ba\u011flam\u0131nda beden.\u00b7 Estetik M\u00fcdahaleler ve Beden Alg\u0131s\u0131: Plastik cerrahi gibi estetik giri\u015fimlerin ruhsal s\u00fcre\u00e7lerle ili\u015fkisi, beden imgesinin d\u00f6n\u00fc\u015ft\u00fcr\u00fclmesi.\u00b7 Klinik Ortamda Beden: Terapi odas\u0131nda bedenin varl\u0131\u011f\u0131, hasta ve terapist aras\u0131ndaki bedensel s\u00fcre\u00e7ler.\u00b7 Psikosomatik Etkile\u015fimde Beden: Psikosomatik rahats\u0131zl\u0131klar\u0131n olu\u015fu ve tedavisinde ruh-beden etkile\u015fimleri. Bu temalar ortakla\u015fan baz\u0131 soru ve anlam k\u00fcmelerinde bulu\u015fsa da tamamen kendilerine \u00f6zg\u00fc alanlara da uzanacaklard\u0131r.  Ele al\u0131nan sorunsallar\u0131n hep simgesel bir izlek \u00fczerinden okuyucuya ula\u015facak olmas\u0131, tart\u0131\u015ft\u0131\u011f\u0131m\u0131z konular a\u00e7\u0131s\u0131ndan yaman bir \u00e7eli\u015fki ve zorluktur. Yaz\u0131lar\u0131 okurken \u00fcmit edelim ki okuyucu kendi bedenine, onun hislerine, bedensel imgelemlerde ortaya \u00e7\u0131kan devinimlere de kulak versin. As\u0131l o zaman bu say\u0131daki yaz\u0131lar biraz daha hedefine ula\u015fma konusunda katk\u0131 sa\u011flam\u0131\u015f olabilir.<\/p>\n","protected":false},"excerpt":{"rendered":"<p>Beden t\u00fcm s\u0131rlar\u0131, bilinmezlikleri, ruh\/zihne yapt\u0131\u011f\u0131 s\u00fcrprizler ile hem gizemli bir yol arkada\u015f\u0131 hem tabiat\u0131n k\u00f6klerine uzanan kendili\u011fimiz hem de bize son haberi getiren Azrail gibidir.<span class=\"excerpt-hellip\"> [\u2026]<\/span><\/p>\n","protected":false},"featured_media":0,"template":"","meta":{"_monsterinsights_skip_tracking":false,"_monsterinsights_sitenote_active":false,"_monsterinsights_sitenote_note":"","_monsterinsights_sitenote_category":0},"product_brand":[],"product_cat":[12358,12357],"product_tag":[],"class_list":{"0":"post-785158","1":"product","2":"type-product","3":"status-publish","5":"product_cat-genel-psikoloji","6":"product_cat-psikoloji","7":"pa_cilt-ciltsiz","8":"pa_tur-kitap","9":"pa_yayinevi-minotor-kitap","10":"pa_yazar-kolektif","12":"first","13":"instock","14":"sale","15":"shipping-taxable","16":"purchasable","17":"product-type-simple"},"_links":{"self":[{"href":"https:\/\/roveyayinevi.com.tr\/index.php\/wp-json\/wp\/v2\/product\/785158","targetHints":{"allow":["GET"]}}],"collection":[{"href":"https:\/\/roveyayinevi.com.tr\/index.php\/wp-json\/wp\/v2\/product"}],"about":[{"href":"https:\/\/roveyayinevi.com.tr\/index.php\/wp-json\/wp\/v2\/types\/product"}],"wp:attachment":[{"href":"https:\/\/roveyayinevi.com.tr\/index.php\/wp-json\/wp\/v2\/media?parent=785158"}],"wp:term":[{"taxonomy":"product_brand","embeddable":true,"href":"https:\/\/roveyayinevi.com.tr\/index.php\/wp-json\/wp\/v2\/product_brand?post=785158"},{"taxonomy":"product_cat","embeddable":true,"href":"https:\/\/roveyayinevi.com.tr\/index.php\/wp-json\/wp\/v2\/product_cat?post=785158"},{"taxonomy":"product_tag","embeddable":true,"href":"https:\/\/roveyayinevi.com.tr\/index.php\/wp-json\/wp\/v2\/product_tag?post=785158"}],"curies":[{"name":"wp","href":"https:\/\/api.w.org\/{rel}","templated":true}]}}