{"id":785152,"date":"2026-03-23T22:21:21","date_gmt":"2026-03-23T19:21:21","guid":{"rendered":"https:\/\/roveyayinevi.com.tr\/index.php\/urun\/futursuz\/"},"modified":"2026-04-15T03:44:53","modified_gmt":"2026-04-15T00:44:53","slug":"futursuz","status":"publish","type":"product","link":"https:\/\/roveyayinevi.com.tr\/index.php\/urun\/futursuz\/","title":{"rendered":"F\u00fctursuz"},"content":{"rendered":"<p>Ku\u015f konmas\u0131n yak\u0131n\u0131ma. Kendi kendime konu\u015furum hep. Duyar yeti\u015ftirir sana belki ulak gibi. Deli dersin sen de onlar gibi. Bir de akl\u0131 ba\u015f\u0131mda oldu\u011fumu anlatmaya u\u011fra\u015famam. Sevdi\u011fimi anlatmam yetmezmi\u015f gibi.<\/p>\n","protected":false},"excerpt":{"rendered":"<p>Ku\u015f konmas\u0131n yak\u0131n\u0131ma. Kendi kendime konu\u015furum hep. Duyar yeti\u015ftirir sana belki ulak gibi. Deli dersin sen de onlar gibi. Bir de akl\u0131 ba\u015f\u0131mda oldu\u011fumu anlatmaya u\u011fra\u015famam.<span class=\"excerpt-hellip\"> [\u2026]<\/span><\/p>\n","protected":false},"featured_media":0,"template":"","meta":{"_monsterinsights_skip_tracking":false,"_monsterinsights_sitenote_active":false,"_monsterinsights_sitenote_note":"","_monsterinsights_sitenote_category":0},"product_brand":[],"product_cat":[12291,12509],"product_tag":[],"class_list":{"0":"post-785152","1":"product","2":"type-product","3":"status-publish","5":"product_cat-edebiyat","6":"product_cat-siir","7":"pa_cilt-ciltsiz","8":"pa_tur-kitap","9":"pa_yayinevi-luna-yayinlari","10":"pa_yazar-gurkan-daskiran","12":"first","13":"instock","14":"sale","15":"shipping-taxable","16":"purchasable","17":"product-type-simple"},"_links":{"self":[{"href":"https:\/\/roveyayinevi.com.tr\/index.php\/wp-json\/wp\/v2\/product\/785152","targetHints":{"allow":["GET"]}}],"collection":[{"href":"https:\/\/roveyayinevi.com.tr\/index.php\/wp-json\/wp\/v2\/product"}],"about":[{"href":"https:\/\/roveyayinevi.com.tr\/index.php\/wp-json\/wp\/v2\/types\/product"}],"wp:attachment":[{"href":"https:\/\/roveyayinevi.com.tr\/index.php\/wp-json\/wp\/v2\/media?parent=785152"}],"wp:term":[{"taxonomy":"product_brand","embeddable":true,"href":"https:\/\/roveyayinevi.com.tr\/index.php\/wp-json\/wp\/v2\/product_brand?post=785152"},{"taxonomy":"product_cat","embeddable":true,"href":"https:\/\/roveyayinevi.com.tr\/index.php\/wp-json\/wp\/v2\/product_cat?post=785152"},{"taxonomy":"product_tag","embeddable":true,"href":"https:\/\/roveyayinevi.com.tr\/index.php\/wp-json\/wp\/v2\/product_tag?post=785152"}],"curies":[{"name":"wp","href":"https:\/\/api.w.org\/{rel}","templated":true}]}}