{"id":785149,"date":"2026-03-23T22:19:19","date_gmt":"2026-03-23T19:19:19","guid":{"rendered":"https:\/\/roveyayinevi.com.tr\/index.php\/urun\/eyvah-buyukannem-bir-filin-pesine-takildi\/"},"modified":"2026-04-15T03:43:34","modified_gmt":"2026-04-15T00:43:34","slug":"eyvah-buyukannem-bir-filin-pesine-takildi","status":"publish","type":"product","link":"https:\/\/roveyayinevi.com.tr\/index.php\/urun\/eyvah-buyukannem-bir-filin-pesine-takildi\/","title":{"rendered":"Eyvah! B\u00fcy\u00fckannem Bir Filin Pe\u015fine Tak\u0131ld\u0131"},"content":{"rendered":"<p>Bir sabah b\u00fcy\u00fckannenizin bir filin pe\u015fine tak\u0131ld\u0131\u011f\u0131n\u0131 fark ederseniz ne yaparsan\u0131z? Peki, bu fil nerede? Neden sadece b\u00fcy\u00fckanne filin pe\u015finde? Ya\u015f ald\u0131k\u00e7a unutmaya ba\u015flayan b\u00fcy\u00fckannenin, asla unutmad\u0131\u011f\u0131 \u015feylerle dolu bu kitap. Bir g\u00fcl\u00fcmseyi\u015f, bir tutam dalgal\u0131 sa\u00e7 veya sevgi\u2026   Bazen birini sevmek, onun pe\u015finden gitmek de\u011fil, yan\u0131nda kalmak demektir.   Okul \u00f6ncesi \u00f6\u011fretmeni \u00d6zlem G\u00dcLER ER\u2019in her \u015feyi unutmaya ba\u015flayan bir b\u00fcy\u00fckanne ile torununun hik\u00e2yesi sizlerle. \u0130\u00e7ten, sade ve duygu dolu diliyle, sadece k\u00fc\u00e7\u00fck okurlara de\u011fil, yeti\u015fkinler i\u00e7in de yan yana y\u00fcr\u00fcmeye bir davet.<\/p>\n","protected":false},"excerpt":{"rendered":"<p>Bir sabah b\u00fcy\u00fckannenizin bir filin pe\u015fine tak\u0131ld\u0131\u011f\u0131n\u0131 fark ederseniz ne yaparsan\u0131z? Peki, bu fil nerede? Neden sadece b\u00fcy\u00fckanne filin pe\u015finde? Ya\u015f ald\u0131k\u00e7a unutmaya ba\u015flayan b\u00fcy\u00fckannenin, asla<span class=\"excerpt-hellip\"> [\u2026]<\/span><\/p>\n","protected":false},"featured_media":0,"template":"","meta":{"_monsterinsights_skip_tracking":false,"_monsterinsights_sitenote_active":false,"_monsterinsights_sitenote_note":"","_monsterinsights_sitenote_category":0},"product_brand":[],"product_cat":[12274,12284],"product_tag":[],"class_list":{"0":"post-785149","1":"product","2":"type-product","3":"status-publish","5":"product_cat-cocuk-ve-genclik-kitaplari","6":"product_cat-hikayeler","7":"pa_cilt-ciltsiz","8":"pa_tur-kitap","9":"pa_yayinevi-luna-cocuk-yayinlari","10":"pa_yazar-ozlem-guler-er","12":"first","13":"instock","14":"sale","15":"shipping-taxable","16":"purchasable","17":"product-type-simple"},"_links":{"self":[{"href":"https:\/\/roveyayinevi.com.tr\/index.php\/wp-json\/wp\/v2\/product\/785149","targetHints":{"allow":["GET"]}}],"collection":[{"href":"https:\/\/roveyayinevi.com.tr\/index.php\/wp-json\/wp\/v2\/product"}],"about":[{"href":"https:\/\/roveyayinevi.com.tr\/index.php\/wp-json\/wp\/v2\/types\/product"}],"wp:attachment":[{"href":"https:\/\/roveyayinevi.com.tr\/index.php\/wp-json\/wp\/v2\/media?parent=785149"}],"wp:term":[{"taxonomy":"product_brand","embeddable":true,"href":"https:\/\/roveyayinevi.com.tr\/index.php\/wp-json\/wp\/v2\/product_brand?post=785149"},{"taxonomy":"product_cat","embeddable":true,"href":"https:\/\/roveyayinevi.com.tr\/index.php\/wp-json\/wp\/v2\/product_cat?post=785149"},{"taxonomy":"product_tag","embeddable":true,"href":"https:\/\/roveyayinevi.com.tr\/index.php\/wp-json\/wp\/v2\/product_tag?post=785149"}],"curies":[{"name":"wp","href":"https:\/\/api.w.org\/{rel}","templated":true}]}}