{"id":785147,"date":"2026-03-23T22:14:40","date_gmt":"2026-03-23T19:14:40","guid":{"rendered":"https:\/\/roveyayinevi.com.tr\/index.php\/urun\/eve-yolculuk-2\/"},"modified":"2026-04-15T03:39:22","modified_gmt":"2026-04-15T00:39:22","slug":"eve-yolculuk-2","status":"publish","type":"product","link":"https:\/\/roveyayinevi.com.tr\/index.php\/urun\/eve-yolculuk-2\/","title":{"rendered":"Eve Yolculuk"},"content":{"rendered":"<p>Jay ve Shy\u2026 K\u00fc\u00e7\u00fck ama s\u0131cac\u0131k evlerinden ta\u015f\u0131yor d\u00fc\u015fleri. D\u00fc\u015fler b\u00fcy\u00fcyor, b\u00fcy\u00fcyor ve inanmas\u0131 zor bir yolculu\u011fa d\u00f6n\u00fc\u015f\u00fcveriyor.   Eve giden bir yolculuk bu\u2026 Annelerinin tan\u0131d\u0131k kokusuna, babalar\u0131n\u0131n g\u00fcven dolu g\u00f6lgesine, evlerinin kalbi mutfaktan y\u00fckselen kahkahalara do\u011fru bir yolculuk\u2026   Ellerinde toplad\u0131klar\u0131 renkli ta\u015flar, \u0131\u015f\u0131lt\u0131l\u0131 un, ornitorenk yumurtas\u0131\u2026   Ah\u2026 Demi\u015ftik inanmas\u0131 zor bir yolculuk bu. Bir o kadar da tan\u0131d\u0131k.<\/p>\n","protected":false},"excerpt":{"rendered":"<p>Jay ve Shy\u2026 K\u00fc\u00e7\u00fck ama s\u0131cac\u0131k evlerinden ta\u015f\u0131yor d\u00fc\u015fleri. D\u00fc\u015fler b\u00fcy\u00fcyor, b\u00fcy\u00fcyor ve inanmas\u0131 zor bir yolculu\u011fa d\u00f6n\u00fc\u015f\u00fcveriyor. Eve giden bir yolculuk bu\u2026 Annelerinin tan\u0131d\u0131k kokusuna,<span class=\"excerpt-hellip\"> [\u2026]<\/span><\/p>\n","protected":false},"featured_media":0,"template":"","meta":{"_monsterinsights_skip_tracking":false,"_monsterinsights_sitenote_active":false,"_monsterinsights_sitenote_note":"","_monsterinsights_sitenote_category":0},"product_brand":[],"product_cat":[12274,12284],"product_tag":[],"class_list":{"0":"post-785147","1":"product","2":"type-product","3":"status-publish","5":"product_cat-cocuk-ve-genclik-kitaplari","6":"product_cat-hikayeler","7":"pa_cilt-ciltsiz","8":"pa_tur-kitap","9":"pa_yayinevi-luna-cocuk-yayinlari","10":"pa_yazar-betsy-sullam-halfon","12":"first","13":"instock","14":"sale","15":"shipping-taxable","16":"purchasable","17":"product-type-simple"},"_links":{"self":[{"href":"https:\/\/roveyayinevi.com.tr\/index.php\/wp-json\/wp\/v2\/product\/785147","targetHints":{"allow":["GET"]}}],"collection":[{"href":"https:\/\/roveyayinevi.com.tr\/index.php\/wp-json\/wp\/v2\/product"}],"about":[{"href":"https:\/\/roveyayinevi.com.tr\/index.php\/wp-json\/wp\/v2\/types\/product"}],"wp:attachment":[{"href":"https:\/\/roveyayinevi.com.tr\/index.php\/wp-json\/wp\/v2\/media?parent=785147"}],"wp:term":[{"taxonomy":"product_brand","embeddable":true,"href":"https:\/\/roveyayinevi.com.tr\/index.php\/wp-json\/wp\/v2\/product_brand?post=785147"},{"taxonomy":"product_cat","embeddable":true,"href":"https:\/\/roveyayinevi.com.tr\/index.php\/wp-json\/wp\/v2\/product_cat?post=785147"},{"taxonomy":"product_tag","embeddable":true,"href":"https:\/\/roveyayinevi.com.tr\/index.php\/wp-json\/wp\/v2\/product_tag?post=785147"}],"curies":[{"name":"wp","href":"https:\/\/api.w.org\/{rel}","templated":true}]}}