{"id":785141,"date":"2026-03-20T03:38:36","date_gmt":"2026-03-20T00:38:36","guid":{"rendered":"https:\/\/roveyayinevi.com.tr\/index.php\/urun\/kardan-adamin-kulleri-2-ayaz-ciltli\/"},"modified":"2026-04-15T03:48:42","modified_gmt":"2026-04-15T00:48:42","slug":"kardan-adamin-kulleri-2-ayaz-ciltli","status":"publish","type":"product","link":"https:\/\/roveyayinevi.com.tr\/index.php\/urun\/kardan-adamin-kulleri-2-ayaz-ciltli\/","title":{"rendered":"Kardan Adam\u0131n K\u00fclleri 2 &#8211; Ayaz (Ciltli)"},"content":{"rendered":"<p>K\u00fcllerin \u00fcst\u00fc \u00f6rt\u00fcld\u00fc san\u0131l\u0131rken oyun asl\u0131nda hi\u00e7 bitmemi\u015ftir\u2026 Devin Komiser, ka\u00e7\u0131r\u0131lan o\u011fluna ula\u015fabilmek i\u00e7in zamanla yar\u0131\u015f\u0131rken kendini Ankara sokaklar\u0131nda dostla d\u00fc\u015fman\u0131n yer de\u011fi\u015ftirdi\u011fi karanl\u0131k bir labirentin i\u00e7inde bulur. Att\u0131\u011f\u0131 her ad\u0131m onu ger\u00e7e\u011fe yakla\u015ft\u0131rmak yerine daha b\u00fcy\u00fck bir bilinmezin i\u00e7ine s\u00fcr\u00fckler. Art\u0131k ne adaletin s\u0131n\u0131rlar\u0131 bellidir ne de vicdan\u0131n \u00e7izgileri. O\u011flunu kurtarmak i\u00e7in Devin\u2019in \u00f6n\u00fcnde tek bir se\u00e7enek kal\u0131r: Ya kurallara uyup onu kaybedecek\u2026 Ya da kurallar\u0131 yak\u0131p k\u00fcl ederek o\u011flunu geri alacakt\u0131r. Gerekirse ilkelerini \u00e7i\u011fneyerek, d\u00fc\u015fman\u0131yla el s\u0131k\u0131\u015f\u0131p en yak\u0131n\u0131na s\u0131rt\u0131n\u0131 d\u00f6nerek. Ayaz; I\u015f\u0131l I\u015f\u0131k\u2019\u0131n kaleminden soluksuz okunacak bir polisiye. Kardan Adam\u0131n K\u00fclleri\u2019nin b\u0131rakt\u0131\u011f\u0131 yerden devam eden bu roman, gerilimi katlayarak b\u00fcy\u00fct\u00fcrken; ihanetin, intikam\u0131n ve bir annenin s\u0131n\u0131r tan\u0131mayan \u00e7aresizli\u011finin izini s\u00fcr\u00fcyor. \u00c7\u00fcnk\u00fc baz\u0131 oyunlar bitmez\u2026  Sadece yeniden ba\u015flar.<\/p>\n","protected":false},"excerpt":{"rendered":"<p>K\u00fcllerin \u00fcst\u00fc \u00f6rt\u00fcld\u00fc san\u0131l\u0131rken oyun asl\u0131nda hi\u00e7 bitmemi\u015ftir\u2026 Devin Komiser, ka\u00e7\u0131r\u0131lan o\u011fluna ula\u015fabilmek i\u00e7in zamanla yar\u0131\u015f\u0131rken kendini Ankara sokaklar\u0131nda dostla d\u00fc\u015fman\u0131n yer de\u011fi\u015ftirdi\u011fi karanl\u0131k bir labirentin<span class=\"excerpt-hellip\"> [\u2026]<\/span><\/p>\n","protected":false},"featured_media":0,"template":"","meta":{"_monsterinsights_skip_tracking":false,"_monsterinsights_sitenote_active":false,"_monsterinsights_sitenote_note":"","_monsterinsights_sitenote_category":0},"product_brand":[],"product_cat":[12291,17033],"product_tag":[],"class_list":{"0":"post-785141","1":"product","2":"type-product","3":"status-publish","5":"product_cat-edebiyat","6":"product_cat-korku-gerilim","7":"pa_cilt-ciltsiz","8":"pa_tur-kitap","9":"pa_yayinevi-artemis-yayinlari","10":"pa_yazar-isil-isik","12":"first","13":"instock","14":"sale","15":"shipping-taxable","16":"purchasable","17":"product-type-simple"},"_links":{"self":[{"href":"https:\/\/roveyayinevi.com.tr\/index.php\/wp-json\/wp\/v2\/product\/785141","targetHints":{"allow":["GET"]}}],"collection":[{"href":"https:\/\/roveyayinevi.com.tr\/index.php\/wp-json\/wp\/v2\/product"}],"about":[{"href":"https:\/\/roveyayinevi.com.tr\/index.php\/wp-json\/wp\/v2\/types\/product"}],"wp:attachment":[{"href":"https:\/\/roveyayinevi.com.tr\/index.php\/wp-json\/wp\/v2\/media?parent=785141"}],"wp:term":[{"taxonomy":"product_brand","embeddable":true,"href":"https:\/\/roveyayinevi.com.tr\/index.php\/wp-json\/wp\/v2\/product_brand?post=785141"},{"taxonomy":"product_cat","embeddable":true,"href":"https:\/\/roveyayinevi.com.tr\/index.php\/wp-json\/wp\/v2\/product_cat?post=785141"},{"taxonomy":"product_tag","embeddable":true,"href":"https:\/\/roveyayinevi.com.tr\/index.php\/wp-json\/wp\/v2\/product_tag?post=785141"}],"curies":[{"name":"wp","href":"https:\/\/api.w.org\/{rel}","templated":true}]}}