{"id":785139,"date":"2026-03-19T03:35:57","date_gmt":"2026-03-19T00:35:57","guid":{"rendered":"https:\/\/roveyayinevi.com.tr\/index.php\/urun\/kizima-dinini-sevdiriyorum\/"},"modified":"2026-04-15T03:48:47","modified_gmt":"2026-04-15T00:48:47","slug":"kizima-dinini-sevdiriyorum","status":"publish","type":"product","link":"https:\/\/roveyayinevi.com.tr\/index.php\/urun\/kizima-dinini-sevdiriyorum\/","title":{"rendered":"K\u0131z\u0131ma Dinini Sevdiriyorum"},"content":{"rendered":"<p>K\u0131zlar\u0131m\u0131z\u2026 Onlarla ilgili nice hayallerimiz, dualar\u0131m\u0131z ve beklentilerimiz vard\u0131r. Zarafetle y\u00fcr\u00fcs\u00fcn isteriz yollar\u0131nda; ama g\u00fcc\u00fcn\u00fc de bilsin. \u015eefkatiyle yaralar\u0131 sars\u0131n; ama haks\u0131zl\u0131k kar\u015f\u0131s\u0131nda dimdik dursun. Yeri gelsin sab\u0131rla beklesin, yeri gelsin bereket gibi dokundu\u011fu her yere g\u00fczellik kats\u0131n\u2026 Peki k\u0131z\u0131m\u0131za dinimizi nas\u0131l sevdirece\u011fiz? Onu bir t\u0131k kadar uza\u011f\u0131m\u0131zdaki kirli tuzaklardan nas\u0131l koruyaca\u011f\u0131z? \u0130nsan-\u0131 k\u00e2mil olma yolunda y\u00fcr\u00fcrken ona nas\u0131l rehberlik edece\u011fiz? \u0130nsan\u0131n de\u011feri yaln\u0131zca varl\u0131\u011f\u0131ndan de\u011fil, f\u0131trat\u0131nda ta\u015f\u0131d\u0131\u011f\u0131 cevherden gelir. Bu cevheri korumak, geli\u015ftirmek ve do\u011fru bir istikamete y\u00f6nlendirmek ise anne baban\u0131n en b\u00fcy\u00fck sorumlulu\u011fudur. Elinizdeki bu kitap, k\u0131z\u0131n\u0131zla g\u00fc\u00e7l\u00fc bir ba\u011f kurarak dininizi sevdirmenin ve \u00f6\u011fretmenin yollar\u0131n\u0131; somut \u00f6neriler ve pratik tavsiyelerle sunuyor. Bu yolculukta evlad\u0131na rehber olmak isteyen t\u00fcm anne babalar i\u00e7in\u2026<\/p>\n","protected":false},"excerpt":{"rendered":"<p>K\u0131zlar\u0131m\u0131z\u2026 Onlarla ilgili nice hayallerimiz, dualar\u0131m\u0131z ve beklentilerimiz vard\u0131r. Zarafetle y\u00fcr\u00fcs\u00fcn isteriz yollar\u0131nda; ama g\u00fcc\u00fcn\u00fc de bilsin. \u015eefkatiyle yaralar\u0131 sars\u0131n; ama haks\u0131zl\u0131k kar\u015f\u0131s\u0131nda dimdik dursun. Yeri<span class=\"excerpt-hellip\"> [\u2026]<\/span><\/p>\n","protected":false},"featured_media":0,"template":"","meta":{"_monsterinsights_skip_tracking":false,"_monsterinsights_sitenote_active":false,"_monsterinsights_sitenote_note":"","_monsterinsights_sitenote_category":0},"product_brand":[],"product_cat":[12274,18802],"product_tag":[],"class_list":{"0":"post-785139","1":"product","2":"type-product","3":"status-publish","5":"product_cat-cocuk-ve-genclik-kitaplari","6":"product_cat-din-egitimi","7":"pa_cilt-ciltsiz","8":"pa_tur-kitap","9":"pa_yayinevi-mihenk-kitap","10":"pa_yazar-mine-izgi","12":"first","13":"instock","14":"sale","15":"shipping-taxable","16":"purchasable","17":"product-type-simple"},"_links":{"self":[{"href":"https:\/\/roveyayinevi.com.tr\/index.php\/wp-json\/wp\/v2\/product\/785139","targetHints":{"allow":["GET"]}}],"collection":[{"href":"https:\/\/roveyayinevi.com.tr\/index.php\/wp-json\/wp\/v2\/product"}],"about":[{"href":"https:\/\/roveyayinevi.com.tr\/index.php\/wp-json\/wp\/v2\/types\/product"}],"wp:attachment":[{"href":"https:\/\/roveyayinevi.com.tr\/index.php\/wp-json\/wp\/v2\/media?parent=785139"}],"wp:term":[{"taxonomy":"product_brand","embeddable":true,"href":"https:\/\/roveyayinevi.com.tr\/index.php\/wp-json\/wp\/v2\/product_brand?post=785139"},{"taxonomy":"product_cat","embeddable":true,"href":"https:\/\/roveyayinevi.com.tr\/index.php\/wp-json\/wp\/v2\/product_cat?post=785139"},{"taxonomy":"product_tag","embeddable":true,"href":"https:\/\/roveyayinevi.com.tr\/index.php\/wp-json\/wp\/v2\/product_tag?post=785139"}],"curies":[{"name":"wp","href":"https:\/\/api.w.org\/{rel}","templated":true}]}}