{"id":785133,"date":"2026-03-19T03:35:48","date_gmt":"2026-03-19T00:35:48","guid":{"rendered":"https:\/\/roveyayinevi.com.tr\/index.php\/urun\/heideggerin-kulubesine-yolculuk\/"},"modified":"2026-04-15T03:48:47","modified_gmt":"2026-04-15T00:48:47","slug":"heideggerin-kulubesine-yolculuk","status":"publish","type":"product","link":"https:\/\/roveyayinevi.com.tr\/index.php\/urun\/heideggerin-kulubesine-yolculuk\/","title":{"rendered":"Heidegger\u2019in Kul\u00fcbesine Yolculuk"},"content":{"rendered":"<p>Oturma ve yer \u00fczerine yaz\u0131lar\u0131 ile Heidegger\u2019in \u00e7al\u0131\u015fmalar\u0131 20. y\u00fczy\u0131l\u0131n ikinci yar\u0131s\u0131nda sadece filozoflar ve felsefe \u00f6\u011frencileri i\u00e7in de\u011fil, birtak\u0131m mimarlar ve mimar yazarlar i\u00e7in de \u00f6nemli h\u00e2le gelmi\u015ftir. Heidegger\u2019in \u00e7al\u0131\u015fmalar\u0131nda yer (kul\u00fcbe) ve d\u00fc\u015f\u00fcnme \u015fekli aras\u0131nda kar\u015f\u0131l\u0131kl\u0131 etkile\u015fimin ger\u00e7ekle\u015fti\u011fi \u00f6zsel bir ba\u011f vard\u0131r ve Sharr bu ba\u011f\u0131n, art\u0131k izi s\u00fcr\u00fclemez olan baz\u0131 d\u00fc\u015f\u00fcnsel patikalar\u0131n\u0131 Heidegger i\u00e7in a\u00e7m\u0131\u015f olabilece\u011finin fark\u0131ndad\u0131r. Bu anlamda Heidegger\u2019in Todtnauberg\u2019deki kul\u00fcbesi, mimari oldu\u011fu kadar felsefi de bir olayd\u0131r.Bu kitap bir kul\u00fcbenin \u015fu ana kadar yap\u0131lm\u0131\u015f en titiz mimari \u201cele\u015ftirisi\u201d olmakla birlikte; Heidegger\u2019in ge\u00e7 d\u00f6nem 20. y\u00fczy\u0131l mimari teorisi i\u00e7in mihenk ta\u015f\u0131na d\u00f6n\u00fc\u015fm\u00fc\u015f fenomenolojik metinleri yazd\u0131\u011f\u0131 yer oldu\u011funun da t\u00fcm y\u00f6nleriyle ortaya serilmesidir. Ancak Sharr, kendi \u00e7al\u0131\u015fmas\u0131n\u0131 bir filozof olarak de\u011fil, bir mimar olarak ger\u00e7ekle\u015ftirdi\u011fini \u00f6zellikle belirtir.Bu kitap; mimarlar\u0131 felsefe taraf\u0131ndan filozoflar\u0131 da mimarl\u0131k taraf\u0131ndan y\u00f6nlendirilmi\u015f olarak d\u00fc\u015f\u00fcnmeye davet eder.Ya da daha do\u011frusu bu eser; d\u00fc\u015f\u00fcnme, mek\u00e2n, yer ve bir kul\u00fcbe \u00fczerine d\u00fc\u015f\u00fcnmek isteyen herkesin okumas\u0131 i\u00e7indir.<\/p>\n","protected":false},"excerpt":{"rendered":"<p>Oturma ve yer \u00fczerine yaz\u0131lar\u0131 ile Heidegger\u2019in \u00e7al\u0131\u015fmalar\u0131 20. y\u00fczy\u0131l\u0131n ikinci yar\u0131s\u0131nda sadece filozoflar ve felsefe \u00f6\u011frencileri i\u00e7in de\u011fil, birtak\u0131m mimarlar ve mimar yazarlar i\u00e7in de<span class=\"excerpt-hellip\"> [\u2026]<\/span><\/p>\n","protected":false},"featured_media":0,"template":"","meta":{"_monsterinsights_skip_tracking":false,"_monsterinsights_sitenote_active":false,"_monsterinsights_sitenote_note":"","_monsterinsights_sitenote_category":0},"product_brand":[],"product_cat":[12388,13555],"product_tag":[],"class_list":{"0":"post-785133","1":"product","2":"type-product","3":"status-publish","5":"product_cat-felsefe","6":"product_cat-genel-felsefe","7":"pa_cilt-ciltsiz","8":"pa_tur-kitap","9":"pa_yayinevi-insan-yayinlari","10":"pa_yazar-ibrahim-kalin","12":"first","13":"instock","14":"sale","15":"shipping-taxable","16":"purchasable","17":"product-type-simple"},"_links":{"self":[{"href":"https:\/\/roveyayinevi.com.tr\/index.php\/wp-json\/wp\/v2\/product\/785133","targetHints":{"allow":["GET"]}}],"collection":[{"href":"https:\/\/roveyayinevi.com.tr\/index.php\/wp-json\/wp\/v2\/product"}],"about":[{"href":"https:\/\/roveyayinevi.com.tr\/index.php\/wp-json\/wp\/v2\/types\/product"}],"wp:attachment":[{"href":"https:\/\/roveyayinevi.com.tr\/index.php\/wp-json\/wp\/v2\/media?parent=785133"}],"wp:term":[{"taxonomy":"product_brand","embeddable":true,"href":"https:\/\/roveyayinevi.com.tr\/index.php\/wp-json\/wp\/v2\/product_brand?post=785133"},{"taxonomy":"product_cat","embeddable":true,"href":"https:\/\/roveyayinevi.com.tr\/index.php\/wp-json\/wp\/v2\/product_cat?post=785133"},{"taxonomy":"product_tag","embeddable":true,"href":"https:\/\/roveyayinevi.com.tr\/index.php\/wp-json\/wp\/v2\/product_tag?post=785133"}],"curies":[{"name":"wp","href":"https:\/\/api.w.org\/{rel}","templated":true}]}}