{"id":785130,"date":"2026-03-19T03:35:43","date_gmt":"2026-03-19T00:35:43","guid":{"rendered":"https:\/\/roveyayinevi.com.tr\/index.php\/urun\/insan-harcama-sanati\/"},"modified":"2026-04-15T03:48:44","modified_gmt":"2026-04-15T00:48:44","slug":"insan-harcama-sanati","status":"publish","type":"product","link":"https:\/\/roveyayinevi.com.tr\/index.php\/urun\/insan-harcama-sanati\/","title":{"rendered":"\u0130nsan Harcama Sanat\u0131"},"content":{"rendered":"<p>Zaman \u00f6nce yorar, Sonra ac\u0131t\u0131r, B\u0131rak\u0131r ve\u2026 Y\u0131kar Zaman sarar\u2026   \u0130nsan, en \u00e7ok de\u011fer verdi\u011fini en kolay harcayabilen tek canl\u0131 belki de\u2026 Peki ger\u00e7ekten kim kimi t\u00fcketiyor? Biz mi insanlar\u0131, yoksa harcad\u0131\u011f\u0131m\u0131z insanlar m\u0131 bizi bitiriyor? \u201c\u0130nsan Harcama Sanat\u0131\u201d, modern ili\u015fkilerin g\u00f6r\u00fcnmeyen yaralar\u0131n\u0131, dostluklar\u0131n g\u00f6lgesinde saklanan hesaplar\u0131, sevginin en savunmas\u0131z h\u00e2lini anlat\u0131yor. Bazen bir \u201cmerhaba\u201d kadar hafif ba\u015flayan ili\u015fkilerin, bir \u201cho\u015f\u00e7akal\u201d ile nas\u0131l a\u011f\u0131rla\u015ft\u0131\u011f\u0131n\u0131 y\u00fcz\u00fcm\u00fcze vuruyor. Birini silmek, art\u0131k bir tu\u015fa basmak kadar kolay\u2026 Peki ya vicdan? Peki ya geride kalan sessizlik? Bu kitap; terk edili\u015flerin, yok say\u0131l\u0131\u015flar\u0131n, sessiz vedalar\u0131n anatomisini \u00e7iziyor. Harcanan insanlar\u0131n asl\u0131nda nas\u0131l yeniden do\u011fdu\u011funu, g\u00fc\u00e7lenip kendine d\u00f6nd\u00fc\u011f\u00fcn\u00fc ve en \u00e7ok da \u201ckendini harcamamay\u0131\u201d \u00f6\u011frendi\u011fini g\u00f6steriyor. \u201cBelki de as\u0131l mesele, kimi harcad\u0131\u011f\u0131m\u0131z de\u011fil, kim i\u00e7in kendimizi t\u00fcketti\u011fimizdir\u2026\u201d<\/p>\n","protected":false},"excerpt":{"rendered":"<p>Zaman \u00f6nce yorar, Sonra ac\u0131t\u0131r, B\u0131rak\u0131r ve\u2026 Y\u0131kar Zaman sarar\u2026 \u0130nsan, en \u00e7ok de\u011fer verdi\u011fini en kolay harcayabilen tek canl\u0131 belki de\u2026 Peki ger\u00e7ekten kim kimi<span class=\"excerpt-hellip\"> [\u2026]<\/span><\/p>\n","protected":false},"featured_media":0,"template":"","meta":{"_monsterinsights_skip_tracking":false,"_monsterinsights_sitenote_active":false,"_monsterinsights_sitenote_note":"","_monsterinsights_sitenote_category":0},"product_brand":[],"product_cat":[12291,12711],"product_tag":[],"class_list":{"0":"post-785130","1":"product","2":"type-product","3":"status-publish","5":"product_cat-edebiyat","6":"product_cat-roman-oyku","7":"pa_cilt-ciltsiz","8":"pa_tur-kitap","9":"pa_yayinevi-defne-yayinevi","10":"pa_yazar-solmaz-gizem-guven","12":"first","13":"instock","14":"sale","15":"shipping-taxable","16":"purchasable","17":"product-type-simple"},"_links":{"self":[{"href":"https:\/\/roveyayinevi.com.tr\/index.php\/wp-json\/wp\/v2\/product\/785130","targetHints":{"allow":["GET"]}}],"collection":[{"href":"https:\/\/roveyayinevi.com.tr\/index.php\/wp-json\/wp\/v2\/product"}],"about":[{"href":"https:\/\/roveyayinevi.com.tr\/index.php\/wp-json\/wp\/v2\/types\/product"}],"wp:attachment":[{"href":"https:\/\/roveyayinevi.com.tr\/index.php\/wp-json\/wp\/v2\/media?parent=785130"}],"wp:term":[{"taxonomy":"product_brand","embeddable":true,"href":"https:\/\/roveyayinevi.com.tr\/index.php\/wp-json\/wp\/v2\/product_brand?post=785130"},{"taxonomy":"product_cat","embeddable":true,"href":"https:\/\/roveyayinevi.com.tr\/index.php\/wp-json\/wp\/v2\/product_cat?post=785130"},{"taxonomy":"product_tag","embeddable":true,"href":"https:\/\/roveyayinevi.com.tr\/index.php\/wp-json\/wp\/v2\/product_tag?post=785130"}],"curies":[{"name":"wp","href":"https:\/\/api.w.org\/{rel}","templated":true}]}}