{"id":785123,"date":"2026-03-19T03:35:31","date_gmt":"2026-03-19T00:35:31","guid":{"rendered":"https:\/\/roveyayinevi.com.tr\/index.php\/urun\/rahman-suresi-2cennetin-cesitleri-46-78-ayetler\/"},"modified":"2026-04-15T03:48:42","modified_gmt":"2026-04-15T00:48:42","slug":"rahman-suresi-2cennetin-cesitleri-46-78-ayetler","status":"publish","type":"product","link":"https:\/\/roveyayinevi.com.tr\/index.php\/urun\/rahman-suresi-2cennetin-cesitleri-46-78-ayetler\/","title":{"rendered":"Rahman Suresi 2;Cennetin \u00c7e\u015fitleri  (46. -78. \u00c2yetler)"},"content":{"rendered":"<p>Cen\u00e2b-\u0131 Hak: \u201cAllah Kur\u2019\u00e2n\u2019\u0131 t\u00e2lim etti, sonra insan\u0131 halketti ve sonra da ona bunun beyan\u0131n\u0131 ve a\u00e7\u0131klamas\u0131n\u0131 yapt\u0131.\u201d (Rahm\u00e2n, 1-4) buyuruyor. Demek oluyor ki ruhlara Kur\u2019\u00e2n\u2019\u0131n t\u00e2limi, insan\u0131n yarat\u0131l\u0131\u015f\u0131ndan evveldir. \u0130\u015fte bunun i\u00e7in de \u00c2dem\u2019de olan tecell\u00ee, hi\u00e7bir yarat\u0131lm\u0131\u015fta yoktur. \u00c7\u00fcnk\u00fc \u00c2dem: \u201cBiz, hak\u00eekaten insano\u011flunu \u015ferefli k\u0131ld\u0131k.\u201d (\u0130sr\u00e2, 70) s\u0131rr\u0131na mazhar olmu\u015f ve o \u00c2dem, Rahm\u00e2n s\u00fbreti u\u0308zere halkolunmu\u015ftur.*Cen\u00e2b-\u0131 Hak, insana l\u00fctfetti\u011fi b\u00fct\u00fcn nimetleri sayd\u0131\u011f\u0131 bu S\u00fbrede, \u201cRabbinizin hangi nimetini yalanlayabilirsiniz\u201d ayetini otuz bir kere tekrar ederek her an \u015f\u00fckretmemiz gerekti\u011fini bize hat\u0131rlat\u0131yor. \u201cBu \u00e2yet otuz bir defa tekrar edildi. Cenab-\u0131 Hak bunlar\u0131n sekizini, i\u00e7inde mahl\u00fbk\u00e2t\u0131n acaib hallerinin, sanat\u0131n\u0131n inceliklerinin, mahl\u00fbk\u00e2t\u0131n\u0131n ba\u015flang\u0131\u00e7 ve sonlar\u0131n\u0131n belirtildigi \u00e2yetlerden sonra zikretti. Yedisini, cehennemin yedi kap\u0131s\u0131na kar\u015f\u0131l\u0131k, i\u00e7inde cehennem ve cehennemin zorluklar\u0131n\u0131n belirtildi\u011fi \u00e2yetlerden sonra getirdi. Bunlar\u0131n azap \u00e2yetlerinden sonra getirilmesi m\u00fcnasip oldu. \u00c7\u00fcnk\u00fc bunlardan korkup korunmak, an\u0131lan nimetlere denk nimetlerdir. Yahut da cehennem s\u0131k\u0131nt\u0131lar\u0131n\u0131n d\u00fc\u015fmanlar\u0131n ba\u015f\u0131na gelmesi, nimetlerin en b\u00fcy\u00fcklerindendir. Bu yediden sonra, cennetin sekiz kap\u0131s\u0131na kar\u015f\u0131l\u0131k olarak cennet ve cennetliklere dair sekizini, daha sonra da bunlardan ba\u015fka iki cennetle ilgili olarak sekizini zikretti. \u0130lk sekizine kim itikad eder, gere\u011fince amelde bulunursa her iki sekizde vaadedilen nimetleri hak eder. Allah onu yedi \u00e2yette ge\u00e7en cehennem s\u0131k\u0131nt\u0131lar\u0131ndan korur.**\u201d* Ken\u2019an Rif\u00e2\u00ee, Sohbetler, Kubbealt\u0131 Yay\u0131nevi, \u0130stanbul, 2000, s. 527-528.** \u0130smail Hakk\u0131 Bursevi, Ruh\u00fc\u2019l Beyan Tefsiri, Damla Yay\u0131nevi, \u0130stanbul, 2012, c.8, s.398-399.<\/p>\n","protected":false},"excerpt":{"rendered":"<p>Cen\u00e2b-\u0131 Hak: \u201cAllah Kur\u2019\u00e2n\u2019\u0131 t\u00e2lim etti, sonra insan\u0131 halketti ve sonra da ona bunun beyan\u0131n\u0131 ve a\u00e7\u0131klamas\u0131n\u0131 yapt\u0131.\u201d (Rahm\u00e2n, 1-4) buyuruyor. Demek oluyor ki ruhlara Kur\u2019\u00e2n\u2019\u0131n<span class=\"excerpt-hellip\"> [\u2026]<\/span><\/p>\n","protected":false},"featured_media":0,"template":"","meta":{"_monsterinsights_skip_tracking":false,"_monsterinsights_sitenote_active":false,"_monsterinsights_sitenote_note":"","_monsterinsights_sitenote_category":0},"product_brand":[],"product_cat":[12718,12719,17284],"product_tag":[],"class_list":{"0":"post-785123","1":"product","2":"type-product","3":"status-publish","5":"product_cat-din","6":"product_cat-islam","7":"product_cat-kuran-ve-kuran-uzerine","8":"pa_cilt-ciltsiz","9":"pa_tur-kitap","10":"pa_yayinevi-nefes-yayincilik","11":"pa_yazar-kolektif","13":"first","14":"instock","15":"sale","16":"shipping-taxable","17":"purchasable","18":"product-type-simple"},"_links":{"self":[{"href":"https:\/\/roveyayinevi.com.tr\/index.php\/wp-json\/wp\/v2\/product\/785123","targetHints":{"allow":["GET"]}}],"collection":[{"href":"https:\/\/roveyayinevi.com.tr\/index.php\/wp-json\/wp\/v2\/product"}],"about":[{"href":"https:\/\/roveyayinevi.com.tr\/index.php\/wp-json\/wp\/v2\/types\/product"}],"wp:attachment":[{"href":"https:\/\/roveyayinevi.com.tr\/index.php\/wp-json\/wp\/v2\/media?parent=785123"}],"wp:term":[{"taxonomy":"product_brand","embeddable":true,"href":"https:\/\/roveyayinevi.com.tr\/index.php\/wp-json\/wp\/v2\/product_brand?post=785123"},{"taxonomy":"product_cat","embeddable":true,"href":"https:\/\/roveyayinevi.com.tr\/index.php\/wp-json\/wp\/v2\/product_cat?post=785123"},{"taxonomy":"product_tag","embeddable":true,"href":"https:\/\/roveyayinevi.com.tr\/index.php\/wp-json\/wp\/v2\/product_tag?post=785123"}],"curies":[{"name":"wp","href":"https:\/\/api.w.org\/{rel}","templated":true}]}}