{"id":785122,"date":"2026-03-19T03:35:11","date_gmt":"2026-03-19T00:35:11","guid":{"rendered":"https:\/\/roveyayinevi.com.tr\/index.php\/urun\/cinsiyet-neden-onemlidir\/"},"modified":"2026-04-15T03:48:41","modified_gmt":"2026-04-15T00:48:41","slug":"cinsiyet-neden-onemlidir","status":"publish","type":"product","link":"https:\/\/roveyayinevi.com.tr\/index.php\/urun\/cinsiyet-neden-onemlidir\/","title":{"rendered":"Cinsiyet Neden \u00d6nemlidir?"},"content":{"rendered":"<p>K\u0131zlar ve erkekler ger\u00e7ekten bu kadar farkl\u0131 m\u0131? Yirmi y\u0131l \u00f6nce uzmanlar bu farklar\u0131n b\u00fcy\u00fck \u00f6l\u00e7\u00fcde \u00e7evresel etkenlerden kaynakland\u0131\u011f\u0131n\u0131 d\u00fc\u015f\u00fcn\u00fcyordu. Oysa son y\u0131llarda yap\u0131lan ara\u015ft\u0131rmalar, cinsiyet farkl\u0131l\u0131klar\u0131n\u0131n biyolojik temellere dayand\u0131\u011f\u0131n\u0131 ve \u00e7ocuklar\u0131n d\u00fc\u015f\u00fcnme, hissetme ve davranma bi\u00e7imlerini derinden etkiledi\u011fini ortaya koyuyor. Cinsiyet Neden \u00d6nemlidir? kitab\u0131nda psikolog ve aile hekimi Dr. Leonard Sax, k\u0131z ve erkek \u00e7ocuklar\u0131n\u0131n d\u00fcnyay\u0131 nas\u0131l farkl\u0131 alg\u0131lad\u0131klar\u0131n\u0131 bilimsel verilerle a\u00e7\u0131kl\u0131yor. Disiplin, \u00f6\u011frenme, risk alma, duygular ve ergenlik gibi konular\u0131 ele alarak ebeveynlere ve e\u011fitimcilere yol g\u00f6steriyor. Bu kitap, \u00e7ocuklar\u0131 yeti\u015ftirirken cinsiyet farkl\u0131l\u0131klar\u0131n\u0131 g\u00f6rmezden gelmek yerine, onlar\u0131 anlayarak daha sa\u011fl\u0131kl\u0131 ve etkili bir yakla\u015f\u0131m geli\u015ftirmenin m\u00fcmk\u00fcn oldu\u011funu g\u00f6steriyor.<\/p>\n","protected":false},"excerpt":{"rendered":"<p>K\u0131zlar ve erkekler ger\u00e7ekten bu kadar farkl\u0131 m\u0131? Yirmi y\u0131l \u00f6nce uzmanlar bu farklar\u0131n b\u00fcy\u00fck \u00f6l\u00e7\u00fcde \u00e7evresel etkenlerden kaynakland\u0131\u011f\u0131n\u0131 d\u00fc\u015f\u00fcn\u00fcyordu. Oysa son y\u0131llarda yap\u0131lan ara\u015ft\u0131rmalar, cinsiyet<span class=\"excerpt-hellip\"> [\u2026]<\/span><\/p>\n","protected":false},"featured_media":0,"template":"","meta":{"_monsterinsights_skip_tracking":false,"_monsterinsights_sitenote_active":false,"_monsterinsights_sitenote_note":"","_monsterinsights_sitenote_category":0},"product_brand":[],"product_cat":[12679,12357],"product_tag":[],"class_list":{"0":"post-785122","1":"product","2":"type-product","3":"status-publish","5":"product_cat-cocuk-psikolojisi","6":"product_cat-psikoloji","7":"pa_cilt-ciltsiz","8":"pa_tur-kitap","9":"pa_yayinevi-yediveren-yayinlari","10":"pa_yazar-leonard-sax","12":"first","13":"instock","14":"sale","15":"shipping-taxable","16":"purchasable","17":"product-type-simple"},"_links":{"self":[{"href":"https:\/\/roveyayinevi.com.tr\/index.php\/wp-json\/wp\/v2\/product\/785122","targetHints":{"allow":["GET"]}}],"collection":[{"href":"https:\/\/roveyayinevi.com.tr\/index.php\/wp-json\/wp\/v2\/product"}],"about":[{"href":"https:\/\/roveyayinevi.com.tr\/index.php\/wp-json\/wp\/v2\/types\/product"}],"wp:attachment":[{"href":"https:\/\/roveyayinevi.com.tr\/index.php\/wp-json\/wp\/v2\/media?parent=785122"}],"wp:term":[{"taxonomy":"product_brand","embeddable":true,"href":"https:\/\/roveyayinevi.com.tr\/index.php\/wp-json\/wp\/v2\/product_brand?post=785122"},{"taxonomy":"product_cat","embeddable":true,"href":"https:\/\/roveyayinevi.com.tr\/index.php\/wp-json\/wp\/v2\/product_cat?post=785122"},{"taxonomy":"product_tag","embeddable":true,"href":"https:\/\/roveyayinevi.com.tr\/index.php\/wp-json\/wp\/v2\/product_tag?post=785122"}],"curies":[{"name":"wp","href":"https:\/\/api.w.org\/{rel}","templated":true}]}}